{"id":4286,"date":"2026-02-12T10:36:55","date_gmt":"2026-02-12T10:36:55","guid":{"rendered":"https:\/\/sdgloballaser.com\/?post_type=product&#038;p=4286"},"modified":"2026-03-03T10:47:07","modified_gmt":"2026-03-03T10:47:07","slug":"200w-pulsed-laser-cleaning-machine","status":"publish","type":"product","link":"https:\/\/sdgloballaser.com\/fr\/product\/200w-pulsed-laser-cleaning-machine\/","title":{"rendered":"Machine de nettoyage laser puls\u00e9e de 200 W | Syst\u00e8me portable refroidi par air | GlobalLaser"},"content":{"rendered":"<p>&nbsp;<\/p>\n<div style=\"font-family: 'Segoe UI', Roboto, Helvetica, Arial, sans-serif; max-width: 100%; margin: 0; padding: 0; color: #111827; box-sizing: border-box; background-color: #f9fafb;\">\n<div style=\"background-color: #001354; padding: 80px 20px; text-align: center; color: #ffffff;\">\n<div style=\"max-width: 1200px; margin: 0 auto; display: flex; flex-wrap: wrap; gap: 50px; align-items: center; text-align: left;\">\n<div style=\"flex: 1 1 50%; min-width: 300px;\">\n<div style=\"display: inline-block; border: 1px solid #D43804; color: #d43804; padding: 6px 16px; font-size: 13px; font-weight: 800; text-transform: uppercase; letter-spacing: 2px; border-radius: 4px; margin-bottom: 20px;\">Puls\u00e9 de pr\u00e9cision \u2022 Refroidi par air<\/div>\n<h2 style=\"font-size: 46px; font-weight: 900; line-height: 1.1; margin-bottom: 24px; color: #ffffff; letter-spacing: -1px;\">Laser puls\u00e9 200W<br \/>\nMachine de nettoyage<\/h2>\n<p style=\"font-size: 18px; color: #9ca3af; line-height: 1.7; margin-bottom: 30px;\">L'industrie lourde n\u00e9cessite une force brute ; la fabrication de grande valeur n\u00e9cessite une pr\u00e9cision chirurgicale Le GL-PL200 utilise des impulsions laser courtes et \u00e0 haute \u00e9nergie pour \u00e9vaporer instantan\u00e9ment les contaminants Parce que les impulsions laser ne durent que des nanosecondes, il n'y a aucune accumulation thermique, ce qui garantit que vos moules, pi\u00e8ces de moteur et composants critiques co\u00fbteux restent structurellement inchang\u00e9s.<\/p>\n<ul style=\"font-size: 16px; color: #d1d5db; line-height: 1.6; padding-left: 20px; margin-bottom: 40px;\">\n<li style=\"margin-bottom: 10px;\"><strong>Z\u00e9ro dommage \u00e0 la base :<\/strong> 1001TP3 T non destructif Moules polis et alliages d\u00e9licats nettoy\u00e9s en toute s\u00e9curit\u00e9.<\/li>\n<li style=\"margin-bottom: 10px;\"><strong>Portabilit\u00e9 refroidie par air :<\/strong> Pas de refroidisseurs d'eau lourde Int\u00e9gr\u00e9 dans un ch\u00e2ssis \u00e0 bagages compact pour la mobilit\u00e9 sur site.<\/li>\n<li><strong>Fa\u00e7onnage de faisceau polyvalent :<\/strong> Modes de nettoyage multiples (lin\u00e9aire, spiral\u00e9, circulaire) pour des g\u00e9om\u00e9tries complexes.<\/li>\n<\/ul>\n<p><a style=\"display: inline-block; background-color: #d43804; color: #ffffff; padding: 18px 45px; font-size: 18px; font-weight: 800; text-decoration: none; border-radius: 4px; transition: background-color 0.3s; box-shadow: 0 4px 15px rgba(212, 56, 4, 0.4);\" href=\"#quote\">Demandez un devis de nettoyage de pr\u00e9cision<br \/>\n<\/a><\/p>\n<\/div>\n<div style=\"flex: 1 1 40%; min-width: 300px;\">\n<div style=\"background-color: rgba(255,255,255,0.05); border: 1px solid rgba(255,255,255,0.1); border-radius: 12px; display: flex; align-items: center; justify-content: center; text-align: center; padding: 20px; box-shadow: 0 25px 50px -12px rgba(0,0,0,0.5);\">\n<p><img loading=\"lazy\" decoding=\"async\" class=\"\" src=\"http:\/\/sdgloballaser.com\/wp-content\/uploads\/2026\/02\/LASER-CLEARN.jpg\" alt=\"Machine de nettoyage laser puls\u00e9e de 200 W | Syst\u00e8me portable refroidi par air | GlobalLaser\" width=\"457\" height=\"263\" \/><\/p>\n<\/div>\n<\/div>\n<\/div>\n<\/div>\n<div style=\"max-width: 1200px; margin: 80px auto; padding: 0 20px;\">\n<div style=\"text-align: center; margin-bottom: 50px;\">\n<h3 style=\"font-size: 32px; font-weight: 800; color: #111827; margin-bottom: 16px;\">Con\u00e7u pour les actifs de grande valeur<\/h3>\n<p style=\"font-size: 18px; color: #4b5563; max-width: 700px; margin: 0 auto;\">Lorsque vous nettoyez un moule $50 000 ou un composant de moteur d'avion, vous ne pouvez pas faire de compromis sur le contr\u00f4le thermique.<\/p>\n<\/div>\n<div style=\"display: flex; flex-wrap: wrap; gap: 30px;\">\n<div style=\"flex: 1 1 calc(33.333% - 30px); min-width: 250px; background: #ffffff; padding: 40px 30px; border-radius: 8px; border-top: 4px solid #D43804; box-shadow: 0 10px 15px rgba(212, 56, 4, 0.08);\">\n<h4 style=\"font-size: 22px; font-weight: 800; margin-bottom: 15px; color: #d43804;\">Moules et outils d'injection<\/h4>\n<p style=\"color: #4b5563; line-height: 1.6;\">\u00c9liminez en toute s\u00e9curit\u00e9 les r\u00e9sidus de caoutchouc, les agents de d\u00e9moulage et l'oxydation des moules polis par miroir sans affecter la pr\u00e9cision dimensionnelle.<\/p>\n<\/div>\n<div style=\"flex: 1 1 calc(33.333% - 30px); min-width: 250px; background: #ffffff; padding: 40px 30px; border-radius: 8px; border-top: 4px solid #001354; box-shadow: 0 4px 6px rgba(0,0,0,0.05);\">\n<h4 style=\"font-size: 22px; font-weight: 800; margin-bottom: 15px; color: #001354;\">Pi\u00e8ces a\u00e9ronautiques et automobiles<\/h4>\n<p style=\"color: #4b5563; line-height: 1.6;\">Nettoyer les blocs moteurs, les composants de frein et les alliages d'aluminium Pr\u00e9parer les surfaces pour les inspections critiques de CND (essais non destructifs).<\/p>\n<\/div>\n<div style=\"flex: 1 1 calc(33.333% - 30px); min-width: 250px; background: #ffffff; padding: 40px 30px; border-radius: 8px; border-top: 4px solid #001354; box-shadow: 0 4px 6px rgba(0,0,0,0.05);\">\n<h4 style=\"font-size: 22px; font-weight: 800; margin-bottom: 15px; color: #001354;\">Restauration &amp; Patrimoine<\/h4>\n<p style=\"color: #4b5563; line-height: 1.6;\">\u00c9liminez d\u00e9licatement des si\u00e8cles de suie et de corrosion des artefacts historiques, des pierres et des sculptures sans abrasion.<\/p>\n<\/div>\n<\/div>\n<\/div>\n<div style=\"max-width: 1000px; margin: 0 auto 80px auto; padding: 0 20px;\">\n<div style=\"background-color: #ffffff; padding: 50px; border-radius: 8px; border: 1px solid #E5E7EB; box-shadow: 0 10px 25px -5px rgba(0,0,0,0.05);\">\n<h3 style=\"font-size: 28px; font-weight: 800; margin-bottom: 30px; text-align: center; color: #001354;\">Sp\u00e9cifications Syst\u00e8me<\/h3>\n<table style=\"width: 100%; border-collapse: collapse; text-align: left;\">\n<tbody>\n<tr style=\"border-bottom: 1px solid #E5E7EB;\">\n<th style=\"padding: 16px; background-color: #f9fafb; width: 40%; font-weight: bold; color: #374151;\">Puissance laser<\/th>\n<td style=\"padding: 16px; color: #d43804; font-weight: bold;\">200 W<\/td>\n<\/tr>\n<tr style=\"border-bottom: 1px solid #E5E7EB;\">\n<th style=\"padding: 16px; background-color: #f9fafb; font-weight: 600; color: #374151;\">Type laser<\/th>\n<td style=\"padding: 16px; color: #111827; font-weight: bold;\">Fibre puls\u00e9e (impulsions nanosecondes)<\/td>\n<\/tr>\n<tr style=\"border-bottom: 1px solid #E5E7EB;\">\n<th style=\"padding: 16px; background-color: #f9fafb; font-weight: 600; color: #374151;\">M\u00e9thode de refroidissement<\/th>\n<td style=\"padding: 16px; color: #111827;\">Refroidi par air (entretien z\u00e9ro)<\/td>\n<\/tr>\n<tr style=\"border-bottom: 1px solid #E5E7EB;\">\n<th style=\"padding: 16px; background-color: #f9fafb; font-weight: 600; color: #374151;\">Facteur de forme<\/th>\n<td style=\"padding: 16px; color: #111827;\">Conception de bagages portables\/chariot<\/td>\n<\/tr>\n<tr>\n<th style=\"padding: 16px; background-color: #f9fafb; font-weight: 600; color: #374151;\">Taux de dommages au substrat<\/th>\n<td style=\"padding: 16px; color: #111827;\">0% (Lorsqu'il est configur\u00e9 correctement)<\/td>\n<\/tr>\n<\/tbody>\n<\/table>\n<\/div>\n<\/div>\n<div id=\"quote\" style=\"background-color: #001354; color: #ffffff; text-align: center; padding: 80px 20px;\">\n<div style=\"max-width: 800px; margin: 0 auto;\">\n<h2 style=\"font-size: 36px; font-weight: 900; margin-bottom: 20px; color: #ffffff; letter-spacing: -0.5px;\">N\u00e9cessite une pr\u00e9cision absolue?<\/h2>\n<p style=\"font-size: 18px; color: #9ca3af; margin-bottom: 40px; line-height: 1.6;\">Ne risquez pas un moule $50,000 sur le mauvais \u00e9quipement Envoyez-nous une pi\u00e8ce de rebut de votre outillage critique Nos ing\u00e9nieurs effectueront un test de nettoyage puls\u00e9 non destructif et le retourneront pour votre inspection microscopique.<\/p>\n<p><a style=\"display: inline-block; background-color: #d43804; color: #ffffff; padding: 20px 50px; font-size: 22px; font-weight: 900; text-decoration: none; border-radius: 4px; transition: transform 0.2s, box-shadow 0.2s; box-shadow: 0 10px 20px rgba(212, 56, 4, 0.4);\" href=\"\/fr\/contact\/\">Demandez un test de preuve de concept gratuit<br \/>\n<\/a><\/p>\n<\/div>\n<\/div>\n<\/div>\n<h2>Machine de nettoyage laser Param\u00e8tres complets<\/h2>\n<p><!-- \u8fd0\u884c\u73af\u5883\u53c2\u6570 --><\/p>\n<h3>Environnement d&#039;exploitation<\/h3>\n<div class=\"table-container\">\n<table>\n<thead>\n<tr>\n<th>Param\u00e8tre<\/th>\n<th>Sp\u00e9cification<\/th>\n<\/tr>\n<\/thead>\n<tbody>\n<tr>\n<td>Tension d&#039;alimentation<\/td>\n<td>Monophas\u00e9 220 V \u00b1 101 V, 50\/60 Hz CA (Personnalisable : 110 V, 50 Hz CA)<\/td>\n<\/tr>\n<tr>\n<td>Consommation \u00e9lectrique totale<\/td>\n<td>\u22641500W<\/td>\n<\/tr>\n<tr>\n<td>Temp\u00e9rature ambiante de fonctionnement<\/td>\n<td>5\u2103~40\u2103<\/td>\n<\/tr>\n<tr>\n<td>Humidit\u00e9 ambiante de fonctionnement<\/td>\n<td>\u226480%<\/td>\n<\/tr>\n<\/tbody>\n<\/table>\n<\/div>\n<p><!-- \u5149\u5b66\u53c2\u6570 --><\/p>\n<h3>Param\u00e8tres optiques<\/h3>\n<div class=\"table-container\">\n<table>\n<thead>\n<tr>\n<th>Param\u00e8tre<\/th>\n<th>Sp\u00e9cification<\/th>\n<\/tr>\n<\/thead>\n<tbody>\n<tr>\n<td>Puissance laser moyenne<\/td>\n<td>\u2265200W<\/td>\n<\/tr>\n<tr>\n<td>Stabilit\u00e9 de l&#039;alimentation<\/td>\n<td>&lt;5%<\/td>\n<\/tr>\n<tr>\n<td>Mode de fonctionnement du laser<\/td>\n<td>puls\u00e9<\/td>\n<\/tr>\n<tr>\n<td>largeur d&#039;impulsion<\/td>\n<td>2-500ns (ajustable)<\/td>\n<\/tr>\n<tr>\n<td>\u00c9nergie maximale \u00e0 impulsion unique<\/td>\n<td>5 mJ<\/td>\n<\/tr>\n<tr>\n<td>Plage de r\u00e9glage de la puissance<\/td>\n<td>0-100% (Rajustement progressif)<\/td>\n<\/tr>\n<tr>\n<td>Plage de r\u00e9glage de fr\u00e9quence<\/td>\n<td>1-4000 kHz (Rajustement progressif)<\/td>\n<\/tr>\n<tr>\n<td>Longueur de la fibre optique<\/td>\n<td>5 m<\/td>\n<\/tr>\n<tr>\n<td>M\u00e9thode de refroidissement<\/td>\n<td>Refroidi par air<\/td>\n<\/tr>\n<\/tbody>\n<\/table>\n<\/div>\n<p><!-- \u6e05\u6d17\u5934\u53c2\u6570 --><\/p>\n<h3>Param\u00e8tres de la t\u00eate de nettoyage<\/h3>\n<div class=\"table-container\">\n<table>\n<thead>\n<tr>\n<th>Param\u00e8tre<\/th>\n<th>Sp\u00e9cification<\/th>\n<\/tr>\n<\/thead>\n<tbody>\n<tr>\n<td>Plage de num\u00e9risation (L*W)<\/td>\n<td>0-145 mm (Continuously ajustable) ; Dual-axes supporte 9 modes de balayage<\/td>\n<\/tr>\n<tr>\n<td>Longueur focale de la lentille de champ<\/td>\n<td>210 mm (Optionnel : 160 mm\/254 mm\/330 mm\/420 mm)<\/td>\n<\/tr>\n<tr>\n<td>Profondeur de champ<\/td>\n<td>Environ 10 mm<\/td>\n<\/tr>\n<\/tbody>\n<\/table>\n<\/div>\n<p><!-- \u673a\u68b0\u53c2\u6570 --><\/p>\n<h3>Param\u00e8tres m\u00e9caniques<\/h3>\n<div class=\"table-container\">\n<table>\n<thead>\n<tr>\n<th>Param\u00e8tre<\/th>\n<th>Sp\u00e9cification<\/th>\n<\/tr>\n<\/thead>\n<tbody>\n<tr>\n<td>Dimensions globales de la machine (L*W*H)<\/td>\n<td>Environ 740 mm*360 mm*734 mm<\/td>\n<\/tr>\n<tr>\n<td>Dimensions apr\u00e8s emballage (L*W*H)<\/td>\n<td>Environ 800 mm*430 mm*890 mm<\/td>\n<\/tr>\n<tr>\n<td>Poids global de la machine<\/td>\n<td>Environ 52 kg<\/td>\n<\/tr>\n<tr>\n<td>Poids apr\u00e8s emballage<\/td>\n<td>Environ 67 kg<\/td>\n<\/tr>\n<tr>\n<td>Poids de la t\u00eate de nettoyage (excl. T\u00eate optique)<\/td>\n<td>&lt;0,9 kg<\/td>\n<\/tr>\n<tr>\n<td>Mode de fonctionnement<\/td>\n<td>Portable \/ Automatis\u00e9<\/td>\n<\/tr>\n<\/tbody>\n<\/table>\n<\/div>\n<p><img loading=\"lazy\" decoding=\"async\" class=\"alignnone size-full wp-image-4264\" src=\"http:\/\/sdgloballaser.com\/wp-content\/uploads\/2026\/02\/002-7.jpg\" alt=\"\" width=\"1440\" height=\"467\" srcset=\"https:\/\/sdgloballaser.com\/wp-content\/uploads\/2026\/02\/002-7.jpg 1440w, https:\/\/sdgloballaser.com\/wp-content\/uploads\/2026\/02\/002-7-300x97.jpg 300w, https:\/\/sdgloballaser.com\/wp-content\/uploads\/2026\/02\/002-7-1024x332.jpg 1024w, https:\/\/sdgloballaser.com\/wp-content\/uploads\/2026\/02\/002-7-768x249.jpg 768w, https:\/\/sdgloballaser.com\/wp-content\/uploads\/2026\/02\/002-7-18x6.jpg 18w, https:\/\/sdgloballaser.com\/wp-content\/uploads\/2026\/02\/002-7-600x195.jpg 600w\" sizes=\"auto, (max-width: 1440px) 100vw, 1440px\" \/> <img loading=\"lazy\" decoding=\"async\" class=\"alignnone size-full wp-image-4265\" src=\"http:\/\/sdgloballaser.com\/wp-content\/uploads\/2026\/02\/003-7.jpg\" alt=\"\" width=\"1440\" height=\"467\" srcset=\"https:\/\/sdgloballaser.com\/wp-content\/uploads\/2026\/02\/003-7.jpg 1440w, https:\/\/sdgloballaser.com\/wp-content\/uploads\/2026\/02\/003-7-300x97.jpg 300w, https:\/\/sdgloballaser.com\/wp-content\/uploads\/2026\/02\/003-7-1024x332.jpg 1024w, https:\/\/sdgloballaser.com\/wp-content\/uploads\/2026\/02\/003-7-768x249.jpg 768w, https:\/\/sdgloballaser.com\/wp-content\/uploads\/2026\/02\/003-7-18x6.jpg 18w, https:\/\/sdgloballaser.com\/wp-content\/uploads\/2026\/02\/003-7-600x195.jpg 600w\" sizes=\"auto, (max-width: 1440px) 100vw, 1440px\" \/><\/p>","protected":false},"excerpt":{"rendered":"<p data-path-to-node=\"16,0\"><b data-path-to-node=\"16,0\" data-index-in-node=\"0\">La solution portable ultime pour la pr\u00e9paration de surfaces non destructives<\/b><\/p>\n<p data-path-to-node=\"16,1\">Con\u00e7u pour la pr\u00e9cision, ce syst\u00e8me de nettoyage laser puls\u00e9 de 200 W \u00e9limine la rouille lourde, la peinture et l'oxydation sans endommager le substrat sous-jacent Contrairement aux lasers \u00e0 ondes continues (CW) volumineux, notre conception refroidie par air \u00e9limine le besoin de refroidisseurs d'eau, ramenant le poids total de la machine \u00e0 seulement 52 KG pour une v\u00e9ritable portabilit\u00e9 Fonctionnant sur 220 V monophas\u00e9 standard (110 V personnalisable), il apporte un nettoyage de qualit\u00e9 industrielle directement sur votre chantier.<\/p>\n<ul data-path-to-node=\"16,2\">\n<li>\n<p data-path-to-node=\"16,2,0,0\"><b data-path-to-node=\"16,2,0,0\" data-index-in-node=\"0\">Avantage de base :<\/b> Z\u00e9ro dommage au substrat (technologie laser puls\u00e9).<\/p>\n<\/li>\n<li>\n<p data-path-to-node=\"16,2,1,0\"><b data-path-to-node=\"16,2,1,0\" data-index-in-node=\"0\">Confort de l'op\u00e9rateur :<\/b> T\u00eate de nettoyage portative ultra-l\u00e9g\u00e8re &lt;0,9 kg avec 9 modes de balayage double axe.<\/p>\n<\/li>\n<li>\n<p data-path-to-node=\"16,2,2,0\"><b data-path-to-node=\"16,2,2,0\" data-index-in-node=\"0\">Industries cibles :<\/b> Entretien des moules d'injection, restauration de pi\u00e8ces a\u00e9rospatiales, r\u00e9paration automobile et pr\u00e9servation des artefacts historiques.<\/p>\n<\/li>\n<\/ul>","protected":false},"featured_media":4287,"comment_status":"open","ping_status":"closed","template":"","meta":{"_gspb_post_css":""},"product_brand":[],"product_cat":[38],"product_tag":[],"class_list":{"0":"post-4286","1":"product","2":"type-product","3":"status-publish","4":"has-post-thumbnail","6":"product_cat-laser-cleaning-machine","8":"first","9":"instock","10":"shipping-taxable","11":"purchasable","12":"product-type-simple"},"_links":{"self":[{"href":"https:\/\/sdgloballaser.com\/fr\/wp-json\/wp\/v2\/product\/4286","targetHints":{"allow":["GET"]}}],"collection":[{"href":"https:\/\/sdgloballaser.com\/fr\/wp-json\/wp\/v2\/product"}],"about":[{"href":"https:\/\/sdgloballaser.com\/fr\/wp-json\/wp\/v2\/types\/product"}],"replies":[{"embeddable":true,"href":"https:\/\/sdgloballaser.com\/fr\/wp-json\/wp\/v2\/comments?post=4286"}],"wp:featuredmedia":[{"embeddable":true,"href":"https:\/\/sdgloballaser.com\/fr\/wp-json\/wp\/v2\/media\/4287"}],"wp:attachment":[{"href":"https:\/\/sdgloballaser.com\/fr\/wp-json\/wp\/v2\/media?parent=4286"}],"wp:term":[{"taxonomy":"product_brand","embeddable":true,"href":"https:\/\/sdgloballaser.com\/fr\/wp-json\/wp\/v2\/product_brand?post=4286"},{"taxonomy":"product_cat","embeddable":true,"href":"https:\/\/sdgloballaser.com\/fr\/wp-json\/wp\/v2\/product_cat?post=4286"},{"taxonomy":"product_tag","embeddable":true,"href":"https:\/\/sdgloballaser.com\/fr\/wp-json\/wp\/v2\/product_tag?post=4286"}],"curies":[{"name":"wp","href":"https:\/\/api.w.org\/{rel}","templated":true}]}}