{"id":4281,"date":"2026-02-12T10:31:51","date_gmt":"2026-02-12T10:31:51","guid":{"rendered":"https:\/\/sdgloballaser.com\/?post_type=product&#038;p=4281"},"modified":"2026-03-03T10:47:53","modified_gmt":"2026-03-03T10:47:53","slug":"1500w-cw-laser-cleaning-machine","status":"publish","type":"product","link":"https:\/\/sdgloballaser.com\/fr\/product\/1500w-cw-laser-cleaning-machine\/","title":{"rendered":"Machine de nettoyage laser 1500W CW | Enl\u00e8vement de la rouille | GlobalLaser"},"content":{"rendered":"<p>&nbsp;<\/p>\n<style>\n        \/* \u5168<span data-mce-type=\"bookmark\" style=\"display: inline-block; width: 0px; overflow: hidden; line-height: 0;\" class=\"mce_SELRES_start\">\ufeff<\/span>\u5c40\u6837\u5f0f\u91cd\u7f6e *\/<br \/>        * {<br \/>            box-sizing: border-box;<br \/>            margin: 0;<br \/>            padding: 0;<br \/>        }<br \/>        \/* \u9875\u9762\u57fa\u7840\u6837\u5f0f *\/<br \/>        body {<br \/>            font-family: 'Segoe UI', 'Arial', sans-serif;<br \/>            padding: 30px 20px;<br \/>            line-height: 1.6;<br \/>            color: #2d3748;<br \/>            background-color: #f5f7fa;<br \/>        }<br \/>        \/* \u6807\u9898\u6837\u5f0f *\/<br \/>        h2 {<br \/>            text-align: center;<br \/>            color: #2b4260;<br \/>            margin-bottom: 35px;<br \/>            font-weight: 600;<br \/>            font-size: 2rem;<br \/>            letter-spacing: 0.5px;<br \/>            position: relative;<br \/>        }<br \/>        h2::after {<br \/>            content: \"\";<br \/>            display: block;<br \/>            width: 80px;<br \/>            height: 3px;<br \/>            background-color: #3b82f6;<br \/>            margin: 12px auto 0;<br \/>            border-radius: 3px;<br \/>        }<br \/>        \/* \u8868\u683c\u5bb9\u5668 - \u9002\u914d\u5c0f\u5c4f\u5e55 + \u7f8e\u5316 *\/<br \/>        .table-container {<br \/>            overflow-x: auto;<br \/>            background-color: #ffffff;<br \/>            border-radius: 12px;<br \/>            box-shadow: 0 4px 20px rgba(0, 0, 0, 0.08);<br \/>            padding: 20px;<br \/>            margin: 0 auto;<br \/>            max-width: 1200px;<br \/>        }<br \/>        \/* \u8868\u683c\u6838\u5fc3\u6837\u5f0f *\/<br \/>        table {<br \/>            width: 100%;<br \/>            border-collapse: collapse;<br \/>            min-width: 900px;<br \/>        }<br \/>        \/* \u8868\u5934\u6837\u5f0f - \u91cd\u70b9\u7f8e\u5316 *\/<br \/>        th {<br \/>            background: linear-gradient(135deg, #3b82f6 0%, #2563eb 100%);<br \/>            color: #ffffff;<br \/>            font-weight: 500;<br \/>            padding: 16px 20px;<br \/>            text-align: left;<br \/>            border: none;<br \/>            white-space: nowrap;<br \/>            font-size: 14px;<br \/>            letter-spacing: 0.3px;<br \/>        }<br \/>        \/* \u8868\u5934\u7b2c\u4e00\u4e2a\u5355\u5143\u683c\u5706\u89d2 *\/<br \/>        th:first-child {<br \/>            border-top-left-radius: 8px;<br \/>        }<br \/>        th:last-child {<br \/>            border-top-right-radius: 8px;<br \/>        }<br \/>        \/* \u5355\u5143\u683c\u6837\u5f0f *\/<br \/>        td {<br \/>            padding: 14px 20px;<br \/>            border: 1px solid #e2e8f0;<br \/>            vertical-align: middle;<br \/>            font-size: 14px;<br \/>            color: #4a5568;<br \/>            transition: background-color 0.2s ease;<br \/>        }<br \/>        \/* \u7b2c\u4e00\u5217\u53c2\u6570\u540d\u6837\u5f0f\u5f3a\u5316 *\/<br \/>        td:first-child {<br \/>            font-weight: 500;<br \/>            color: #2d3748;<br \/>            background-color: #f8fafc;<br \/>            white-space: nowrap;<br \/>        }<br \/>        \/* \u9694\u884c\u53d8\u8272 - \u66f4\u67d4\u548c *\/<br \/>        tr:nth-child(even) td:not(:first-child) {<br \/>            background-color: #fefeff;<br \/>        }<br \/>        tr:nth-child(odd) td:not(:first-child) {<br \/>            background-color: #fafbfc;<br \/>        }<br \/>        \/* \u884c\u60ac\u6d6e\u6548\u679c - \u66f4\u7ec6\u817b *\/<br \/>        tr:hover td:not(:first-child) {<br \/>            background-color: #e6f7ff;<br \/>            box-shadow: inset 0 0 0 1px #91c9ff;<br \/>        }<br \/>        \/* \u6700\u540e\u4e00\u884c\u5355\u5143\u683c\u5706\u89d2 *\/<br \/>        tr:last-child td:first-child {<br \/>            border-bottom-left-radius: 8px;<br \/>        }<br \/>        tr:last-child td:last-child {<br \/>            border-bottom-right-radius: 8px;<br \/>        }<\/p>\n<p>        \/* \u79fb\u52a8\u7aef\u81ea\u9002\u5e94\uff08768px\u4ee5\u4e0b\uff09 *\/<br \/>        @media (max-width: 768px) {<br \/>            body {<br \/>                padding: 20px 10px;<br \/>            }<br \/>            .table-container {<br \/>                padding: 15px;<br \/>                border-radius: 8px;<br \/>            }<br \/>            h2 {<br \/>                font-size: 1.6rem;<br \/>                margin-bottom: 25px;<br \/>            }<br \/>            table, thead, tbody, th, td, tr {<br \/>                display: block;<br \/>                min-width: unset;<br \/>            }<br \/>            \/* \u9690\u85cf\u539f\u751f\u8868\u5934 *\/<br \/>            thead tr {<br \/>                position: absolute;<br \/>                top: -9999px;<br \/>                left: -9999px;<br \/>            }<br \/>            \/* \u884c\u6837\u5f0f *\/<br \/>            tr {<br \/>                border: 1px solid #e2e8f0;<br \/>                margin-bottom: 20px;<br \/>                border-radius: 8px;<br \/>                padding: 0;<br \/>                background-color: #fff;<br \/>                box-shadow: 0 2px 8px rgba(0,0,0,0.04);<br \/>            }<br \/>            \/* \u5355\u5143\u683c\u6837\u5f0f *\/<br \/>            td {<br \/>                border: none;<br \/>                border-bottom: 1px solid #f0f4f8;<br \/>                position: relative;<br \/>                padding-left: 55%;<br \/>                padding-top: 12px;<br \/>                padding-bottom: 12px;<br \/>                background-color: transparent !important;<br \/>                box-shadow: none !important;<br \/>            }<br \/>            \/* \u4f2a\u5143\u7d20\u6807\u6ce8\u53c2\u6570\/\u578b\u53f7 - \u7f8e\u5316 *\/<br \/>            td:before {<br \/>                position: absolute;<br \/>                top: 12px;<br \/>                left: 12px;<br \/>                width: 50%;<br \/>                padding-right: 10px;<br \/>                white-space: nowrap;<br \/>                font-weight: 500;<br \/>                color: #2b4260;<br \/>                font-size: 14px;<br \/>            }<br \/>            \/* \u5bf9\u5e94\u5217\u7684\u63d0\u793a\u6587\u672c *\/<br \/>            td:nth-of-type(1):before { content: \"Parameter\"; }<br \/>            td:nth-of-type(2):before { content: \"QYCL-FC1500\"; }<br \/>            td:nth-of-type(3):before { content: \"QYCL-FC2000\"; }<br \/>            td:nth-of-type(4):before { content: \"QYCL-FC3000\"; }<br \/>            \/* \u6700\u540e\u4e00\u4e2a\u5355\u5143\u683c\u53bb\u6389\u4e0b\u8fb9\u6846 *\/<br \/>            td:last-child {<br \/>                border-bottom: none;<br \/>            }<br \/>            \/* \u79fb\u52a8\u7aef\u5706\u89d2 *\/<br \/>            tr:last-child td:last-child {<br \/>                border-radius: 0;<br \/>            }<br \/>            tr td:first-child {<br \/>                border-radius: 0;<br \/>            }<br \/>        }<br \/>    <\/style>\n<p>&nbsp;<\/p>\n<h2>Param\u00e8tres techniques de la machine de nettoyage laser en continu<\/h2>\n<div class=\"table-container\">\n<table>\n<thead>\n<tr>\n<th>Param\u00e8tre<\/th>\n<th>QYCL-FC1500<\/th>\n<th>QYCL-FC2000<\/th>\n<th>QYCL-FC3000<\/th>\n<\/tr>\n<\/thead>\n<tbody>\n<tr>\n<td>Puissance laser<\/td>\n<td>1500W<\/td>\n<td>2000W<\/td>\n<td>3000W<\/td>\n<\/tr>\n<tr>\n<td>Type laser<\/td>\n<td>Continu (CW)<\/td>\n<td>Continu (CW)<\/td>\n<td>Continu (CW)<\/td>\n<\/tr>\n<tr>\n<td>Marque Laser Source<\/td>\n<td>MAX<\/td>\n<td>MAX<\/td>\n<td>MAX<\/td>\n<\/tr>\n<tr>\n<td>Longueur du c\u00e2ble \u00e0 fibre optique<\/td>\n<td>10 m (15 m en option)<\/td>\n<td>10 m (15 m en option)<\/td>\n<td>20 m (30 m en option)<\/td>\n<\/tr>\n<tr>\n<td>Contr\u00f4leur<\/td>\n<td>SUP-22C<\/td>\n<td>SUP-22C<\/td>\n<td>SUP-22C<\/td>\n<\/tr>\n<tr>\n<td>T\u00eate de nettoyage laser<\/td>\n<td>SUP22C<\/td>\n<td>SUP22C<\/td>\n<td>SUP22C<\/td>\n<\/tr>\n<tr>\n<td>Type de refroidissement<\/td>\n<td>Refroidi \u00e0 l&#039;eau<\/td>\n<td>Refroidi \u00e0 l&#039;eau<\/td>\n<td>Refroidi \u00e0 l&#039;eau<\/td>\n<\/tr>\n<tr>\n<td>Refroidisseur d&#039;eau<\/td>\n<td>S&amp;A CWFL-1500<\/td>\n<td>S&amp;A CWFL-2000<\/td>\n<td>S&amp;A CWFL-3000<\/td>\n<\/tr>\n<tr>\n<td>Tension<\/td>\n<td>220 V, monophas\u00e9<\/td>\n<td>220 V, monophas\u00e9<\/td>\n<td>380V, 3 phases<\/td>\n<\/tr>\n<tr>\n<td>Consommation d&#039;\u00e9nergie<\/td>\n<td>7,7 kW<\/td>\n<td>10 kW<\/td>\n<td>12,6 kW<\/td>\n<\/tr>\n<tr>\n<td>Courant \u00e9lectrique<\/td>\n<td>35A<\/td>\n<td>45A<\/td>\n<td>25A<\/td>\n<\/tr>\n<tr>\n<td>Plage de r\u00e9glage de la puissance<\/td>\n<td>10-100%<\/td>\n<td>10-100%<\/td>\n<td>10-100%<\/td>\n<\/tr>\n<tr>\n<td>Mode de sortie<\/td>\n<td>QBH<\/td>\n<td>QBH<\/td>\n<td>QBH<\/td>\n<\/tr>\n<tr>\n<td>Largeur de balayage<\/td>\n<td>10-150mm (objectif de 400mm) \/ 10-300mm (objectif de 800mm)<\/td>\n<td>10-150mm (objectif de 400mm) \/ 10-300mm (objectif de 800mm)<\/td>\n<td>10-150mm (objectif de 400mm) \/ 10-300mm (objectif de 800mm)<\/td>\n<\/tr>\n<tr>\n<td>Objectif de mise au point<\/td>\n<td>F400\/F800<\/td>\n<td>F400\/F800<\/td>\n<td>F400\/F800<\/td>\n<\/tr>\n<tr>\n<td>Longueur d&#039;onde centrale<\/td>\n<td>1070~1090 nm<\/td>\n<td>1070~1090 nm<\/td>\n<td>1070~1090 nm<\/td>\n<\/tr>\n<tr>\n<td>Temp\u00e9rature de l'eau<\/td>\n<td>22\u2103-26\u2103<\/td>\n<td>22\u2103-26\u2103<\/td>\n<td>22\u2103-26\u2103<\/td>\n<\/tr>\n<tr>\n<td>Eau de refroidissement<\/td>\n<td>Eau distill\u00e9e, eau plasma<\/td>\n<td>Eau distill\u00e9e, eau plasma<\/td>\n<td>Eau distill\u00e9e, eau plasma<\/td>\n<\/tr>\n<tr>\n<td>T\u00eate de nettoyage Lentille de protection Spec<\/td>\n<td>D30\u00d7T5<\/td>\n<td>D30\u00d7T5<\/td>\n<td>D30\u00d7T5<\/td>\n<\/tr>\n<tr>\n<td>T\u00eate de nettoyage Lentille de mise au point Spec<\/td>\n<td>D20\u00d73.5 F400 \/ D20\u00d73.5 F800<\/td>\n<td>D20\u00d73.5 F400 \/ D20\u00d73.5 F800<\/td>\n<td>D20\u00d73.5 F400 \/ D20\u00d73.5 F800<\/td>\n<\/tr>\n<tr>\n<td>T\u00eate de nettoyage Collimateur Lentille Spec<\/td>\n<td>D16\u00d75 F60<\/td>\n<td>D16\u00d75 F60<\/td>\n<td>D16\u00d75 F60<\/td>\n<\/tr>\n<tr>\n<td>Poids de la t\u00eate de nettoyage<\/td>\n<td>0,8kg<\/td>\n<td>0,8kg<\/td>\n<td>0,8kg<\/td>\n<\/tr>\n<tr>\n<td>Taille de la machine<\/td>\n<td>92\u00d749\u00d785cm<\/td>\n<td>111\u00d749\u00d785cm<\/td>\n<td>124\u00d751\u00d7114cm<\/td>\n<\/tr>\n<tr>\n<td>Dimensions de l&#039;emballage<\/td>\n<td>109\u00d760\u00d7115cm = 0,75CBM<\/td>\n<td>122\u00d758\u00d7115cm = 0,81CBM<\/td>\n<td>132\u00d759\u00d7151cm = 1,18CBM<\/td>\n<\/tr>\n<tr>\n<td>Poids net de la machine<\/td>\n<td>105kg<\/td>\n<td>130kg<\/td>\n<td>190kg<\/td>\n<\/tr>\n<tr>\n<td>Poids du colis<\/td>\n<td>170kg<\/td>\n<td>200kg<\/td>\n<td>300 kg<\/td>\n<\/tr>\n<tr>\n<td>Assistance a\u00e9rienne<\/td>\n<td>Air comprim\u00e9 filtr\u00e9 et s\u00e9ch\u00e9<\/td>\n<td>Air comprim\u00e9 filtr\u00e9 et s\u00e9ch\u00e9<\/td>\n<td>Air comprim\u00e9 filtr\u00e9 et s\u00e9ch\u00e9<\/td>\n<\/tr>\n<tr>\n<td>Pression d&#039;air recommand\u00e9e<\/td>\n<td>0,6-0,8Mpa<\/td>\n<td>0,6-0,8Mpa<\/td>\n<td>0,6-0,8Mpa<\/td>\n<\/tr>\n<\/tbody>\n<\/table>\n<\/div>\n<p>&nbsp;<\/p>\n<p>&nbsp;<\/p>\n<p>&nbsp;<\/p>\n<div style=\"font-family: 'Segoe UI', Roboto, Helvetica, Arial, sans-serif; max-width: 100%; margin: 0; padding: 0; color: #111827; box-sizing: border-box; background-color: #f9fafb;\">\n<div style=\"background-color: #001354; padding: 80px 20px; text-align: center; color: #ffffff;\">\n<div style=\"max-width: 1200px; margin: 0 auto; display: flex; flex-wrap: wrap; gap: 50px; align-items: center; text-align: left;\">\n<div style=\"flex: 1 1 50%; min-width: 300px;\">\n<div style=\"display: inline-block; border: 1px solid #D43804; color: #d43804; padding: 6px 16px; font-size: 13px; font-weight: 800; text-transform: uppercase; letter-spacing: 2px; border-radius: 4px; margin-bottom: 20px;\">Industrie lourde - Onde continue<\/div>\n<h2 style=\"font-size: 46px; font-weight: 900; line-height: 1.1; margin-bottom: 24px; color: #ffffff; letter-spacing: -1px;\">Laser CW 1500W<br \/>\nMachine de nettoyage<\/h2>\n<p style=\"font-size: 18px; color: #9ca3af; line-height: 1.7; margin-bottom: 30px;\">Le sablage est toxique, salissant et fortement r\u00e9glement\u00e9. Le GL-CW1500 remplace les m\u00e9thodes abrasives d\u00e9pass\u00e9es par de l'\u00e9nergie thermique pure et continue. Fonctionnant \u00e0 1500 W, ce syst\u00e8me ne se contente pas de nettoyer, il \u00e9limine l'oxydation \u00e9paisse, les peintures industrielles lourdes et les graisses persistantes des structures en acier massif, r\u00e9duisant ainsi consid\u00e9rablement le temps de pr\u00e9paration de la surface.<\/p>\n<ul style=\"font-size: 16px; color: #d1d5db; line-height: 1.6; padding-left: 20px; margin-bottom: 40px;\">\n<li style=\"margin-bottom: 10px;\"><strong>Puissance d'onde continue :<\/strong> La diffusion ininterrompue du laser permet de faire fondre les contaminants les plus \u00e9pais.<\/li>\n<li style=\"margin-bottom: 10px;\"><strong>Balayage ultra-large :<\/strong> Largeur de faisceau r\u00e9glable jusqu'\u00e0 300 mm pour une couverture massive de la surface.<\/li>\n<li><strong>Processus sans contact :<\/strong> Pas de nettoyage des milieux, pas d'\u00e9limination des produits chimiques, juste une extraction de lumi\u00e8re pure.<\/li>\n<\/ul>\n<p><a style=\"display: inline-block; background-color: #d43804; color: #ffffff; padding: 18px 45px; font-size: 18px; font-weight: 800; text-decoration: none; border-radius: 4px; transition: background-color 0.3s; box-shadow: 0 4px 15px rgba(212, 56, 4, 0.4);\" href=\"#quote\">Demande de sp\u00e9cifications pour le nettoyage \u00e0 grande \u00e9chelle<br \/>\n<\/a><\/p>\n<\/div>\n<div style=\"flex: 1 1 40%; min-width: 300px;\">\n<div style=\"background-color: rgba(255,255,255,0.05); border: 1px solid rgba(255,255,255,0.1); border-radius: 12px; display: flex; align-items: center; justify-content: center; text-align: center; padding: 20px; box-shadow: 0 25px 50px -12px rgba(0,0,0,0.5);\"><img decoding=\"async\" style=\"border-radius: 12px;\" src=\"http:\/\/sdgloballaser.com\/wp-content\/uploads\/2025\/11\/3.jpg\" \/><\/div>\n<\/div>\n<\/div>\n<\/div>\n<div style=\"max-width: 1200px; margin: 80px auto; padding: 0 20px;\">\n<div style=\"text-align: center; margin-bottom: 50px;\">\n<h3 style=\"font-size: 32px; font-weight: 800; color: #111827; margin-bottom: 16px;\">Con\u00e7u pour les environnements les plus difficiles<\/h3>\n<p style=\"font-size: 18px; color: #4b5563; max-width: 700px; margin: 0 auto;\">Ce n'est pas pour les moules d\u00e9licats. Le 1500W CW est con\u00e7u pour la pr\u00e9paration de surfaces agressives n\u00e9cessitant une chaleur et une puissance massives.<\/p>\n<\/div>\n<div style=\"display: flex; flex-wrap: wrap; gap: 30px;\">\n<div style=\"flex: 1 1 calc(33.333% - 30px); min-width: 250px; background: #ffffff; padding: 40px 30px; border-radius: 8px; border-top: 4px solid #D43804; box-shadow: 0 10px 15px rgba(212, 56, 4, 0.08);\">\n<h4 style=\"font-size: 22px; font-weight: 800; margin-bottom: 15px; color: #d43804;\">Chantiers navals et maritimes<\/h4>\n<p style=\"color: #4b5563; line-height: 1.6;\">D\u00e9cape rapidement la peinture antisalissure, la corrosion extr\u00eame due \u00e0 l'eau sal\u00e9e et les r\u00e9sidus de bernacles sur les coques des navires et les structures des docks.<\/p>\n<\/div>\n<div style=\"flex: 1 1 calc(33.333% - 30px); min-width: 250px; background: #ffffff; padding: 40px 30px; border-radius: 8px; border-top: 4px solid #001354; box-shadow: 0 4px 6px rgba(0,0,0,0.05);\">\n<h4 style=\"font-size: 22px; font-weight: 800; margin-bottom: 15px; color: #001354;\">Pr\u00e9paration de la structure en acier<\/h4>\n<p style=\"color: #4b5563; line-height: 1.6;\">Pr\u00e9parer les poutres en H, les ponts et l'acier de construction pour le soudage ou le rev\u00eatement en vaporisant instantan\u00e9ment la calamine et la rouille en profondeur.<\/p>\n<\/div>\n<div style=\"flex: 1 1 calc(33.333% - 30px); min-width: 250px; background: #ffffff; padding: 40px 30px; border-radius: 8px; border-top: 4px solid #001354; box-shadow: 0 4px 6px rgba(0,0,0,0.05);\">\n<h4 style=\"font-size: 22px; font-weight: 800; margin-bottom: 15px; color: #001354;\">R\u00e9habilitation de machines lourdes<\/h4>\n<p style=\"color: #4b5563; line-height: 1.6;\">Remettre \u00e0 neuf les \u00e9quipements miniers, les tracteurs et les wagons en br\u00fblant les couches de graisse, d'huile et de salet\u00e9 industrielle en un seul passage.<\/p>\n<\/div>\n<\/div>\n<\/div>\n<div style=\"max-width: 1000px; margin: 0 auto 80px auto; padding: 0 20px;\">\n<div style=\"background-color: #ffffff; padding: 50px; border-radius: 8px; border: 1px solid #E5E7EB; box-shadow: 0 10px 25px -5px rgba(0,0,0,0.05);\">\n<h3 style=\"font-size: 28px; font-weight: 800; margin-bottom: 30px; text-align: center; color: #001354;\">Sp\u00e9cifications Syst\u00e8me<\/h3>\n<table style=\"width: 100%; border-collapse: collapse; text-align: left;\">\n<tbody>\n<tr style=\"border-bottom: 1px solid #E5E7EB;\">\n<th style=\"padding: 16px; background-color: #f9fafb; width: 40%; font-weight: bold; color: #374151;\">Puissance laser<\/th>\n<td style=\"padding: 16px; color: #d43804; font-weight: bold;\">1500W<\/td>\n<\/tr>\n<tr style=\"border-bottom: 1px solid #E5E7EB;\">\n<th style=\"padding: 16px; background-color: #f9fafb; font-weight: 600; color: #374151;\">Mode laser<\/th>\n<td style=\"padding: 16px; color: #111827; font-weight: bold;\">Onde continue (CW)<\/td>\n<\/tr>\n<tr style=\"border-bottom: 1px solid #E5E7EB;\">\n<th style=\"padding: 16px; background-color: #f9fafb; font-weight: 600; color: #374151;\">Largeur de balayage maximale<\/th>\n<td style=\"padding: 16px; color: #111827;\">Jusqu'\u00e0 300 mm<\/td>\n<\/tr>\n<tr style=\"border-bottom: 1px solid #E5E7EB;\">\n<th style=\"padding: 16px; background-color: #f9fafb; font-weight: 600; color: #374151;\">Circuit de refroidissement<\/th>\n<td style=\"padding: 16px; color: #111827;\">Refroidisseur d'eau industriel \u00e0 double temp\u00e9rature<\/td>\n<\/tr>\n<tr>\n<th style=\"padding: 16px; background-color: #f9fafb; font-weight: 600; color: #374151;\">Longueur du c\u00e2ble de fibre<\/th>\n<td style=\"padding: 16px; color: #111827;\">Standard 10 m\u00e8tres (options \u00e9tendues disponibles)<\/td>\n<\/tr>\n<\/tbody>\n<\/table>\n<\/div>\n<\/div>\n<div id=\"quote\" style=\"background-color: #001354; color: #ffffff; text-align: center; padding: 80px 20px;\">\n<div style=\"max-width: 800px; margin: 0 auto;\">\n<h2 style=\"font-size: 36px; font-weight: 900; margin-bottom: 20px; color: #ffffff; letter-spacing: -0.5px;\">Testez le 1500W contre votre pire rouille.<\/h2>\n<p style=\"font-size: 18px; color: #9ca3af; margin-bottom: 40px; line-height: 1.6;\">Ne nous croyez pas sur parole. Envoyez-nous votre \u00e9chantillon d'acier le plus \u00e9pais et le plus corrod\u00e9 ou une plaque rev\u00eatue d'\u00e9poxy. Nos ing\u00e9nieurs le soumettront au syst\u00e8me CW de 1500 W et vous enverront la preuve vid\u00e9o non coup\u00e9e des r\u00e9sultats.<\/p>\n<p><a style=\"display: inline-block; background-color: #d43804; color: #ffffff; padding: 20px 50px; font-size: 22px; font-weight: 900; text-decoration: none; border-radius: 4px; transition: transform 0.2s, box-shadow 0.2s; box-shadow: 0 10px 20px rgba(212, 56, 4, 0.4);\" href=\"\/fr\/contact\/\">Demander un test gratuit de nettoyage \u00e0 grande \u00e9chelle<br \/>\n<\/a><\/p>\n<\/div>\n<\/div>\n<\/div>\n<p><img loading=\"lazy\" decoding=\"async\" class=\"alignnone size-full wp-image-4259\" src=\"http:\/\/sdgloballaser.com\/wp-content\/uploads\/2026\/02\/003-6.jpg\" alt=\"\" width=\"1440\" height=\"481\" srcset=\"https:\/\/sdgloballaser.com\/wp-content\/uploads\/2026\/02\/003-6.jpg 1440w, https:\/\/sdgloballaser.com\/wp-content\/uploads\/2026\/02\/003-6-300x100.jpg 300w, https:\/\/sdgloballaser.com\/wp-content\/uploads\/2026\/02\/003-6-1024x342.jpg 1024w, https:\/\/sdgloballaser.com\/wp-content\/uploads\/2026\/02\/003-6-768x257.jpg 768w, https:\/\/sdgloballaser.com\/wp-content\/uploads\/2026\/02\/003-6-18x6.jpg 18w, https:\/\/sdgloballaser.com\/wp-content\/uploads\/2026\/02\/003-6-600x200.jpg 600w\" sizes=\"auto, (max-width: 1440px) 100vw, 1440px\" \/><br \/>\n<img loading=\"lazy\" decoding=\"async\" class=\"alignnone size-full wp-image-4260\" src=\"http:\/\/sdgloballaser.com\/wp-content\/uploads\/2026\/02\/004-6.jpg\" alt=\"\" width=\"1440\" height=\"481\" srcset=\"https:\/\/sdgloballaser.com\/wp-content\/uploads\/2026\/02\/004-6.jpg 1440w, https:\/\/sdgloballaser.com\/wp-content\/uploads\/2026\/02\/004-6-300x100.jpg 300w, https:\/\/sdgloballaser.com\/wp-content\/uploads\/2026\/02\/004-6-1024x342.jpg 1024w, https:\/\/sdgloballaser.com\/wp-content\/uploads\/2026\/02\/004-6-768x257.jpg 768w, https:\/\/sdgloballaser.com\/wp-content\/uploads\/2026\/02\/004-6-18x6.jpg 18w, https:\/\/sdgloballaser.com\/wp-content\/uploads\/2026\/02\/004-6-600x200.jpg 600w\" sizes=\"auto, (max-width: 1440px) 100vw, 1440px\" \/><\/p>","protected":false},"excerpt":{"rendered":"<p data-path-to-node=\"9,0\"><b data-path-to-node=\"9,0\" data-index-in-node=\"0\">La solution agressive pour l'\u00e9limination de la rouille et de la peinture lourdes<\/b> Con\u00e7u pour une pr\u00e9paration brutale des surfaces, ce nettoyeur laser \u00e0 onde continue (CW) de 1500 W d\u00e9cape agressivement la rouille \u00e9paisse, l'oxydation lourde et les rev\u00eatements industriels. Aliment\u00e9 par un <b data-path-to-node=\"9,0\" data-index-in-node=\"250\">Source laser MAX<\/b> et maintenue optimale par un v\u00e9ritable <b data-path-to-node=\"9,0\" data-index-in-node=\"297\">Refroidisseur d'eau S&amp;A CWFL-1500<\/b>, Il garantit un fonctionnement ininterrompu 24 heures sur 24 et 7 jours sur 7. Fonctionnant sur un <b data-path-to-node=\"9,0\" data-index-in-node=\"392\">Alimentation monophas\u00e9e 220V<\/b>, Avec le syst\u00e8me de nettoyage \u00e0 haute pression, il apporte une puissance de nettoyage importante \u00e0 n'importe quel atelier standard sans n\u00e9cessiter de mise \u00e0 niveau de l'installation \u00e9lectrique.<\/p>\n<ul data-path-to-node=\"9,1\">\n<li>\n<p data-path-to-node=\"9,1,0,0\"><b data-path-to-node=\"9,1,0,0\" data-index-in-node=\"0\">Capacit\u00e9s essentielles :<\/b> \u00c9limination de la rouille, d\u00e9capage de peinture \u00e9paisse, pr\u00e9paration de l'acier de construction.<\/p>\n<\/li>\n<li>\n<p data-path-to-node=\"9,1,1,0\"><b data-path-to-node=\"9,1,1,0\" data-index-in-node=\"0\">Quincaillerie de premi\u00e8re qualit\u00e9 :<\/b> T\u00eate de nettoyage SUP22C avec une largeur de balayage allant jusqu'\u00e0 300 mm.<\/p>\n<\/li>\n<li>\n<p data-path-to-node=\"9,1,2,0\"><b data-path-to-node=\"9,1,2,0\" data-index-in-node=\"0\">Id\u00e9al pour :<\/b> Restauration de ch\u00e2ssis d'automobiles, ateliers de fabrication d'acier et entretien de mat\u00e9riel agricole.<\/p>\n<\/li>\n<\/ul>","protected":false},"featured_media":4282,"comment_status":"open","ping_status":"closed","template":"","meta":{"_gspb_post_css":""},"product_brand":[],"product_cat":[38],"product_tag":[],"class_list":{"0":"post-4281","1":"product","2":"type-product","3":"status-publish","4":"has-post-thumbnail","6":"product_cat-laser-cleaning-machine","8":"first","9":"instock","10":"shipping-taxable","11":"purchasable","12":"product-type-simple"},"_links":{"self":[{"href":"https:\/\/sdgloballaser.com\/fr\/wp-json\/wp\/v2\/product\/4281","targetHints":{"allow":["GET"]}}],"collection":[{"href":"https:\/\/sdgloballaser.com\/fr\/wp-json\/wp\/v2\/product"}],"about":[{"href":"https:\/\/sdgloballaser.com\/fr\/wp-json\/wp\/v2\/types\/product"}],"replies":[{"embeddable":true,"href":"https:\/\/sdgloballaser.com\/fr\/wp-json\/wp\/v2\/comments?post=4281"}],"wp:featuredmedia":[{"embeddable":true,"href":"https:\/\/sdgloballaser.com\/fr\/wp-json\/wp\/v2\/media\/4282"}],"wp:attachment":[{"href":"https:\/\/sdgloballaser.com\/fr\/wp-json\/wp\/v2\/media?parent=4281"}],"wp:term":[{"taxonomy":"product_brand","embeddable":true,"href":"https:\/\/sdgloballaser.com\/fr\/wp-json\/wp\/v2\/product_brand?post=4281"},{"taxonomy":"product_cat","embeddable":true,"href":"https:\/\/sdgloballaser.com\/fr\/wp-json\/wp\/v2\/product_cat?post=4281"},{"taxonomy":"product_tag","embeddable":true,"href":"https:\/\/sdgloballaser.com\/fr\/wp-json\/wp\/v2\/product_tag?post=4281"}],"curies":[{"name":"wp","href":"https:\/\/api.w.org\/{rel}","templated":true}]}}