{"id":3581,"date":"2026-02-04T06:13:12","date_gmt":"2026-02-04T06:13:12","guid":{"rendered":"https:\/\/sdgloballaser.com\/?post_type=product&#038;p=3581"},"modified":"2026-03-03T06:10:48","modified_gmt":"2026-03-03T06:10:48","slug":"elite-6090-pro","status":"publish","type":"product","link":"https:\/\/sdgloballaser.com\/fr\/product\/elite-6090-pro\/","title":{"rendered":"Elite 6090 Pro Laser System | D\u00e9coupeur CO2 commercial \u00e0 grande vitesse | GlobalLaser"},"content":{"rendered":"<p>&nbsp;<\/p>\n<p><img loading=\"lazy\" decoding=\"async\" class=\"wp-image-4021 size-full\" src=\"http:\/\/sdgloballaser.com\/wp-content\/uploads\/2026\/02\/001.webp\" alt=\"Syst\u00e8me laser GlobalLaser Elite 6090 Pro - D\u00e9coupeuse CO2 commerciale haute vitesse\" width=\"1440\" height=\"618\" srcset=\"https:\/\/sdgloballaser.com\/wp-content\/uploads\/2026\/02\/001.webp 1440w, https:\/\/sdgloballaser.com\/wp-content\/uploads\/2026\/02\/001-300x129.webp 300w, https:\/\/sdgloballaser.com\/wp-content\/uploads\/2026\/02\/001-1024x439.webp 1024w, https:\/\/sdgloballaser.com\/wp-content\/uploads\/2026\/02\/001-768x330.webp 768w, https:\/\/sdgloballaser.com\/wp-content\/uploads\/2026\/02\/001-18x8.webp 18w, https:\/\/sdgloballaser.com\/wp-content\/uploads\/2026\/02\/001-600x258.webp 600w\" sizes=\"auto, (max-width: 1440px) 100vw, 1440px\" \/><\/p>\n<table data-path-to-node=\"6\">\n<thead>\n<tr>\n<td><strong>Caract\u00e9ristique \/ Mod\u00e8le<\/strong><\/td>\n<td><strong>\u00c9lite 6090 Classique (Pr\u00e9cision \/ Studio)<\/strong><\/td>\n<td><strong>\u00c9lite 6090 Pro \u2b50 (Commercial \/ Retour sur investissement rapide)<\/strong><\/td>\n<td><strong>Elite 6090 Ultra (Usage intensif \/ Industriel)<\/strong><\/td>\n<\/tr>\n<\/thead>\n<tbody>\n<tr>\n<td><span data-path-to-node=\"6,1,0,0\"><b data-path-to-node=\"6,1,0,0\" data-index-in-node=\"0\">Options de puissance laser<\/b><\/span><\/td>\n<td><span data-path-to-node=\"6,1,1,0\"><b data-path-to-node=\"6,1,1,0\" data-index-in-node=\"0\">60W \/ 80W<\/b><\/span><\/td>\n<td><span data-path-to-node=\"6,1,2,0\"><b data-path-to-node=\"6,1,2,0\" data-index-in-node=\"0\">100 W \/ 130 W<\/b><\/span><\/td>\n<td><span data-path-to-node=\"6,1,3,0\"><b data-path-to-node=\"6,1,3,0\" data-index-in-node=\"0\">150W<\/b> Puissance maximale<\/span><\/td>\n<\/tr>\n<tr>\n<td><span data-path-to-node=\"6,2,0,0\"><b data-path-to-node=\"6,2,0,0\" data-index-in-node=\"0\">Objectif commercial<\/b><\/span><\/td>\n<td><span data-path-to-node=\"6,2,1,0\">Gravure d\u00e9taill\u00e9e complexe et d\u00e9coupe l\u00e9g\u00e8re<\/span><\/td>\n<td><span data-path-to-node=\"6,2,2,0\">Fabrication commerciale \u00e0 haute vitesse<\/span><\/td>\n<td><span data-path-to-node=\"6,2,3,0\">Coupe profonde implacable sur les mat\u00e9riaux denses<\/span><\/td>\n<\/tr>\n<tr>\n<td><span data-path-to-node=\"6,3,0,0\"><b data-path-to-node=\"6,3,0,0\" data-index-in-node=\"0\">Max de coupe (acrylique)<\/b><\/span><\/td>\n<td><span data-path-to-node=\"6,3,1,0\">Jusqu'\u00e0 8 mm<\/span><\/td>\n<td><span data-path-to-node=\"6,3,2,0\">Jusqu'\u00e0 15 mm (D\u00e9bit rapide)<\/span><\/td>\n<td><span data-path-to-node=\"6,3,3,0\"><b data-path-to-node=\"6,3,3,0\" data-index-in-node=\"0\">Jusqu'\u00e0 20 mm+<\/b> (Industriel \u00e0 passage unique)<\/span><\/td>\n<\/tr>\n<tr>\n<td><span data-path-to-node=\"6,4,0,0\"><b data-path-to-node=\"6,4,0,0\" data-index-in-node=\"0\">Profil de production optimal<\/b><\/span><\/td>\n<td><span data-path-to-node=\"6,4,1,0\">Gravure haute d\u00e9finition prioritaire<\/span><\/td>\n<td><span data-path-to-node=\"6,4,2,0\">\u00c9quilibr\u00e9 : Vitesse et \u00c9paisseur<\/span><\/td>\n<td><span data-path-to-node=\"6,4,3,0\">Priorit\u00e9 de coupe \u00e0 p\u00e9n\u00e9tration profonde<\/span><\/td>\n<\/tr>\n<tr>\n<td><span data-path-to-node=\"6,5,0,0\"><b data-path-to-node=\"6,5,0,0\" data-index-in-node=\"0\">Mat\u00e9riaux id\u00e9aux<\/b><\/span><\/td>\n<td><span data-path-to-node=\"6,5,1,0\">Artisanat de bois fin, de cuir et de papier<\/span><\/td>\n<td><span data-path-to-node=\"6,5,2,0\">Contreplaqu\u00e9, Signal\u00e9tique en acrylique, MDF<\/span><\/td>\n<td><span data-path-to-node=\"6,5,3,0\">Acrylique \u00c9pais, Bois Massifs, MDF Lourd<\/span><\/td>\n<\/tr>\n<tr>\n<td><span data-path-to-node=\"6,6,0,0\"><b data-path-to-node=\"6,6,0,0\" data-index-in-node=\"0\">Circuit de refroidissement<\/b><\/span><\/td>\n<td><span data-path-to-node=\"6,6,1,0\">Refroidisseur d'eau industriel<\/span><\/td>\n<td><span data-path-to-node=\"6,6,2,0\">Refroidisseur d'eau industriel<\/span><\/td>\n<td><span data-path-to-node=\"6,6,3,0\">Refroidisseur industriel haute capacit\u00e9<\/span><\/td>\n<\/tr>\n<\/tbody>\n<\/table>\n<p data-path-to-node=\"10\"><b data-path-to-node=\"10\" data-index-in-node=\"0\">Ing\u00e9nierie sans compromis sur chaque mod\u00e8le Elite 6090 :<\/b><\/p>\n<ul data-path-to-node=\"11\">\n<li>\n<p data-path-to-node=\"11,0,0\"><b data-path-to-node=\"11,0,0\" data-index-in-node=\"0\">R\u00e9p\u00e9tabilit\u00e9 extr\u00eame :<\/b> Garanti <b data-path-to-node=\"11,0,0\" data-index-in-node=\"34\">\u00b10,01 mm<\/b> pr\u00e9cision sur toutes les configurations.<\/p>\n<\/li>\n<li>\n<p data-path-to-node=\"11,1,0\"><b data-path-to-node=\"11,1,0\" data-index-in-node=\"0\">Vitesse Maximale Possible :<\/b> Vitesses de fraisage et de coupe jusqu'\u00e0 <b data-path-to-node=\"11,1,0\" data-index-in-node=\"59\">60000mm\/min<\/b> (ajustable en temps r\u00e9el).<\/p>\n<\/li>\n<li>\n<p data-path-to-node=\"11,2,0\"><b data-path-to-node=\"11,2,0\" data-index-in-node=\"0\">Contr\u00f4le de mouvement avanc\u00e9 :<\/b> Motiv\u00e9 par un premium <b data-path-to-node=\"11,2,0\" data-index-in-node=\"45\">Pilote d'entra\u00eenement de subdivision de moteur pas \u00e0 pas num\u00e9rique<\/b> pour des parcours d'outils sans d\u00e9fauts.<\/p>\n<\/li>\n<li>\n<p data-path-to-node=\"11,3,0\"><b data-path-to-node=\"11,3,0\" data-index-in-node=\"0\">Ciblage de pr\u00e9cision<\/b> Int\u00e9gr\u00e9 <b data-path-to-node=\"11,3,0\" data-index-in-node=\"30\">Placement du feu rouge<\/b> pour un alignement instantan\u00e9 des mat\u00e9riaux sans d\u00e9chets.<\/p>\n<\/li>\n<li>\n<p data-path-to-node=\"11,4,0\"><b data-path-to-node=\"11,4,0\" data-index-in-node=\"0\">R\u00e9silient au climat<\/b> Con\u00e7u pour fonctionner de mani\u00e8re fiable dans des temp\u00e9ratures de 0 \u00e0 45 \u00b0C et une humidit\u00e9 de 5 \u00e0 95 %.<\/p>\n<\/li>\n<\/ul>\n<p>&nbsp;<\/p>\n<p><img loading=\"lazy\" decoding=\"async\" class=\"alignnone size-full wp-image-4022\" src=\"http:\/\/sdgloballaser.com\/wp-content\/uploads\/2026\/02\/006.webp\" alt=\"\" width=\"1440\" height=\"1042\" srcset=\"https:\/\/sdgloballaser.com\/wp-content\/uploads\/2026\/02\/006.webp 1440w, https:\/\/sdgloballaser.com\/wp-content\/uploads\/2026\/02\/006-300x217.webp 300w, https:\/\/sdgloballaser.com\/wp-content\/uploads\/2026\/02\/006-1024x741.webp 1024w, https:\/\/sdgloballaser.com\/wp-content\/uploads\/2026\/02\/006-768x556.webp 768w, https:\/\/sdgloballaser.com\/wp-content\/uploads\/2026\/02\/006-18x12.webp 18w, https:\/\/sdgloballaser.com\/wp-content\/uploads\/2026\/02\/006-600x434.webp 600w\" sizes=\"auto, (max-width: 1440px) 100vw, 1440px\" \/> <img loading=\"lazy\" decoding=\"async\" class=\"alignnone size-full wp-image-4023\" src=\"http:\/\/sdgloballaser.com\/wp-content\/uploads\/2026\/02\/002.webp\" alt=\"\" width=\"1440\" height=\"522\" srcset=\"https:\/\/sdgloballaser.com\/wp-content\/uploads\/2026\/02\/002.webp 1440w, https:\/\/sdgloballaser.com\/wp-content\/uploads\/2026\/02\/002-300x109.webp 300w, https:\/\/sdgloballaser.com\/wp-content\/uploads\/2026\/02\/002-1024x371.webp 1024w, https:\/\/sdgloballaser.com\/wp-content\/uploads\/2026\/02\/002-768x278.webp 768w, https:\/\/sdgloballaser.com\/wp-content\/uploads\/2026\/02\/002-18x7.webp 18w, https:\/\/sdgloballaser.com\/wp-content\/uploads\/2026\/02\/002-600x218.webp 600w\" sizes=\"auto, (max-width: 1440px) 100vw, 1440px\" \/> <img loading=\"lazy\" decoding=\"async\" class=\"alignnone size-full wp-image-4024\" src=\"http:\/\/sdgloballaser.com\/wp-content\/uploads\/2026\/02\/003.webp\" alt=\"\" width=\"1440\" height=\"522\" srcset=\"https:\/\/sdgloballaser.com\/wp-content\/uploads\/2026\/02\/003.webp 1440w, https:\/\/sdgloballaser.com\/wp-content\/uploads\/2026\/02\/003-300x109.webp 300w, https:\/\/sdgloballaser.com\/wp-content\/uploads\/2026\/02\/003-1024x371.webp 1024w, https:\/\/sdgloballaser.com\/wp-content\/uploads\/2026\/02\/003-768x278.webp 768w, https:\/\/sdgloballaser.com\/wp-content\/uploads\/2026\/02\/003-18x7.webp 18w, https:\/\/sdgloballaser.com\/wp-content\/uploads\/2026\/02\/003-600x218.webp 600w\" sizes=\"auto, (max-width: 1440px) 100vw, 1440px\" \/> <img loading=\"lazy\" decoding=\"async\" class=\"alignnone size-full wp-image-4025\" src=\"http:\/\/sdgloballaser.com\/wp-content\/uploads\/2026\/02\/004.webp\" alt=\"\" width=\"1440\" height=\"522\" srcset=\"https:\/\/sdgloballaser.com\/wp-content\/uploads\/2026\/02\/004.webp 1440w, https:\/\/sdgloballaser.com\/wp-content\/uploads\/2026\/02\/004-300x109.webp 300w, https:\/\/sdgloballaser.com\/wp-content\/uploads\/2026\/02\/004-1024x371.webp 1024w, https:\/\/sdgloballaser.com\/wp-content\/uploads\/2026\/02\/004-768x278.webp 768w, https:\/\/sdgloballaser.com\/wp-content\/uploads\/2026\/02\/004-18x7.webp 18w, https:\/\/sdgloballaser.com\/wp-content\/uploads\/2026\/02\/004-600x218.webp 600w\" sizes=\"auto, (max-width: 1440px) 100vw, 1440px\" \/> <img loading=\"lazy\" decoding=\"async\" class=\"alignnone size-full wp-image-4026\" src=\"http:\/\/sdgloballaser.com\/wp-content\/uploads\/2026\/02\/005.webp\" alt=\"\" width=\"1440\" height=\"522\" srcset=\"https:\/\/sdgloballaser.com\/wp-content\/uploads\/2026\/02\/005.webp 1440w, https:\/\/sdgloballaser.com\/wp-content\/uploads\/2026\/02\/005-300x109.webp 300w, https:\/\/sdgloballaser.com\/wp-content\/uploads\/2026\/02\/005-1024x371.webp 1024w, https:\/\/sdgloballaser.com\/wp-content\/uploads\/2026\/02\/005-768x278.webp 768w, https:\/\/sdgloballaser.com\/wp-content\/uploads\/2026\/02\/005-18x7.webp 18w, https:\/\/sdgloballaser.com\/wp-content\/uploads\/2026\/02\/005-600x218.webp 600w\" sizes=\"auto, (max-width: 1440px) 100vw, 1440px\" \/><img loading=\"lazy\" decoding=\"async\" class=\"alignnone size-full wp-image-4027\" src=\"http:\/\/sdgloballaser.com\/wp-content\/uploads\/2026\/02\/006-1.webp\" alt=\"\" width=\"1440\" height=\"1030\" srcset=\"https:\/\/sdgloballaser.com\/wp-content\/uploads\/2026\/02\/006-1.webp 1440w, https:\/\/sdgloballaser.com\/wp-content\/uploads\/2026\/02\/006-1-300x215.webp 300w, https:\/\/sdgloballaser.com\/wp-content\/uploads\/2026\/02\/006-1-1024x732.webp 1024w, https:\/\/sdgloballaser.com\/wp-content\/uploads\/2026\/02\/006-1-768x549.webp 768w, https:\/\/sdgloballaser.com\/wp-content\/uploads\/2026\/02\/006-1-18x12.webp 18w, https:\/\/sdgloballaser.com\/wp-content\/uploads\/2026\/02\/006-1-600x429.webp 600w\" sizes=\"auto, (max-width: 1440px) 100vw, 1440px\" \/><\/p>","protected":false},"excerpt":{"rendered":"<p>The High-Speed Engine for Commercial Fabrication<br \/>\nSupercharge your production floor with the Elite 6090 Pro (100W\/130W). Designed for high-volume commercial fabrication, this workhorse achieves rapid cutting speeds up to 60,000mm\/min without sacrificing edge quality. Its upgraded power effortlessly slices through thicker materials, dramatically reducing processing time and maximizing your daily output and profitability.<\/p>\n<p>Target Audience: Commercial fabricators, busy advertising agencies, and contract manufacturing facilities.<\/p>\n<p>Ideal Industries: Thick acrylic displays, architectural models, solid wood packaging, and MDF processing.<\/p>","protected":false},"featured_media":3576,"comment_status":"open","ping_status":"closed","template":"","meta":{"_gspb_post_css":""},"product_brand":[],"product_cat":[45],"product_tag":[],"class_list":{"0":"post-3581","1":"product","2":"type-product","3":"status-publish","4":"has-post-thumbnail","6":"product_cat-laser-engraving-machine","8":"first","9":"instock","10":"shipping-taxable","11":"purchasable","12":"product-type-simple"},"_links":{"self":[{"href":"https:\/\/sdgloballaser.com\/fr\/wp-json\/wp\/v2\/product\/3581","targetHints":{"allow":["GET"]}}],"collection":[{"href":"https:\/\/sdgloballaser.com\/fr\/wp-json\/wp\/v2\/product"}],"about":[{"href":"https:\/\/sdgloballaser.com\/fr\/wp-json\/wp\/v2\/types\/product"}],"replies":[{"embeddable":true,"href":"https:\/\/sdgloballaser.com\/fr\/wp-json\/wp\/v2\/comments?post=3581"}],"wp:featuredmedia":[{"embeddable":true,"href":"https:\/\/sdgloballaser.com\/fr\/wp-json\/wp\/v2\/media\/3576"}],"wp:attachment":[{"href":"https:\/\/sdgloballaser.com\/fr\/wp-json\/wp\/v2\/media?parent=3581"}],"wp:term":[{"taxonomy":"product_brand","embeddable":true,"href":"https:\/\/sdgloballaser.com\/fr\/wp-json\/wp\/v2\/product_brand?post=3581"},{"taxonomy":"product_cat","embeddable":true,"href":"https:\/\/sdgloballaser.com\/fr\/wp-json\/wp\/v2\/product_cat?post=3581"},{"taxonomy":"product_tag","embeddable":true,"href":"https:\/\/sdgloballaser.com\/fr\/wp-json\/wp\/v2\/product_tag?post=3581"}],"curies":[{"name":"wp","href":"https:\/\/api.w.org\/{rel}","templated":true}]}}