{"id":3536,"date":"2026-02-04T05:36:30","date_gmt":"2026-02-04T05:36:30","guid":{"rendered":"https:\/\/sdgloballaser.com\/?post_type=product&#038;p=3536"},"modified":"2026-03-03T06:07:41","modified_gmt":"2026-03-03T06:07:41","slug":"1390-laser-system","status":"publish","type":"product","link":"https:\/\/sdgloballaser.com\/fr\/product\/1390-laser-system\/","title":{"rendered":"Syst\u00e8me laser Elite 1390 - Solution de d\u00e9coupe de pr\u00e9cision \u00e0 grande vitesse"},"content":{"rendered":"<p><img loading=\"lazy\" decoding=\"async\" class=\"wp-image-4031 size-full\" src=\"http:\/\/sdgloballaser.com\/wp-content\/uploads\/2026\/02\/007.webp\" alt=\"Syst\u00e8me Laser Elite 1390 - D\u00e9coupe de pr\u00e9cision \u00e0 haute vitesse\" width=\"1440\" height=\"546\" srcset=\"https:\/\/sdgloballaser.com\/wp-content\/uploads\/2026\/02\/007.webp 1440w, https:\/\/sdgloballaser.com\/wp-content\/uploads\/2026\/02\/007-300x114.webp 300w, https:\/\/sdgloballaser.com\/wp-content\/uploads\/2026\/02\/007-1024x388.webp 1024w, https:\/\/sdgloballaser.com\/wp-content\/uploads\/2026\/02\/007-768x291.webp 768w, https:\/\/sdgloballaser.com\/wp-content\/uploads\/2026\/02\/007-18x7.webp 18w, https:\/\/sdgloballaser.com\/wp-content\/uploads\/2026\/02\/007-600x228.webp 600w\" sizes=\"auto, (max-width: 1440px) 100vw, 1440px\" \/><\/p>\n<p>Concernant le syst\u00e8me de contr\u00f4le :<b data-path-to-node=\"21,1,0\" data-index-in-node=\"6\">Syst\u00e8me de contr\u00f4le industriel standard.<\/b> \u00c9quip\u00e9 du <b data-path-to-node=\"21,1,0\" data-index-in-node=\"58\">Contr\u00f4leur Ruida<\/b>, le standard du march\u00e9 en mati\u00e8re de fiabilit\u00e9<\/p>\n<p><em>Pourquoi c'est important : Prend en charge la reprise hors tension et est enti\u00e8rement compatible avec le logiciel LightBurn (norme de l'industrie occidentale), CorelDraw et AutoCAD. Pas de casse-t\u00eate avec les logiciels propri\u00e9taires.<\/em><\/p>\n<p>A propos de la m\u00e9canique\uff1a<strong>Syst\u00e8me de mouvement de pr\u00e9cision<\/strong><\/p>\n<p><em>Nous utilisons <b data-path-to-node=\"23,1,1,0,0\" data-index-in-node=\"11\">Leadshine \u00e0 haut couple, associ\u00e9 \u00e0 des rails de guidage lin\u00e9aires de haute pr\u00e9cision ;<\/b><\/em><\/p>\n<p><em><strong>Avantage<\/strong>Assure des courbes douces sans bords \u201c en escalier \u201d, m\u00eame \u00e0 des vitesses \u00e9lev\u00e9es allant jusqu'\u00e0 600 mm\/s.<\/em><\/p>\n<p>\u00c0 propos de la scalabilit\u00e9<strong>Polyvalence avant tout<\/strong><\/p>\n<p><strong>Portes de passage<\/strong> Permet la prise en charge de longueurs de mat\u00e9riaux illimit\u00e9es<\/p>\n<p><em><b data-path-to-node=\"25,1,1,1,0\" data-index-in-node=\"0\">Syst\u00e8me double plateforme :<\/b> Inclut les deux <b data-path-to-node=\"25,1,1,1,0\" data-index-in-node=\"36\">Table Lame de Couteau<\/b> (pour des mat\u00e9riaux lourds comme le bois\/l'acrylique) et <b data-path-to-node=\"25,1,1,1,0\" data-index-in-node=\"98\">Table en nid d'abeille<\/b> (pour les mati\u00e8res souples comme le tissu\/le cuir).<\/em><\/p>\n<p><em><b data-path-to-node=\"25,1,1,2,0\" data-index-in-node=\"0\">Axe Z motoris\u00e9 :<\/b> Jusqu'\u00e0 500mm de profondeur, pr\u00eat pour <b data-path-to-node=\"25,1,1,2,0\" data-index-in-node=\"47\">Attachement rotatif<\/b> (gravure sur cylindre).<\/em><\/p>\n<p><img loading=\"lazy\" decoding=\"async\" class=\"alignnone size-full wp-image-4026\" src=\"http:\/\/sdgloballaser.com\/wp-content\/uploads\/2026\/02\/005.webp\" alt=\"\" width=\"1440\" height=\"522\" srcset=\"https:\/\/sdgloballaser.com\/wp-content\/uploads\/2026\/02\/005.webp 1440w, https:\/\/sdgloballaser.com\/wp-content\/uploads\/2026\/02\/005-300x109.webp 300w, https:\/\/sdgloballaser.com\/wp-content\/uploads\/2026\/02\/005-1024x371.webp 1024w, https:\/\/sdgloballaser.com\/wp-content\/uploads\/2026\/02\/005-768x278.webp 768w, https:\/\/sdgloballaser.com\/wp-content\/uploads\/2026\/02\/005-18x7.webp 18w, https:\/\/sdgloballaser.com\/wp-content\/uploads\/2026\/02\/005-600x218.webp 600w\" sizes=\"auto, (max-width: 1440px) 100vw, 1440px\" \/><\/p>\n<p>&nbsp;<\/p>\n<p><img loading=\"lazy\" decoding=\"async\" class=\"alignnone size-full wp-image-4025\" src=\"http:\/\/sdgloballaser.com\/wp-content\/uploads\/2026\/02\/004.webp\" alt=\"\" width=\"1440\" height=\"522\" srcset=\"https:\/\/sdgloballaser.com\/wp-content\/uploads\/2026\/02\/004.webp 1440w, https:\/\/sdgloballaser.com\/wp-content\/uploads\/2026\/02\/004-300x109.webp 300w, https:\/\/sdgloballaser.com\/wp-content\/uploads\/2026\/02\/004-1024x371.webp 1024w, https:\/\/sdgloballaser.com\/wp-content\/uploads\/2026\/02\/004-768x278.webp 768w, https:\/\/sdgloballaser.com\/wp-content\/uploads\/2026\/02\/004-18x7.webp 18w, https:\/\/sdgloballaser.com\/wp-content\/uploads\/2026\/02\/004-600x218.webp 600w\" sizes=\"auto, (max-width: 1440px) 100vw, 1440px\" \/><\/p>\n<p>Con\u00e7u pour le traitement intensif<br \/>\nQue vous produisiez des enseignes en acrylique, des articles artisanaux en MDF ou des articles en cuir, la s\u00e9rie 1390 offre des bords nets et un d\u00e9bit \u00e9lev\u00e9.<\/p>\n<table style=\"height: 119px;\" width=\"965\">\n<thead>\n<tr>\n<th>Mat\u00e9riel<\/th>\n<th>80W<\/th>\n<th>100 W<\/th>\n<th>130W<\/th>\n<th>150W<\/th>\n<\/tr>\n<\/thead>\n<tbody>\n<tr>\n<td>Acrylique<\/td>\n<td>8\u201310 mm<\/td>\n<td>10\u201315 mm<\/td>\n<td>15\u201320 mm<\/td>\n<td>20\u201325 mm<\/td>\n<\/tr>\n<tr>\n<td>Contreplaqu\u00e9 \/ MDF<\/td>\n<td>5\u20138 mm<\/td>\n<td>8\u201310 mm<\/td>\n<td>10-12 mm<\/td>\n<td>12\u201315 mm<\/td>\n<\/tr>\n<tr>\n<td>Cuir<\/td>\n<td>Oui<\/td>\n<td>Oui<\/td>\n<td>Oui<\/td>\n<td>Oui<\/td>\n<\/tr>\n<\/tbody>\n<\/table>\n<p>Remarque : Donn\u00e9es \u00e0 titre indicatif uniquement. La profondeur de coupe r\u00e9elle d\u00e9pend de la densit\u00e9 et de la vitesse du mat\u00e9riau.<\/p>\n<p><img loading=\"lazy\" decoding=\"async\" class=\"alignnone size-full wp-image-4024\" src=\"http:\/\/sdgloballaser.com\/wp-content\/uploads\/2026\/02\/003.webp\" alt=\"\" width=\"1440\" height=\"522\" srcset=\"https:\/\/sdgloballaser.com\/wp-content\/uploads\/2026\/02\/003.webp 1440w, https:\/\/sdgloballaser.com\/wp-content\/uploads\/2026\/02\/003-300x109.webp 300w, https:\/\/sdgloballaser.com\/wp-content\/uploads\/2026\/02\/003-1024x371.webp 1024w, https:\/\/sdgloballaser.com\/wp-content\/uploads\/2026\/02\/003-768x278.webp 768w, https:\/\/sdgloballaser.com\/wp-content\/uploads\/2026\/02\/003-18x7.webp 18w, https:\/\/sdgloballaser.com\/wp-content\/uploads\/2026\/02\/003-600x218.webp 600w\" sizes=\"auto, (max-width: 1440px) 100vw, 1440px\" \/><\/p>\n<table style=\"height: 349px;\" width=\"1436\" data-path-to-node=\"29\">\n<thead>\n<tr>\n<td><strong>Sp\u00e9cification<\/strong><\/td>\n<td><strong>D\u00e9tails<\/strong><\/td>\n<\/tr>\n<\/thead>\n<tbody>\n<tr>\n<td><span data-path-to-node=\"29,1,0,0\"><b data-path-to-node=\"29,1,0,0\" data-index-in-node=\"0\">Mod\u00e8le<\/b><\/span><\/td>\n<td><span data-path-to-node=\"29,1,1,0\">D\u00e9coupeuse laser au CO2 1390<\/span><\/td>\n<\/tr>\n<tr>\n<td><span data-path-to-node=\"29,2,0,0\"><b data-path-to-node=\"29,2,0,0\" data-index-in-node=\"0\">Zone de travail<\/b><\/span><\/td>\n<td><span data-path-to-node=\"29,2,1,0\">1300 mm x 900 mm (51\u2033 x 35\u2033)<\/span><\/td>\n<\/tr>\n<tr>\n<td><span data-path-to-node=\"29,3,0,0\"><b data-path-to-node=\"29,3,0,0\" data-index-in-node=\"0\">Type laser<\/b><\/span><\/td>\n<td><span data-path-to-node=\"29,3,1,0\">Tube laser CO2 scell\u00e9 en verre (Reci\/Yongli\/EFR en option)<\/span><\/td>\n<\/tr>\n<tr>\n<td><span data-path-to-node=\"29,4,0,0\"><b data-path-to-node=\"29,4,0,0\" data-index-in-node=\"0\">Puissance laser<\/b><\/span><\/td>\n<td><span data-path-to-node=\"29,4,1,0\">80W \/ 100W \/ 130W \/ 150W<\/span><\/td>\n<\/tr>\n<tr>\n<td><span data-path-to-node=\"29,5,0,0\"><b data-path-to-node=\"29,5,0,0\" data-index-in-node=\"0\">Syst\u00e8me de contr\u00f4le<\/b><\/span><\/td>\n<td><span data-path-to-node=\"29,5,1,0\">Ruida RDWorks V8 (Compatible LightBurn)<\/span><\/td>\n<\/tr>\n<tr>\n<td><span data-path-to-node=\"29,6,0,0\"><b data-path-to-node=\"29,6,0,0\" data-index-in-node=\"0\">Syst\u00e8me de conduite<\/b><\/span><\/td>\n<td><span data-path-to-node=\"29,6,1,0\">Moteur pas \u00e0 pas hybride 57 et pilote<\/span><\/td>\n<\/tr>\n<tr>\n<td><span data-path-to-node=\"29,7,0,0\"><b data-path-to-node=\"29,7,0,0\" data-index-in-node=\"0\">Mode de refroidissement<\/b><\/span><\/td>\n<td><span data-path-to-node=\"29,7,1,0\">Refroidisseur \u00e0 eau CW-3000\/5000\/5200 (bas\u00e9 sur la puissance)<\/span><\/td>\n<\/tr>\n<tr>\n<td><span data-path-to-node=\"29,8,0,0\"><b data-path-to-node=\"29,8,0,0\" data-index-in-node=\"0\">Vitesse maximale<\/b><\/span><\/td>\n<td><span data-path-to-node=\"29,8,1,0\">Gravure : 600 mm\/s ; D\u00e9coupe : 400 mm\/s<\/span><\/td>\n<\/tr>\n<tr>\n<td><span data-path-to-node=\"29,9,0,0\"><b data-path-to-node=\"29,9,0,0\" data-index-in-node=\"0\">Connectivit\u00e9<\/b><\/span><\/td>\n<td><span data-path-to-node=\"29,9,1,0\">USB, Ethernet (LAN), cl\u00e9 USB (hors ligne)<\/span><\/td>\n<\/tr>\n<tr>\n<td><span data-path-to-node=\"29,10,0,0\"><b data-path-to-node=\"29,10,0,0\" data-index-in-node=\"0\">Formats pris en charge<\/b><\/span><\/td>\n<td><span data-path-to-node=\"29,10,1,0\">DXF, AI, PLT, DST, DSB, BMP, JPG, PNG<\/span><\/td>\n<\/tr>\n<tr>\n<td><span data-path-to-node=\"29,11,0,0\"><b data-path-to-node=\"29,11,0,0\" data-index-in-node=\"0\">Alimentation<\/b><\/span><\/td>\n<td><span data-path-to-node=\"29,11,1,0\">AC 110V\/220V \u00b110%, 50\/60Hz<\/span><\/td>\n<\/tr>\n<\/tbody>\n<\/table>\n<p><img loading=\"lazy\" decoding=\"async\" class=\"alignnone size-full wp-image-4023\" src=\"http:\/\/sdgloballaser.com\/wp-content\/uploads\/2026\/02\/002.webp\" alt=\"\" width=\"1440\" height=\"522\" srcset=\"https:\/\/sdgloballaser.com\/wp-content\/uploads\/2026\/02\/002.webp 1440w, https:\/\/sdgloballaser.com\/wp-content\/uploads\/2026\/02\/002-300x109.webp 300w, https:\/\/sdgloballaser.com\/wp-content\/uploads\/2026\/02\/002-1024x371.webp 1024w, https:\/\/sdgloballaser.com\/wp-content\/uploads\/2026\/02\/002-768x278.webp 768w, https:\/\/sdgloballaser.com\/wp-content\/uploads\/2026\/02\/002-18x7.webp 18w, https:\/\/sdgloballaser.com\/wp-content\/uploads\/2026\/02\/002-600x218.webp 600w\" sizes=\"auto, (max-width: 1440px) 100vw, 1440px\" \/> <img loading=\"lazy\" decoding=\"async\" class=\"alignnone size-full wp-image-4022\" src=\"http:\/\/sdgloballaser.com\/wp-content\/uploads\/2026\/02\/006.webp\" alt=\"\" width=\"1440\" height=\"1042\" srcset=\"https:\/\/sdgloballaser.com\/wp-content\/uploads\/2026\/02\/006.webp 1440w, https:\/\/sdgloballaser.com\/wp-content\/uploads\/2026\/02\/006-300x217.webp 300w, https:\/\/sdgloballaser.com\/wp-content\/uploads\/2026\/02\/006-1024x741.webp 1024w, https:\/\/sdgloballaser.com\/wp-content\/uploads\/2026\/02\/006-768x556.webp 768w, https:\/\/sdgloballaser.com\/wp-content\/uploads\/2026\/02\/006-18x12.webp 18w, https:\/\/sdgloballaser.com\/wp-content\/uploads\/2026\/02\/006-600x434.webp 600w\" sizes=\"auto, (max-width: 1440px) 100vw, 1440px\" \/><\/p>\n<p>&nbsp;<\/p>","protected":false},"excerpt":{"rendered":"<p>The GlobalLaser Elite 1390 is a fully-loaded, high-speed CO2 laser system engineered for serious commercial fabrication. With a massive 1300x900mm working area, this zero-compromise machine delivers relentless precision and rapid ROI for large-scale non-metallic processing.<\/p>\n<p>Target Audience: Commercial sign makers, medium-to-large fabrication facilities, and contract manufacturers.<\/p>\n<p>Key Industries: Illuminated acrylic signage, solid wood furniture components, architectural models, and heavy textile\/leather processing.<\/p>\n<p>Core Advantage: Effortlessly handles full-sized material sheets, drastically reducing preparation time and labor costs.<\/p>","protected":false},"featured_media":4009,"comment_status":"open","ping_status":"closed","template":"","meta":{"_gspb_post_css":""},"product_brand":[],"product_cat":[45],"product_tag":[],"class_list":{"0":"post-3536","1":"product","2":"type-product","3":"status-publish","4":"has-post-thumbnail","6":"product_cat-laser-engraving-machine","8":"first","9":"instock","10":"shipping-taxable","11":"purchasable","12":"product-type-simple"},"_links":{"self":[{"href":"https:\/\/sdgloballaser.com\/fr\/wp-json\/wp\/v2\/product\/3536","targetHints":{"allow":["GET"]}}],"collection":[{"href":"https:\/\/sdgloballaser.com\/fr\/wp-json\/wp\/v2\/product"}],"about":[{"href":"https:\/\/sdgloballaser.com\/fr\/wp-json\/wp\/v2\/types\/product"}],"replies":[{"embeddable":true,"href":"https:\/\/sdgloballaser.com\/fr\/wp-json\/wp\/v2\/comments?post=3536"}],"wp:featuredmedia":[{"embeddable":true,"href":"https:\/\/sdgloballaser.com\/fr\/wp-json\/wp\/v2\/media\/4009"}],"wp:attachment":[{"href":"https:\/\/sdgloballaser.com\/fr\/wp-json\/wp\/v2\/media?parent=3536"}],"wp:term":[{"taxonomy":"product_brand","embeddable":true,"href":"https:\/\/sdgloballaser.com\/fr\/wp-json\/wp\/v2\/product_brand?post=3536"},{"taxonomy":"product_cat","embeddable":true,"href":"https:\/\/sdgloballaser.com\/fr\/wp-json\/wp\/v2\/product_cat?post=3536"},{"taxonomy":"product_tag","embeddable":true,"href":"https:\/\/sdgloballaser.com\/fr\/wp-json\/wp\/v2\/product_tag?post=3536"}],"curies":[{"name":"wp","href":"https:\/\/api.w.org\/{rel}","templated":true}]}}