{"id":526,"date":"2025-05-13T09:09:46","date_gmt":"2025-05-13T09:09:46","guid":{"rendered":"https:\/\/sdgloballaser.com\/?page_id=526"},"modified":"2026-02-09T08:59:03","modified_gmt":"2026-02-09T08:59:03","slug":"shipping-policy","status":"publish","type":"page","link":"https:\/\/sdgloballaser.com\/fr\/shipping-policy\/","title":{"rendered":"Politique d&#039;exp\u00e9dition"},"content":{"rendered":"<div class=\"wp-block-greenshift-blocks-row alignfull gspb_row gspb_row-id-gsbp-1f0ba81\" id=\"gspb_row-id-gsbp-1f0ba81\"><div class=\"gspb_backgroundOverlay\"><\/div><div class=\"gspb_row__content\"> \n<div class=\"wp-block-greenshift-blocks-row-column gspb_row__col--12 gspb_col-id-gsbp-bb0f304\" id=\"gspb_col-id-gsbp-bb0f304\">\n<h1 id=\"gspb_heading-id-gsbp-89552de\" class=\"gspb_heading gspb_heading-id-gsbp-89552de\" data-aos=\"zoom-out-right\" data-aos-easing=\"ease\" data-aos-duration=\"800\" data-aos-once=\"true\">Politique d&#039;exp\u00e9dition<\/h1>\n\n\n\n<div class=\"wp-block-greenshift-blocks-iconlist gspb_iconsList gspb_iconsList-id-gsbp-f8be098\" id=\"gspb_iconsList-id-gsbp-f8be098\" data-aos=\"zoom-out-right\" data-aos-easing=\"ease\" data-aos-duration=\"800\" data-aos-once=\"true\"><div class=\"gspb_iconsList__item\" data-id=\"0\"><svg class=\"\" style=\"display:inline-block;vertical-align:middle\" width=\"18\" height=\"18\" viewbox=\"0 0 1024 1024\" xmlns=\"http:\/\/www.w3.org\/2000\/svg\"><path style=\"fill:#565D66\" d=\"M512 16c274 0 496 222 496 496s-222 496-496 496-496-222-496-496 222-496 496-496zM739.8 478l-271-271c-18.8-18.8-49.2-18.8-67.8 0l-34 34c-18.8 18.8-18.8 49.2 0 67.8l203.2 203.2-203.2 203.2c-18.8 18.8-18.8 49.2 0 67.8l34 34c18.8 18.8 49.2 18.8 67.8 0l271-271c18.8-18.8 18.8-49.2 0-68z\"><\/path><\/svg><span class=\"gspb_iconsList__item__text\"><a href=\"https:\/\/sdgloballaser.com\/fr\/home\/\" data-type=\"link\" data-id=\"https:\/\/chemsta.net\/\">Retour \u00e0 l&#039;accueil<\/a><\/span><\/div><\/div>\n<\/div>\n <\/div><\/div>\n\n\n\n<div class=\"wp-block-greenshift-blocks-row alignfull gspb_row gspb_row-id-gsbp-f25a76e\" id=\"gspb_row-id-gsbp-f25a76e\"><div class=\"gspb_row__content\"> \n<div class=\"wp-block-greenshift-blocks-row-column gspb_row__col--12 gspb_col-id-gsbp-4602eda\" id=\"gspb_col-id-gsbp-4602eda\">\n<p>Chez Global Laser, nous nous effor\u00e7ons de fournir une livraison rapide et efficace de nos produits \u00e0 nos clients. Nous exp\u00e9dions nos produits \u00e0 des clients nationaux et internationaux.<\/p>\n\n\n\n<p><strong>Exp\u00e9dition nationale :<\/strong><br>Nous exp\u00e9dions nos produits en Chine continentale via diff\u00e9rents transporteurs, en fonction du produit et du lieu de r\u00e9sidence du client.<br>Les frais de livraison nationaux peuvent varier en fonction du poids et de la taille du produit, ainsi que de la destination de livraison.<br>Le d\u00e9lai de livraison estim\u00e9 pour les envois nationaux est g\u00e9n\u00e9ralement de 3 \u00e0 7 jours ouvrables, selon le transporteur et la destination.<\/p>\n\n\n\n<p><strong>Exp\u00e9dition internationale :<\/strong><br>Nous exp\u00e9dions nos produits \u00e0 nos clients internationaux via diff\u00e9rents transporteurs, en fonction du produit et du lieu de r\u00e9sidence du client.<br>Les frais d&#039;exp\u00e9dition internationale peuvent varier en fonction du poids et de la taille du produit, ainsi que de la destination de l&#039;exp\u00e9dition.<br>Le d\u00e9lai de livraison estim\u00e9 pour les envois internationaux varie selon le transporteur et la destination. Ce d\u00e9lai peut \u00eatre affect\u00e9 par les douanes et d&#039;autres facteurs ind\u00e9pendants de notre volont\u00e9.<br>Veuillez noter que nous ne sommes pas responsables des droits de douane, taxes ou frais pouvant \u00eatre impos\u00e9s par le pays de destination. Ces frais sont \u00e0 la charge du client.<\/p>\n\n\n\n<p>Si vous avez des questions ou des inqui\u00e9tudes concernant la livraison, n&#039;h\u00e9sitez pas \u00e0 nous contacter \u00e0 l&#039;adresse suivante :\u00a0<a href=\"mailto:info@sdgloballaser.com\" data-type=\"mailto\" data-id=\"mailto:info@sdgloballaser.com\"><strong>info@sdgloballaser.com<\/strong><\/a>.<\/p>\n<\/div>\n <\/div><\/div>","protected":false},"excerpt":{"rendered":"","protected":false},"author":1,"featured_media":0,"parent":0,"menu_order":0,"comment_status":"closed","ping_status":"closed","template":"","meta":{"_gspb_post_css":"#gspb_row-id-gsbp-1f0ba81{justify-content:space-between;margin-top:0;margin-bottom:0;display:flex;flex-wrap:wrap;min-height:45vh}#gspb_row-id-gsbp-1f0ba81>.gspb_row__content{display:flex;justify-content:space-between;margin:0 auto;width:100%;flex-wrap:wrap;align-items:center}.gspb_row{position:relative}div[id^=gspb_col-id]{box-sizing:border-box;position:relative;padding:var(--gs-row-column-padding, 15px min(3vw, 20px))}@media (max-width:991.98px){#gspb_row-id-gsbp-1f0ba81{min-height:25vh}}@media (max-width:575.98px){#gspb_row-id-gsbp-1f0ba81{min-height:30vh}}#gspb_row-id-gsbp-1f0ba81{align-content:center}@media (max-width:575.98px){#gspb_row-id-gsbp-1f0ba81{padding-left:10px}}#gspb_row-id-gsbp-1f0ba81{background-size:cover;background-repeat:no-repeat;background-image:url(https:\/\/sdgloballaser.com\/wp-content\/uploads\/2025\/05\/30.jpg);isolation:isolate}#gspb_row-id-gsbp-1f0ba81:hover{background-size:cover}#gspb_row-id-gsbp-1f0ba81>.gspb_backgroundOverlay{position:absolute;top:0;left:0;width:100%;height:100%;z-index:-1;opacity:.93;background-image:linear-gradient(90deg,#0e3482 0,rgba(255,255,255,0) 100%)}#gspb_col-id-gsbp-bb0f304.gspb_row__col--12{width:100%}@media (max-width:575.98px){#gspb_col-id-gsbp-bb0f304.gspb_row__col--12{width:100%}}.gspb_row #gspb_col-id-gsbp-bb0f304.gspb_row__col--12{padding:0}#gspb_heading-id-gsbp-89552de{transition-duration:.8s;transition-timing-function:var(--gs-root-animation-easing, cubic-bezier(0.42, 0, 0.58, 1));opacity:var(--gs-root-animation-opacity, 0);transition-property:opacity,transform;transform:var(--gs-root-animation-transform, translate3d(calc(max(50px, 15%) * -1), 0, 0) scale(1.2));text-transform:capitalize;font-size:50px}#gspb_heading-id-gsbp-89552de.aos-animate,#gspb_heading-id-gsbp-89552de[data-gs-aos]{opacity:1;transform:translateZ(0) scale(1)}@media (max-width:575.98px){#gspb_heading-id-gsbp-89552de{font-size:35px}}#gspb_heading-id-gsbp-89552de{color:var(--wp--preset--color--palette-color-8, var(--theme-palette-color-8, #ffffff));margin-top:0;margin-bottom:0}#gspb_iconsList-id-gsbp-f8be098.gspb_iconsList .gspb_iconsList__item__text{margin-left:15px}#gspb_iconsList-id-gsbp-f8be098.gspb_iconsList .gspb_iconsList__item{display:flex;flex-direction:row;align-items:center;position:relative;transition:all .5s cubic-bezier(.42,0,.58,1)}#gspb_iconsList-id-gsbp-f8be098.gspb_iconsList .gspb_iconsList__item svg path{fill:var(--theme-link-initial-color, #2184f9)!important}body #gspb_iconsList-id-gsbp-f8be098.gspb_iconsList .gspb_iconsList__item img,body #gspb_iconsList-id-gsbp-f8be098.gspb_iconsList .gspb_iconsList__item svg{margin:0!important}#gspb_iconsList-id-gsbp-f8be098.gspb_iconsList .gspb_iconsList__item .wp-block a,#gspb_iconsList-id-gsbp-f8be098.gspb_iconsList .gspb_iconsList__item a{color:var(--wp--preset--color--palette-color-7, var(--theme-palette-color-7, #ffffff))}#gspb_iconsList-id-gsbp-f8be098.gspb_iconsList{transition-duration:.8s;transition-timing-function:var(--gs-root-animation-easing, cubic-bezier(0.42, 0, 0.58, 1));opacity:var(--gs-root-animation-opacity, 0);transition-property:opacity,transform;transform:var(--gs-root-animation-transform, translate3d(calc(max(50px, 15%) * -1), 0, 0) scale(1.2))}#gspb_iconsList-id-gsbp-f8be098.gspb_iconsList.aos-animate,#gspb_iconsList-id-gsbp-f8be098.gspb_iconsList[data-gs-aos]{opacity:1;transform:translateZ(0) scale(1);transition:all .5s cubic-bezier(.42,0,.58,1)}#gspb_iconsList-id-gsbp-f8be098.gspb_iconsList:hover{transform:translateX(-15px)}#gspb_iconsList-id-gsbp-f8be098.gspb_iconsList [data-id='0'] svg,#gspb_iconsList-id-gsbp-f8be098.gspb_iconsList [data-id='0'] svg path{fill:var(--wp--preset--color--palette-color-7, var(--theme-palette-color-7, #ffffff))!important}#gspb_iconsList-id-gsbp-f8be098.gspb_iconsList [data-id='0'] svg{margin:0!important;transform:rotateY(180deg)}#gspb_row-id-gsbp-f25a76e{justify-content:space-between;display:flex;flex-wrap:wrap;margin-top:50px;margin-bottom:100px}#gspb_row-id-gsbp-f25a76e>.gspb_row__content{display:flex;justify-content:space-between;margin:0 auto;width:100%;flex-wrap:wrap}body.gspb-bodyfront #gspb_row-id-gsbp-1f0ba81>.gspb_row__content,body.gspb-bodyfront #gspb_row-id-gsbp-f25a76e>.gspb_row__content{width:var(--theme-container-width, 1200px);max-width:var(--theme-normal-container-max-width, 1200px)}#gspb_col-id-gsbp-4602eda.gspb_row__col--12{width:100%}@media (max-width:575.98px){#gspb_col-id-gsbp-4602eda.gspb_row__col--12{width:100%}}","footnotes":""},"class_list":["post-526","page","type-page","status-publish","hentry"],"blocksy_meta":[],"_links":{"self":[{"href":"https:\/\/sdgloballaser.com\/fr\/wp-json\/wp\/v2\/pages\/526","targetHints":{"allow":["GET"]}}],"collection":[{"href":"https:\/\/sdgloballaser.com\/fr\/wp-json\/wp\/v2\/pages"}],"about":[{"href":"https:\/\/sdgloballaser.com\/fr\/wp-json\/wp\/v2\/types\/page"}],"author":[{"embeddable":true,"href":"https:\/\/sdgloballaser.com\/fr\/wp-json\/wp\/v2\/users\/1"}],"replies":[{"embeddable":true,"href":"https:\/\/sdgloballaser.com\/fr\/wp-json\/wp\/v2\/comments?post=526"}],"version-history":[{"count":0,"href":"https:\/\/sdgloballaser.com\/fr\/wp-json\/wp\/v2\/pages\/526\/revisions"}],"wp:attachment":[{"href":"https:\/\/sdgloballaser.com\/fr\/wp-json\/wp\/v2\/media?parent=526"}],"curies":[{"name":"wp","href":"https:\/\/api.w.org\/{rel}","templated":true}]}}