{"id":3,"date":"2025-05-06T02:42:04","date_gmt":"2025-05-06T02:42:04","guid":{"rendered":"https:\/\/sdgloballaser.com\/?page_id=3"},"modified":"2026-02-10T01:29:58","modified_gmt":"2026-02-10T01:29:58","slug":"privacy-policy","status":"publish","type":"page","link":"https:\/\/sdgloballaser.com\/fr\/privacy-policy\/","title":{"rendered":"politique de confidentialit\u00e9"},"content":{"rendered":"<div class=\"wp-block-greenshift-blocks-row alignfull gspb_row gspb_row-id-gsbp-1f0ba81\" id=\"gspb_row-id-gsbp-1f0ba81\"><div class=\"gspb_backgroundOverlay\"><\/div><div class=\"gspb_row__content\"> \n<div class=\"wp-block-greenshift-blocks-row-column gspb_row__col--12 gspb_col-id-gsbp-bb0f304\" id=\"gspb_col-id-gsbp-bb0f304\">\n<h1 id=\"gspb_heading-id-gsbp-89552de\" class=\"gspb_heading gspb_heading-id-gsbp-89552de\" data-aos=\"zoom-out-right\" data-aos-easing=\"ease\" data-aos-duration=\"800\" data-aos-once=\"true\">politique de confidentialit\u00e9<\/h1>\n\n\n\n<div class=\"wp-block-greenshift-blocks-iconlist gspb_iconsList gspb_iconsList-id-gsbp-f8be098\" id=\"gspb_iconsList-id-gsbp-f8be098\" data-aos=\"zoom-out-right\" data-aos-easing=\"ease\" data-aos-duration=\"800\" data-aos-once=\"true\"><div class=\"gspb_iconsList__item\" data-id=\"0\"><svg class=\"\" style=\"display:inline-block;vertical-align:middle\" width=\"18\" height=\"18\" viewbox=\"0 0 1024 1024\" xmlns=\"http:\/\/www.w3.org\/2000\/svg\"><path style=\"fill:#565D66\" d=\"M512 16c274 0 496 222 496 496s-222 496-496 496-496-222-496-496 222-496 496-496zM739.8 478l-271-271c-18.8-18.8-49.2-18.8-67.8 0l-34 34c-18.8 18.8-18.8 49.2 0 67.8l203.2 203.2-203.2 203.2c-18.8 18.8-18.8 49.2 0 67.8l34 34c18.8 18.8 49.2 18.8 67.8 0l271-271c18.8-18.8 18.8-49.2 0-68z\"><\/path><\/svg><span class=\"gspb_iconsList__item__text\"><a href=\"https:\/\/sdgloballaser.com\/fr\/home\/\" data-type=\"link\" data-id=\"https:\/\/chemsta.net\/\">Retour \u00e0 l&#039;accueil<\/a><\/span><\/div><\/div>\n<\/div>\n <\/div><\/div>\n\n\n\n<div class=\"wp-block-greenshift-blocks-row alignfull gspb_row gspb_row-id-gsbp-5fd8261\" id=\"gspb_row-id-gsbp-5fd8261\"><div class=\"gspb_row__content\"> \n<div class=\"wp-block-greenshift-blocks-row-column gspb_row__col--12 gspb_col-id-gsbp-c47f809\" id=\"gspb_col-id-gsbp-c47f809\">\n<p>Global Laser s\u2019engage \u00e0 prot\u00e9ger votre vie priv\u00e9e et \u00e0 gagner votre confiance. Global Laser ne vend, n'\u00e9change ni ne loue vos informations personnelles \u00e0 des tiers. Cette politique divulgue les pratiques de confidentialit\u00e9 du site Web Global Laser. Nous utilisons les informations que nous collectons \u00e0 votre sujet sur le site Web Global Laser pour traiter les commandes et maintenir une relation avec vous tout au long de l'utilisation de nos produits et services. Cette politique explique comment vos informations personnelles sont prot\u00e9g\u00e9es. Notre intention est de vous donner autant de contr\u00f4le que possible sur votre vie priv\u00e9e, vos informations personnelles et leur utilisation dans nos activit\u00e9s.<\/p>\n\n\n\n<h4 class=\"wp-block-heading\" id=\"gspb_heading-id-gsbp-ff65a8c\">COMMENT GLOBAL LASER UTILISE-T-IL MES INFORMATIONS ?<\/h4>\n\n\n\n<p>Nous collectons des informations personnelles pour nous aider \u00e0 offrir une exp\u00e9rience utilisateur de haute qualit\u00e9 et pour aider Panel \u00e0 mieux comprendre nos clients. Global Laser ne vend, n'\u00e9change ni ne loue vos informations personnelles \u00e0 des tiers. Les informations personnelles que vous choisissez de nous confier permettent \u00e0 Global Laser de traiter et d'ex\u00e9cuter votre demande d'essai gratuit du Panel Training Center. Nous utilisons \u00e9galement ces informations si vous choisissez de commander nos produits et services pour traiter et finaliser votre commande et vous informer de son statut.<br>1. Nous utilisons les informations personnelles que vous nous fournissez pour vous tenir inform\u00e9(e) des produits et services de SDGlobal Laser.<br>2. Nous pouvons utiliser les informations que nous collectons pour vous informer de temps \u00e0 autre des changements importants de fonctionnalit\u00e9 du site Web, des nouveaux services et produits Global Laser, ainsi que des offres sp\u00e9ciales qui, selon nous, vous seront pr\u00e9cieuses.<br>3. Lorsque vous nous fournissez des informations personnelles pour participer \u00e0 un concours ou \u00e0 une promotion parrain\u00e9(e) par Global Laser ou ses partenaires, nous utilisons ces informations pour administrer le concours et informer les gagnants. Nous conservons toutes les informations relatives \u00e0 ces concours et promotions.<br>4. Nous utiliserons les informations personnelles que vous nous fournissez pour vous adresser des publicit\u00e9s ou des promotions cibl\u00e9es. Nous n&#039;autorisons pas les annonceurs \u00e0 acc\u00e9der aux informations de votre compte. Ces publicit\u00e9s prennent g\u00e9n\u00e9ralement la forme de banni\u00e8res publicitaires et d&#039;e-mails promotionnels.<br>5. Nous \u00e9tudions \u00e9galement les caract\u00e9ristiques d\u00e9mographiques, les centres d&#039;int\u00e9r\u00eat et les comportements de nos utilisateurs \u00e0 partir des informations que vous nous fournissez via notre outil de sondage en ligne. Ces informations sont compil\u00e9es et analys\u00e9es de mani\u00e8re agr\u00e9g\u00e9e et anonyme.<br>6. Nous utilisons les adresses IP que nous collectons pour communiquer des informations agr\u00e9g\u00e9es ou anonymes \u00e0 nos annonceurs.<\/p>\n\n\n\n<h4 class=\"wp-block-heading\" id=\"gspb_heading-id-gsbp-de15d89\">QUI COLLECTE LES INFORMATIONS ?<\/h4>\n\n\n\n<p>Lorsque vous fournissez des informations personnelles sur un site Global Laser, vous partagez ces informations uniquement avec Global Laser, sauf indication contraire. Si une entreprise autre que Global Laser collecte ou conserve vos donn\u00e9es personnelles sur notre site Web, vous en serez inform\u00e9 avant leur collecte ou leur transfert. Vous pouvez toujours choisir de ne pas partager ces informations. Lorsque des entreprises autres que Global Laser sponsorisent des promotions, les donn\u00e9es collect\u00e9es sur le site Global Laser en relation avec ces promotions peuvent \u00eatre partag\u00e9es avec le sponsor. Encore une fois, dans ce cas, vous serez inform\u00e9 avant la collecte ou le transfert des donn\u00e9es, et vous pourrez d\u00e9cider de ne pas participer. La plupart de ces promotions sont r\u00e9serv\u00e9es aux r\u00e9sidents des \u00c9tats-Unis ou d'Am\u00e9rique du Nord. Si vous quittez notre site Web en utilisant des liens pour acc\u00e9der \u00e0 d'autres sites Web tiers, ces tiers peuvent collecter des informations vous concernant. Cette politique de confidentialit\u00e9 ne couvre pas les pratiques de ces entreprises.<\/p>\n\n\n\n<h4 class=\"wp-block-heading\" id=\"gspb_heading-id-gsbp-fc6d8e4\">GLOBAL LASER partage-t-il mes informations\u00a0?<\/h4>\n\n\n\n<p>Sauf indication contraire dans cette politique, Global Laser ne divulgue aucune de vos informations personnelles \u00e0 des tiers sans votre permission. Lisez les sections suivantes pour en savoir plus.<\/p>\n\n\n\n<h4 class=\"wp-block-heading\" id=\"gspb_heading-id-gsbp-7d2bbee\">AUTRES SITUATIONS<\/h4>\n\n\n\n<p>Panel peut \u00e9galement divulguer vos informations lorsque cela est n\u00e9cessaire pour identifier, contacter ou intenter une action en justice contre toute personne susceptible de porter atteinte \u00e0 nos droits ou \u00e0 nos droits de propri\u00e9t\u00e9, aux droits des utilisateurs ou aux droits de tiers. De m\u00eame, Panel divulguera des informations lorsque nous estimons raisonnablement que la loi l&#039;exige ou pour nous conformer \u00e0 une proc\u00e9dure judiciaire signifi\u00e9e \u00e0 Panel ou \u00e0 son site web. Nous pouvons divulguer vos informations personnelles si nous croyons de bonne foi devoir agir dans des circonstances exceptionnelles pour prot\u00e9ger la s\u00e9curit\u00e9 des utilisateurs de Panel, de son site web ou du public.<\/p>\n\n\n\n<h4 class=\"wp-block-heading\" id=\"gspb_heading-id-gsbp-13c3252\">COMMENT GLOBAL LASER PROT\u00c8GE-T-IL VOTRE CARTE DE CR\u00c9DIT ET VOS INFORMATIONS FINANCI\u00c8RES ?<\/h4>\n\n\n\n<p>Nous nous engageons \u00e0 prot\u00e9ger la confidentialit\u00e9 de vos informations de carte bancaire et de compte bancaire. Nous ne vendons, n&#039;\u00e9changeons ni ne louons vos informations financi\u00e8res ou de carte bancaire. Nous ne communiquons ces informations \u00e0 personne sans votre autorisation. Nous pouvons fournir des donn\u00e9es statistiques sur nos clients \u00e0 des annonceurs, partenaires, fournisseurs et autres tiers de confiance. Ces donn\u00e9es sont exclusivement agr\u00e9g\u00e9es et anonymis\u00e9es\u00a0; elles ne contiennent aucune information permettant de vous identifier personnellement. Par exemple, nous ne divulguerons pas que vous avez achet\u00e9 un produit sp\u00e9cifique, mais nous pourrions communiquer des statistiques sur le nombre de clients ayant achet\u00e9 ce produit. Lorsque vous saisissez vos informations de carte bancaire sur notre site Web, nous les transmettons sous forme crypt\u00e9e, en utilisant le protocole de chiffrement SSL (Secure Socket Layer), conforme aux normes du secteur.<\/p>\n\n\n\n<h4 class=\"wp-block-heading\" id=\"gspb_heading-id-gsbp-f618240\">VOS DROITS RELATIFS \u00c0 VOS DONN\u00c9ES PERSONNELLES<\/h4>\n\n\n\n<p>Vous disposez des droits suivants en vertu de la pr\u00e9sente politique de confidentialit\u00e9 et de cookies, et de la loi si vous r\u00e9sidez dans l&#039;UE\u00a0:<br><br><em>-Demandez l&#039;acc\u00e8s \u00e0 vos donn\u00e9es personnelles.<\/em>&nbsp;Si vous r\u00e9sidez dans l&#039;UE, cela vous permet de recevoir une copie des donn\u00e9es personnelles que nous d\u00e9tenons vous concernant et de v\u00e9rifier que nous les traitons de mani\u00e8re licite.<br><em>-Demander la rectification des donn\u00e9es personnelles que nous d\u00e9tenons vous concernant.<\/em>&nbsp;Cela vous permet de faire corriger toute information incompl\u00e8te ou inexacte que nous d\u00e9tenons \u00e0 votre sujet.<br><em>-Demandez l&#039;effacement de vos donn\u00e9es personnelles.&nbsp;<\/em>Cela vous permet de nous demander d&#039;effacer vos donn\u00e9es personnelles lorsqu&#039;il n&#039;existe aucune raison valable de continuer \u00e0 les traiter. Si vous r\u00e9sidez dans l&#039;UE, vous avez \u00e9galement le droit de nous demander d&#039;effacer vos donn\u00e9es personnelles lorsque vous avez exerc\u00e9 votre droit d&#039;opposition au traitement (voir ci-dessous).<br><em>- Vous opposer au traitement de vos donn\u00e9es personnelles.<\/em>&nbsp;Ce droit s&#039;applique lorsque nous nous fondons sur un int\u00e9r\u00eat l\u00e9gitime comme base juridique de notre traitement et que votre situation particuli\u00e8re vous am\u00e8ne \u00e0 vous opposer au traitement de vos donn\u00e9es personnelles pour ce motif. Vous avez \u00e9galement le droit de vous opposer au traitement de vos donn\u00e9es personnelles \u00e0 des fins de prospection commerciale.<br><em>-Demandez la limitation du traitement de vos donn\u00e9es personnelles.<\/em>&nbsp;Cela vous permet de nous demander de suspendre le traitement de vos donn\u00e9es personnelles, par exemple si vous souhaitez que nous v\u00e9rifiions leur exactitude ou la raison de leur traitement.<br><em>-Demandez le transfert de vos donn\u00e9es personnelles.<\/em>&nbsp;Si vous r\u00e9sidez dans l&#039;UE, nous vous fournirons, ou \u00e0 un tiers que vous aurez d\u00e9sign\u00e9, vos donn\u00e9es personnelles dans un format structur\u00e9, couramment utilis\u00e9 et lisible par machine. Veuillez noter que ce droit s&#039;applique uniquement aux informations automatis\u00e9es pour lesquelles vous avez initialement consenti \u00e0 ce que nous les utilisions ou lorsque nous avons utilis\u00e9 ces informations pour ex\u00e9cuter un contrat conclu avec vous.<br><em>-Retirer mon consentement.&nbsp;<\/em>Ce droit s&#039;applique uniquement lorsque nous traitons vos donn\u00e9es personnelles sur la base de votre consentement (\u201c\u00a0Retrait du consentement\u00a0\u201d). Si vous retirez votre consentement, il se peut que nous ne puissions plus vous donner acc\u00e8s \u00e0 certaines fonctionnalit\u00e9s de notre site. Nous vous en informerons le cas \u00e9ch\u00e9ant au moment du retrait de votre consentement.<\/p>\n\n\n\n<h4 class=\"wp-block-heading\" id=\"gspb_heading-id-gsbp-504bcd9\"><strong>PLAINTES<\/strong><\/h4>\n\n\n\n<p>Si vous souhaitez d\u00e9poser une plainte concernant cette politique de confidentialit\u00e9 ou nos pratiques en mati\u00e8re de donn\u00e9es personnelles, veuillez nous contacter \u00e0 l&#039;adresse suivante\u00a0:&nbsp;<strong><a href=\"mailto:info@sdgloballaser.com\" data-type=\"mailto\" data-id=\"mailto:info@sdgloballaser.com\">info@sdgloballaser.com<\/a>.<\/strong>Nous r\u00e9pondrons \u00e0 votre r\u00e9clamation d\u00e8s que possible.<br>Si vous estimez que votre r\u00e9clamation n&#039;a pas \u00e9t\u00e9 r\u00e9solue de mani\u00e8re satisfaisante, veuillez noter que si vous r\u00e9sidez dans l&#039;UE, le RGPD vous donne le droit de contacter votre autorit\u00e9 de contr\u00f4le de la protection des donn\u00e9es locale.<br><br>Fichiers journaux\u00a0: Les informations des fichiers journaux sont automatiquement transmises par votre navigateur \u00e0 chaque fois que vous acc\u00e9dez \u00e0 une page web. Lorsque vous utilisez nos services, nos serveurs enregistrent automatiquement certaines informations que votre navigateur envoie lors de chaque visite sur un site web. Ces journaux de serveur peuvent inclure des informations telles que votre requ\u00eate web, votre adresse IP, le type de navigateur, les pages et URL de provenance et de destination, le nombre de clics, les noms de domaine, les pages d&#039;arriv\u00e9e, les pages consult\u00e9es et d&#039;autres informations similaires.<\/p>\n\n\n\n<h4 class=\"wp-block-heading\" id=\"gspb_heading-id-gsbp-253d81e\"><strong>DUR\u00c9E DE CONSERVATION DE VOS DONN\u00c9ES PERSONNELLES<\/strong><\/h4>\n\n\n\n<p>Nous conserverons vos informations tant que votre compte sera actif ou tant que leur conservation sera raisonnablement n\u00e9cessaire aux fins d\u00e9crites dans la section \u00ab\u00a0Comment nous utilisons vos donn\u00e9es personnelles et pourquoi\u00a0\u00bb, sauf si vous demandez leur suppression conform\u00e9ment \u00e0 la section \u00ab\u00a0Vos droits relatifs \u00e0 vos donn\u00e9es personnelles\u00a0\u00bb. Nous ne conserverons vos donn\u00e9es personnelles que pendant la dur\u00e9e raisonnablement n\u00e9cessaire \u00e0 ces fins, \u00e0 moins qu&#039;une dur\u00e9e de conservation plus longue ne soit requise par la loi (par exemple, \u00e0 des fins r\u00e9glementaires). Cela peut inclure la conservation de vos donn\u00e9es personnelles apr\u00e8s la d\u00e9sactivation de votre compte pendant la p\u00e9riode n\u00e9cessaire \u00e0 la poursuite de nos int\u00e9r\u00eats commerciaux l\u00e9gitimes, \u00e0 la r\u00e9alisation d&#039;audits, au respect de nos obligations l\u00e9gales (et \u00e0 la d\u00e9monstration de ce respect), au r\u00e8glement des litiges et \u00e0 l&#039;application de nos accords.<\/p>\n\n\n\n<h4 class=\"wp-block-heading\" id=\"gspb_heading-id-gsbp-fdf5979\"><strong>QUE SONT LES COOKIES ET COMMENT GLOBAL LASER LES UTILISE-T-IL ?<\/strong><\/h4>\n\n\n\n<p>Certaines parties de notre syst\u00e8me de gestion de l'apprentissage utilisent des \u201ccookies\u201d afin de reconna\u00eetre imm\u00e9diatement un utilisateur et de lui attribuer diff\u00e9rentes autorisations associ\u00e9es \u00e0 des fonctionnalit\u00e9s du syst\u00e8me. Un \u201ccookie\u201d est un bloc de donn\u00e9es envoy\u00e9 \u00e0 votre navigateur par un serveur web et stock\u00e9 par votre navigateur sur le disque dur de votre ordinateur. Votre navigateur doit \u00eatre configur\u00e9 pour accepter les cookies avant que vous puissiez vous connecter ou personnaliser votre site. La plupart des navigateurs sont configur\u00e9s pour accepter les cookies, mais vous pouvez g\u00e9n\u00e9ralement modifier les param\u00e8tres de votre navigateur pour les refuser. Global Laser n'utilise pas de cookies pour extraire de votre ordinateur des informations personnelles vous concernant. Cette politique ne couvre pas l'utilisation des cookies par les annonceurs sur notre site Web. Global Laser utilise des cookies pour localiser votre nom et les informations relatives \u00e0 votre compte lorsque vous vous connectez \u00e0 votre centre de formation Global Laser afin que vous puissiez acc\u00e9der aux informations relatives \u00e0 votre compte. Lorsque vous vous connectez, le cookie est d\u00e9fini et lorsque vous vous d\u00e9connectez, le cookie est modifi\u00e9. Estimer la taille de notre public. Chaque navigateur qui acc\u00e8de \u00e0 Global Laser re\u00e7oit un cookie unique, qui est utilis\u00e9 pour calculer le nombre de personnes qui reviennent sur notre site Web, comparer le nombre de visiteurs enregistr\u00e9s et non enregistr\u00e9s sur notre site, et utiliser les int\u00e9r\u00eats et le comportement des clients pour cibler nos publicit\u00e9s. Aider les partenaires de Global Laser \u00e0 suivre les visites et \u00e0 effectuer des transactions commerciales. Ces informations sont parfois appel\u00e9es \u201cclickstream\u201d ou \u201cclick trail\u201d. Suivre la fa\u00e7on dont vous utilisez nos promotions, concours et ventes. Lorsqu'une promotion de Global Laser utilise des cookies, les informations enregistr\u00e9es dans le cookie permettent de suivre la progression de l'utilisateur tout au long de la promotion (par exemple, les entr\u00e9es, les soumissions et le statut dans les tirages au sort). Mesurer le trafic dans les diff\u00e9rentes zones du site web de Global Laser. Nous mesurons les zones du r\u00e9seau de sites Web que vous visitez et vos habitudes de visite dans l'ensemble. Cette recherche nous aide \u00e0 comprendre les similitudes et les diff\u00e9rences entre nos clients. Nous pouvons utiliser ces informations pour personnaliser les informations et la conception de notre site Web.<\/p>\n<\/div>\n <\/div><\/div>","protected":false},"excerpt":{"rendered":"","protected":false},"author":1,"featured_media":0,"parent":0,"menu_order":0,"comment_status":"closed","ping_status":"open","template":"","meta":{"_gspb_post_css":"#gspb_row-id-gsbp-1f0ba81{justify-content:space-between;margin-top:0;margin-bottom:0;display:flex;flex-wrap:wrap;min-height:45vh}#gspb_row-id-gsbp-1f0ba81>.gspb_row__content{display:flex;justify-content:space-between;margin:0 auto;width:100%;flex-wrap:wrap;align-items:center}.gspb_row{position:relative}div[id^=gspb_col-id]{box-sizing:border-box;position:relative;padding:var(--gs-row-column-padding, 15px min(3vw, 20px))}@media (max-width:991.98px){#gspb_row-id-gsbp-1f0ba81{min-height:25vh}}@media (max-width:575.98px){#gspb_row-id-gsbp-1f0ba81{min-height:30vh}}#gspb_row-id-gsbp-1f0ba81{align-content:center}@media (max-width:575.98px){#gspb_row-id-gsbp-1f0ba81{padding-left:10px}}#gspb_row-id-gsbp-1f0ba81{background-size:cover;background-repeat:no-repeat;background-image:url(https:\/\/sdgloballaser.com\/wp-content\/uploads\/2025\/05\/30.jpg);isolation:isolate}#gspb_row-id-gsbp-1f0ba81:hover{background-size:cover}#gspb_row-id-gsbp-1f0ba81>.gspb_backgroundOverlay{position:absolute;top:0;left:0;width:100%;height:100%;z-index:-1;opacity:.93;background-image:linear-gradient(90deg,#0e3482 0,rgba(255,255,255,0) 100%)}#gspb_col-id-gsbp-bb0f304.gspb_row__col--12{width:100%}@media (max-width:575.98px){#gspb_col-id-gsbp-bb0f304.gspb_row__col--12{width:100%}}.gspb_row #gspb_col-id-gsbp-bb0f304.gspb_row__col--12{padding:0}#gspb_heading-id-gsbp-89552de{transition-duration:.8s;transition-timing-function:var(--gs-root-animation-easing, cubic-bezier(0.42, 0, 0.58, 1));opacity:var(--gs-root-animation-opacity, 0);transition-property:opacity,transform;transform:var(--gs-root-animation-transform, translate3d(calc(max(50px, 15%) * -1), 0, 0) scale(1.2));text-transform:capitalize;font-size:50px}#gspb_heading-id-gsbp-89552de.aos-animate,#gspb_heading-id-gsbp-89552de[data-gs-aos]{opacity:1;transform:translateZ(0) scale(1)}@media (max-width:575.98px){#gspb_heading-id-gsbp-89552de{font-size:35px}}#gspb_heading-id-gsbp-89552de{color:var(--wp--preset--color--palette-color-8, var(--theme-palette-color-8, #ffffff));margin-top:0;margin-bottom:0}#gspb_iconsList-id-gsbp-f8be098.gspb_iconsList .gspb_iconsList__item__text{margin-left:15px}#gspb_iconsList-id-gsbp-f8be098.gspb_iconsList .gspb_iconsList__item{display:flex;flex-direction:row;align-items:center;position:relative;transition:all .5s cubic-bezier(.42,0,.58,1)}#gspb_iconsList-id-gsbp-f8be098.gspb_iconsList .gspb_iconsList__item svg path{fill:var(--theme-link-initial-color, #2184f9)!important}body #gspb_iconsList-id-gsbp-f8be098.gspb_iconsList .gspb_iconsList__item img,body #gspb_iconsList-id-gsbp-f8be098.gspb_iconsList .gspb_iconsList__item svg{margin:0!important}#gspb_iconsList-id-gsbp-f8be098.gspb_iconsList .gspb_iconsList__item .wp-block a,#gspb_iconsList-id-gsbp-f8be098.gspb_iconsList .gspb_iconsList__item a{color:var(--wp--preset--color--palette-color-7, var(--theme-palette-color-7, #ffffff))}#gspb_iconsList-id-gsbp-f8be098.gspb_iconsList{transition-duration:.8s;transition-timing-function:var(--gs-root-animation-easing, cubic-bezier(0.42, 0, 0.58, 1));opacity:var(--gs-root-animation-opacity, 0);transition-property:opacity,transform;transform:var(--gs-root-animation-transform, translate3d(calc(max(50px, 15%) * -1), 0, 0) scale(1.2))}#gspb_iconsList-id-gsbp-f8be098.gspb_iconsList.aos-animate,#gspb_iconsList-id-gsbp-f8be098.gspb_iconsList[data-gs-aos]{opacity:1;transform:translateZ(0) scale(1);transition:all .5s cubic-bezier(.42,0,.58,1)}#gspb_iconsList-id-gsbp-f8be098.gspb_iconsList:hover{transform:translateX(-15px)}#gspb_iconsList-id-gsbp-f8be098.gspb_iconsList [data-id='0'] svg,#gspb_iconsList-id-gsbp-f8be098.gspb_iconsList [data-id='0'] svg path{fill:var(--wp--preset--color--palette-color-7, var(--theme-palette-color-7, #ffffff))!important}#gspb_iconsList-id-gsbp-f8be098.gspb_iconsList [data-id='0'] svg{margin:0!important;transform:rotateY(180deg)}#gspb_row-id-gsbp-5fd8261{justify-content:space-between;display:flex;flex-wrap:wrap;margin-top:50px;margin-bottom:100px}#gspb_row-id-gsbp-5fd8261>.gspb_row__content{display:flex;justify-content:space-between;margin:0 auto;width:100%;flex-wrap:wrap}body.gspb-bodyfront #gspb_row-id-gsbp-1f0ba81>.gspb_row__content,body.gspb-bodyfront #gspb_row-id-gsbp-5fd8261>.gspb_row__content{width:var(--theme-container-width, 1200px);max-width:var(--theme-normal-container-max-width, 1200px)}#gspb_col-id-gsbp-c47f809.gspb_row__col--12{width:100%}@media (max-width:575.98px){#gspb_col-id-gsbp-c47f809.gspb_row__col--12{width:100%}}","footnotes":""},"class_list":["post-3","page","type-page","status-publish","hentry"],"blocksy_meta":[],"_links":{"self":[{"href":"https:\/\/sdgloballaser.com\/fr\/wp-json\/wp\/v2\/pages\/3","targetHints":{"allow":["GET"]}}],"collection":[{"href":"https:\/\/sdgloballaser.com\/fr\/wp-json\/wp\/v2\/pages"}],"about":[{"href":"https:\/\/sdgloballaser.com\/fr\/wp-json\/wp\/v2\/types\/page"}],"author":[{"embeddable":true,"href":"https:\/\/sdgloballaser.com\/fr\/wp-json\/wp\/v2\/users\/1"}],"replies":[{"embeddable":true,"href":"https:\/\/sdgloballaser.com\/fr\/wp-json\/wp\/v2\/comments?post=3"}],"version-history":[{"count":0,"href":"https:\/\/sdgloballaser.com\/fr\/wp-json\/wp\/v2\/pages\/3\/revisions"}],"wp:attachment":[{"href":"https:\/\/sdgloballaser.com\/fr\/wp-json\/wp\/v2\/media?parent=3"}],"curies":[{"name":"wp","href":"https:\/\/api.w.org\/{rel}","templated":true}]}}