{"id":3557,"date":"2026-02-04T06:03:13","date_gmt":"2026-02-04T06:03:13","guid":{"rendered":"https:\/\/sdgloballaser.com\/?post_type=product&#038;p=3557"},"modified":"2026-03-03T06:27:58","modified_gmt":"2026-03-03T06:27:58","slug":"elite-4060-classic-laser-system","status":"publish","type":"product","link":"https:\/\/sdgloballaser.com\/es\/product\/elite-4060-classic-laser-system\/","title":{"rendered":"Elite 4060 Sistema L\u00e1ser Cl\u00e1sico | Grabador CO2 Fiable y Asequible"},"content":{"rendered":"<p><img loading=\"lazy\" decoding=\"async\" class=\"wp-image-4031 size-full\" src=\"http:\/\/sdgloballaser.com\/wp-content\/uploads\/2026\/02\/007.webp\" alt=\"GlobalLaser Elite 4060 Classic L\u00e1ser Sistema - Grabadora L\u00e1ser de CO2 Confiable y Asequible para Principiantes\" width=\"1440\" height=\"546\" srcset=\"https:\/\/sdgloballaser.com\/wp-content\/uploads\/2026\/02\/007.webp 1440w, https:\/\/sdgloballaser.com\/wp-content\/uploads\/2026\/02\/007-300x114.webp 300w, https:\/\/sdgloballaser.com\/wp-content\/uploads\/2026\/02\/007-1024x388.webp 1024w, https:\/\/sdgloballaser.com\/wp-content\/uploads\/2026\/02\/007-768x291.webp 768w, https:\/\/sdgloballaser.com\/wp-content\/uploads\/2026\/02\/007-18x7.webp 18w, https:\/\/sdgloballaser.com\/wp-content\/uploads\/2026\/02\/007-600x228.webp 600w\" sizes=\"auto, (max-width: 1440px) 100vw, 1440px\" \/><\/p>\n<div style=\"font-family: 'Segoe UI', Roboto, Helvetica, Arial, sans-serif; max-width: 100%; margin: 0; padding: 0; color: #111827; box-sizing: border-box; background-color: #f9fafb;\">\n<div style=\"background-color: #001354; padding: 80px 20px; text-align: center; color: #ffffff;\">\n<div style=\"max-width: 1200px; margin: 0 auto; display: flex; flex-wrap: wrap; gap: 50px; align-items: center; text-align: left;\">\n<div style=\"flex: 1 1 50%; min-width: 300px;\">\n<div style=\"display: inline-block; border: 1px solid #D43804; color: #d43804; padding: 6px 16px; font-size: 13px; font-weight: 800; text-transform: uppercase; letter-spacing: 2px; border-radius: 4px; margin-bottom: 20px;\">Serie Comercial \u2022 400x600mm<\/div>\n<h2 style=\"font-size: 46px; font-weight: 900; line-height: 1.1; margin-bottom: 24px; color: #ffffff; letter-spacing: -1px;\">Elite 4060 de Escritorio<br \/>\nGrabador l\u00e1ser de CO2<\/h2>\n<p style=\"font-size: 18px; color: #9ca3af; line-height: 1.7; margin-bottom: 30px;\">El sistema l\u00e1ser compacto m\u00e1s confiable para emprendedores y talleres peque\u00f1os y medianos. La Elite 4060 transforma acr\u00edlico, madera y cuero en bruto en productos de alto margen. Construida con gu\u00edas lineales de grado industrial y un robusto controlador Ruida DSP, cierra la brecha entre las m\u00e1quinas para aficionados y los enormes equipos industriales de cama plana.<\/p>\n<ul style=\"font-size: 16px; color: #d1d5db; line-height: 1.6; padding-left: 20px; margin-bottom: 40px;\">\n<li style=\"margin-bottom: 10px;\"><strong>\u00c1rea de Trabajo Vers\u00e1til:<\/strong> 400x600 mm (15,7\u2033 x 23,6\u2033) maneja perfectamente las l\u00e1minas de material est\u00e1ndar.<\/li>\n<li style=\"margin-bottom: 10px;\"><strong>Controlador Ruida DSP:<\/strong> Interfaz est\u00e1ndar de la industria, totalmente compatible con el software LightBurn.<\/li>\n<li><strong>Opciones de energ\u00eda:<\/strong> Disponible en tubos de vidrio de CO2 sellados de 50W, 60W u 80W para adaptarse a sus necesidades de profundidad de corte.<\/li>\n<\/ul>\n<p><a style=\"display: inline-block; background-color: #d43804; color: #ffffff; padding: 18px 45px; font-size: 18px; font-weight: 800; text-decoration: none; border-radius: 4px; transition: background-color 0.3s; box-shadow: 0 4px 15px rgba(212, 56, 4, 0.4);\" href=\"#quote\">Obtener una cotizaci\u00f3n y una estimaci\u00f3n del ROI<br \/>\n<\/a><\/p>\n<\/div>\n<div style=\"flex: 1 1 40%; min-width: 300px;\">\n<div style=\"background-color: rgba(255,255,255,0.05); border: 1px solid rgba(255,255,255,0.1); border-radius: 12px; display: flex; align-items: center; justify-content: center; text-align: center; padding: 20px; box-shadow: 0 25px 50px -12px rgba(0,0,0,0.5);\"><img decoding=\"async\" style=\"border-radius: 12px;\" src=\"http:\/\/sdgloballaser.com\/wp-content\/uploads\/2026\/02\/LASER-DIAOKE.jpg\" \/><\/div>\n<\/div>\n<\/div>\n<\/div>\n<div style=\"max-width: 1200px; margin: 80px auto; padding: 0 20px;\">\n<div style=\"text-align: center; margin-bottom: 50px;\">\n<h3 style=\"font-size: 32px; font-weight: 800; color: #111827; margin-bottom: 16px;\">Ampl\u00eda tu poder de corte<\/h3>\n<p style=\"font-size: 18px; color: #4b5563; max-width: 700px; margin: 0 auto;\">Elija la potencia adecuada del tubo de CO2 seg\u00fan el grosor de su material principal.<\/p>\n<\/div>\n<div style=\"display: flex; flex-wrap: wrap; gap: 30px; justify-content: center;\">\n<div style=\"flex: 1 1 calc(33.333% - 30px); min-width: 280px; background: #ffffff; border: 1px solid #E5E7EB; border-radius: 8px; padding: 40px 30px; border-top: 4px solid #001354; box-shadow: 0 4px 6px rgba(0,0,0,0.05); box-sizing: border-box;\">\n<h4 style=\"font-size: 32px; font-weight: 900; margin: 0 0 10px 0; color: #001354;\">50W<\/h4>\n<p style=\"font-size: 14px; color: #6b7280; font-weight: bold; text-transform: uppercase; letter-spacing: 1px; margin-bottom: 20px;\">La Elecci\u00f3n del Grabador<\/p>\n<p style=\"color: #4b5563; line-height: 1.6; margin: 0;\">Proporciona el tama\u00f1o de punto m\u00e1s fino para grabado fotogr\u00e1fico de alta precisi\u00f3n en madera y acr\u00edlico. Puede cortar c\u00f3modamente acr\u00edlico de hasta 5 mm.<\/p>\n<\/div>\n<div style=\"flex: 1 1 calc(33.333% - 30px); min-width: 280px; background: #F8FAFC; border: 2px solid #D43804; border-radius: 8px; padding: 40px 30px; border-top: 4px solid #D43804; position: relative; box-shadow: 0 10px 15px rgba(212, 56, 4, 0.08); box-sizing: border-box;\">\n<div style=\"position: absolute; top: -14px; left: 50%; transform: translateX(-50%); background-color: #d43804; color: white; padding: 4px 16px; border-radius: 20px; font-size: 12px; font-weight: 800; text-transform: uppercase;\">El mejor todoterreno<\/div>\n<h4 style=\"font-size: 32px; font-weight: 900; margin: 0 0 10px 0; color: #d43804;\">60W<\/h4>\n<p style=\"font-size: 14px; color: #991b1b; font-weight: bold; text-transform: uppercase; letter-spacing: 1px; margin-bottom: 20px;\">El punto dulce<\/p>\n<p style=\"color: #4b5563; line-height: 1.6; margin: 0;\">El equilibrio perfecto. Mantiene una excelente resoluci\u00f3n de grabado y, al mismo tiempo, proporciona suficiente potencia para cortar acr\u00edlico o MDF de 8 mm sin problemas.<\/p>\n<\/div>\n<div style=\"flex: 1 1 calc(33.333% - 30px); min-width: 280px; background: #ffffff; border: 1px solid #E5E7EB; border-radius: 8px; padding: 40px 30px; border-top: 4px solid #001354; box-shadow: 0 4px 6px rgba(0,0,0,0.05); box-sizing: border-box;\">\n<h4 style=\"font-size: 32px; font-weight: 900; margin: 0 0 10px 0; color: #001354;\">80W<\/h4>\n<p style=\"font-size: 14px; color: #6b7280; font-weight: bold; text-transform: uppercase; letter-spacing: 1px; margin-bottom: 20px;\">El Cortador<\/p>\n<p style=\"color: #4b5563; line-height: 1.6; margin: 0;\">Dise\u00f1ado para cortes de producci\u00f3n. Tama\u00f1o de punto ligeramente mayor, pero atraviesa materiales de 10-12 mm de espesor con facilidad y rapidez.<\/p>\n<\/div>\n<\/div>\n<\/div>\n<div style=\"max-width: 1000px; margin: 0 auto 80px auto; padding: 0 20px;\">\n<div style=\"background-color: #ffffff; padding: 50px; border-radius: 8px; border: 1px solid #E5E7EB; box-shadow: 0 10px 25px -5px rgba(0,0,0,0.05);\">\n<h3 style=\"font-size: 28px; font-weight: 800; margin-bottom: 30px; text-align: center; color: #001354;\">Especificaciones t\u00e9cnicas<\/h3>\n<table style=\"width: 100%; border-collapse: collapse; text-align: left;\">\n<tbody>\n<tr style=\"border-bottom: 1px solid #E5E7EB;\">\n<th style=\"padding: 16px; background-color: #f9fafb; width: 40%; font-weight: bold; color: #374151;\">\u00c1rea de trabajo<\/th>\n<td style=\"padding: 16px; color: #d43804; font-weight: bold;\">400 x 600 mm (15.7\u2033 x 23.6\u2033)<\/td>\n<\/tr>\n<tr style=\"border-bottom: 1px solid #E5E7EB;\">\n<th style=\"padding: 16px; background-color: #f9fafb; font-weight: 600; color: #374151;\">Opciones de tubo l\u00e1ser<\/th>\n<td style=\"padding: 16px; color: #111827;\">50W \/ 60W \/ 80W (Tubo de vidrio sellado de CO2)<\/td>\n<\/tr>\n<tr style=\"border-bottom: 1px solid #E5E7EB;\">\n<th style=\"padding: 16px; background-color: #f9fafb; font-weight: 600; color: #374151;\">Sistema de control<\/th>\n<td style=\"padding: 16px; color: #111827;\">Ruida DSP (Compatible con LightBurn y RDWorks)<\/td>\n<\/tr>\n<tr style=\"border-bottom: 1px solid #E5E7EB;\">\n<th style=\"padding: 16px; background-color: #f9fafb; font-weight: 600; color: #374151;\">Sistema de accionamiento<\/th>\n<td style=\"padding: 16px; color: #111827;\">Motores paso a paso con rieles de gu\u00eda lineales<\/td>\n<\/tr>\n<tr>\n<th style=\"padding: 16px; background-color: #f9fafb; font-weight: 600; color: #374151;\">Accesorios Incluidos<\/th>\n<td style=\"padding: 16px; color: #111827;\">Enfriador de Agua Industrial (CW-3000\/5000), Bomba de Aire Asistido, Ventilador de Extracci\u00f3n<\/td>\n<\/tr>\n<\/tbody>\n<\/table>\n<\/div>\n<\/div>\n<div id=\"quote\" style=\"background-color: #001354; color: #ffffff; text-align: center; padding: 80px 20px;\">\n<div style=\"max-width: 800px; margin: 0 auto;\">\n<h2 style=\"font-size: 36px; font-weight: 900;color: #ffffff; margin-bottom: 20px; letter-spacing: -0.5px;\">Empieza a Fabricar Ma\u00f1ana.<\/h2>\n<p style=\"font-size: 18px; color: #9ca3af; margin-bottom: 40px; line-height: 1.6;\">\u00bfNecesita conocer los tiempos de env\u00edo exactos o si la de 60W es adecuada para sus materiales espec\u00edficos? P\u00f3ngase en contacto con nuestro equipo de ingenier\u00eda de ventas para obtener un presupuesto transparente y asesoramiento sobre aplicaciones.<\/p>\n<p><a style=\"display: inline-block; background-color: #d43804; color: #ffffff; padding: 20px 50px; font-size: 22px; font-weight: 900; text-decoration: none; border-radius: 4px; transition: transform 0.2s, box-shadow 0.2s; box-shadow: 0 10px 20px rgba(212, 56, 4, 0.4);\" href=\"\/es\/contact\/\">Solicitar precios y especificaciones<br \/>\n<\/a><\/p>\n<\/div>\n<\/div>\n<\/div>\n<p><img loading=\"lazy\" decoding=\"async\" class=\"alignnone size-full wp-image-4026\" src=\"http:\/\/sdgloballaser.com\/wp-content\/uploads\/2026\/02\/005.webp\" alt=\"\" width=\"1440\" height=\"522\" srcset=\"https:\/\/sdgloballaser.com\/wp-content\/uploads\/2026\/02\/005.webp 1440w, https:\/\/sdgloballaser.com\/wp-content\/uploads\/2026\/02\/005-300x109.webp 300w, https:\/\/sdgloballaser.com\/wp-content\/uploads\/2026\/02\/005-1024x371.webp 1024w, https:\/\/sdgloballaser.com\/wp-content\/uploads\/2026\/02\/005-768x278.webp 768w, https:\/\/sdgloballaser.com\/wp-content\/uploads\/2026\/02\/005-18x7.webp 18w, https:\/\/sdgloballaser.com\/wp-content\/uploads\/2026\/02\/005-600x218.webp 600w\" sizes=\"auto, (max-width: 1440px) 100vw, 1440px\" \/> <img loading=\"lazy\" decoding=\"async\" class=\"alignnone size-full wp-image-4025\" src=\"http:\/\/sdgloballaser.com\/wp-content\/uploads\/2026\/02\/004.webp\" alt=\"\" width=\"1440\" height=\"522\" srcset=\"https:\/\/sdgloballaser.com\/wp-content\/uploads\/2026\/02\/004.webp 1440w, https:\/\/sdgloballaser.com\/wp-content\/uploads\/2026\/02\/004-300x109.webp 300w, https:\/\/sdgloballaser.com\/wp-content\/uploads\/2026\/02\/004-1024x371.webp 1024w, https:\/\/sdgloballaser.com\/wp-content\/uploads\/2026\/02\/004-768x278.webp 768w, https:\/\/sdgloballaser.com\/wp-content\/uploads\/2026\/02\/004-18x7.webp 18w, https:\/\/sdgloballaser.com\/wp-content\/uploads\/2026\/02\/004-600x218.webp 600w\" sizes=\"auto, (max-width: 1440px) 100vw, 1440px\" \/> <img loading=\"lazy\" decoding=\"async\" class=\"alignnone size-full wp-image-4024\" src=\"http:\/\/sdgloballaser.com\/wp-content\/uploads\/2026\/02\/003.webp\" alt=\"\" width=\"1440\" height=\"522\" srcset=\"https:\/\/sdgloballaser.com\/wp-content\/uploads\/2026\/02\/003.webp 1440w, https:\/\/sdgloballaser.com\/wp-content\/uploads\/2026\/02\/003-300x109.webp 300w, https:\/\/sdgloballaser.com\/wp-content\/uploads\/2026\/02\/003-1024x371.webp 1024w, https:\/\/sdgloballaser.com\/wp-content\/uploads\/2026\/02\/003-768x278.webp 768w, https:\/\/sdgloballaser.com\/wp-content\/uploads\/2026\/02\/003-18x7.webp 18w, https:\/\/sdgloballaser.com\/wp-content\/uploads\/2026\/02\/003-600x218.webp 600w\" sizes=\"auto, (max-width: 1440px) 100vw, 1440px\" \/><img loading=\"lazy\" decoding=\"async\" class=\"alignnone size-full wp-image-4034\" src=\"http:\/\/sdgloballaser.com\/wp-content\/uploads\/2026\/02\/006-3.webp\" alt=\"\" width=\"1440\" height=\"1158\" srcset=\"https:\/\/sdgloballaser.com\/wp-content\/uploads\/2026\/02\/006-3.webp 1440w, https:\/\/sdgloballaser.com\/wp-content\/uploads\/2026\/02\/006-3-300x241.webp 300w, https:\/\/sdgloballaser.com\/wp-content\/uploads\/2026\/02\/006-3-1024x823.webp 1024w, https:\/\/sdgloballaser.com\/wp-content\/uploads\/2026\/02\/006-3-768x618.webp 768w, https:\/\/sdgloballaser.com\/wp-content\/uploads\/2026\/02\/006-3-15x12.webp 15w, https:\/\/sdgloballaser.com\/wp-content\/uploads\/2026\/02\/006-3-600x483.webp 600w\" sizes=\"auto, (max-width: 1440px) 100vw, 1440px\" \/><\/p>","protected":false},"excerpt":{"rendered":"<p data-path-to-node=\"13,0\"><b data-path-to-node=\"13,0\" data-index-in-node=\"0\">El Centro de Ganancias Compacto Definitivo para No Metales.<\/b><\/p>\n<p data-path-to-node=\"13,1\">Don&#8217;t let a small workspace limit your production capabilities. The Elite 4060 Desktop CO2 Laser is engineered to be the perfect commercial starter or expansion unit for sign-makers, designers, and custom fabricators. Featuring a versatile 400x600mm working area, premium linear guide rails, and the industry-standard Ruida control system, it delivers flawless engraving and precise cutting on acrylic, wood, leather, and double-color boards\u2014all within a space-saving desktop footprint.<\/p>","protected":false},"featured_media":3560,"comment_status":"open","ping_status":"closed","template":"","meta":{"_gspb_post_css":""},"product_brand":[],"product_cat":[45],"product_tag":[],"class_list":{"0":"post-3557","1":"product","2":"type-product","3":"status-publish","4":"has-post-thumbnail","6":"product_cat-laser-engraving-machine","8":"first","9":"instock","10":"shipping-taxable","11":"purchasable","12":"product-type-simple"},"_links":{"self":[{"href":"https:\/\/sdgloballaser.com\/es\/wp-json\/wp\/v2\/product\/3557","targetHints":{"allow":["GET"]}}],"collection":[{"href":"https:\/\/sdgloballaser.com\/es\/wp-json\/wp\/v2\/product"}],"about":[{"href":"https:\/\/sdgloballaser.com\/es\/wp-json\/wp\/v2\/types\/product"}],"replies":[{"embeddable":true,"href":"https:\/\/sdgloballaser.com\/es\/wp-json\/wp\/v2\/comments?post=3557"}],"wp:featuredmedia":[{"embeddable":true,"href":"https:\/\/sdgloballaser.com\/es\/wp-json\/wp\/v2\/media\/3560"}],"wp:attachment":[{"href":"https:\/\/sdgloballaser.com\/es\/wp-json\/wp\/v2\/media?parent=3557"}],"wp:term":[{"taxonomy":"product_brand","embeddable":true,"href":"https:\/\/sdgloballaser.com\/es\/wp-json\/wp\/v2\/product_brand?post=3557"},{"taxonomy":"product_cat","embeddable":true,"href":"https:\/\/sdgloballaser.com\/es\/wp-json\/wp\/v2\/product_cat?post=3557"},{"taxonomy":"product_tag","embeddable":true,"href":"https:\/\/sdgloballaser.com\/es\/wp-json\/wp\/v2\/product_tag?post=3557"}],"curies":[{"name":"wp","href":"https:\/\/api.w.org\/{rel}","templated":true}]}}