{"id":3551,"date":"2026-02-04T05:55:08","date_gmt":"2026-02-04T05:55:08","guid":{"rendered":"https:\/\/sdgloballaser.com\/?post_type=product&#038;p=3551"},"modified":"2026-03-03T06:11:07","modified_gmt":"2026-03-03T06:11:07","slug":"elite-6090-ultra","status":"publish","type":"product","link":"https:\/\/sdgloballaser.com\/es\/product\/elite-6090-ultra\/","title":{"rendered":"Cortadora L\u00e1ser Elite 6090 Ultra | Sistema CO2 150W Heavy-Duty | GlobalLaser"},"content":{"rendered":"<figure id=\"attachment_4035\" aria-describedby=\"caption-attachment-4035\" style=\"width: 1440px\" class=\"wp-caption alignnone\"><img loading=\"lazy\" decoding=\"async\" class=\"wp-image-4035 size-full\" src=\"http:\/\/sdgloballaser.com\/wp-content\/uploads\/2026\/02\/007-1.webp\" alt=\"Cortadora L\u00e1ser GlobalLaser Elite 6090 Ultra - Sistema CO2 de 150W de Alta Resistencia para Fabricaci\u00f3n\" width=\"1440\" height=\"546\" srcset=\"https:\/\/sdgloballaser.com\/wp-content\/uploads\/2026\/02\/007-1.webp 1440w, https:\/\/sdgloballaser.com\/wp-content\/uploads\/2026\/02\/007-1-300x114.webp 300w, https:\/\/sdgloballaser.com\/wp-content\/uploads\/2026\/02\/007-1-1024x388.webp 1024w, https:\/\/sdgloballaser.com\/wp-content\/uploads\/2026\/02\/007-1-768x291.webp 768w, https:\/\/sdgloballaser.com\/wp-content\/uploads\/2026\/02\/007-1-18x7.webp 18w, https:\/\/sdgloballaser.com\/wp-content\/uploads\/2026\/02\/007-1-600x228.webp 600w\" sizes=\"auto, (max-width: 1440px) 100vw, 1440px\" \/><figcaption id=\"caption-attachment-4035\" class=\"wp-caption-text\">Cortadora L\u00e1ser GlobalLaser Elite 6090 Ultra \u2013 Sistema de CO2 de Uso Intensivo de 150W para Fabricaci\u00f3n<\/figcaption><\/figure>\n<table data-path-to-node=\"6\">\n<thead>\n<tr>\n<td><strong>Caracter\u00edstica \/ Modelo<\/strong><\/td>\n<td><strong>\u00c9lite 6090 Cl\u00e1sico (Precisi\u00f3n \/ Estudio)<\/strong><\/td>\n<td><strong>Elite 6090 Pro \u2b50 (Comercial \/ Retorno de inversi\u00f3n r\u00e1pido)<\/strong><\/td>\n<td><strong>Elite 6090 Ultra (Resistente \/ Industrial)<\/strong><\/td>\n<\/tr>\n<\/thead>\n<tbody>\n<tr>\n<td><span data-path-to-node=\"6,1,0,0\"><b data-path-to-node=\"6,1,0,0\" data-index-in-node=\"0\">Opciones de potencia del l\u00e1ser<\/b><\/span><\/td>\n<td><span data-path-to-node=\"6,1,1,0\"><b data-path-to-node=\"6,1,1,0\" data-index-in-node=\"0\">60W \/ 80W<\/b><\/span><\/td>\n<td><span data-path-to-node=\"6,1,2,0\"><b data-path-to-node=\"6,1,2,0\" data-index-in-node=\"0\">100W \/ 130W<\/b><\/span><\/td>\n<td><span data-path-to-node=\"6,1,3,0\"><b data-path-to-node=\"6,1,3,0\" data-index-in-node=\"0\">150W<\/b> Potencia m\u00e1xima<\/span><\/td>\n<\/tr>\n<tr>\n<td><span data-path-to-node=\"6,2,0,0\"><b data-path-to-node=\"6,2,0,0\" data-index-in-node=\"0\">Objetivo de negocio<\/b><\/span><\/td>\n<td><span data-path-to-node=\"6,2,1,0\">Grabado de detalle intrincado y corte ligero<\/span><\/td>\n<td><span data-path-to-node=\"6,2,2,0\">Fabricaci\u00f3n comercial de alta velocidad<\/span><\/td>\n<td><span data-path-to-node=\"6,2,3,0\">Corte profundo implacable en materiales densos<\/span><\/td>\n<\/tr>\n<tr>\n<td><span data-path-to-node=\"6,3,0,0\"><b data-path-to-node=\"6,3,0,0\" data-index-in-node=\"0\">Corte M\u00e1ximo (Acr\u00edlico)<\/b><\/span><\/td>\n<td><span data-path-to-node=\"6,3,1,0\">Hasta 8 mm<\/span><\/td>\n<td><span data-path-to-node=\"6,3,2,0\">Hasta 15 mm (alto rendimiento)<\/span><\/td>\n<td><span data-path-to-node=\"6,3,3,0\"><b data-path-to-node=\"6,3,3,0\" data-index-in-node=\"0\">Hasta 20 mm+<\/b> (Industrial de una sola pasada)<\/span><\/td>\n<\/tr>\n<tr>\n<td><span data-path-to-node=\"6,4,0,0\"><b data-path-to-node=\"6,4,0,0\" data-index-in-node=\"0\">Perfil de Producci\u00f3n \u00d3ptimo<\/b><\/span><\/td>\n<td><span data-path-to-node=\"6,4,1,0\">Grabado de alta definici\u00f3n prioritario<\/span><\/td>\n<td><span data-path-to-node=\"6,4,2,0\">Equilibrado: Velocidad y grosor<\/span><\/td>\n<td><span data-path-to-node=\"6,4,3,0\">Prioridad de corte de penetraci\u00f3n profunda<\/span><\/td>\n<\/tr>\n<tr>\n<td><span data-path-to-node=\"6,5,0,0\"><b data-path-to-node=\"6,5,0,0\" data-index-in-node=\"0\">Materiales ideales<\/b><\/span><\/td>\n<td><span data-path-to-node=\"6,5,1,0\">Madera Fina, Cuero, Manualidades de Papel<\/span><\/td>\n<td><span data-path-to-node=\"6,5,2,0\">Contrachapado, Carteles acr\u00edlicos, MDF<\/span><\/td>\n<td><span data-path-to-node=\"6,5,3,0\">Acr\u00edlico Grueso, Maderas Macizas, MDF Pesado<\/span><\/td>\n<\/tr>\n<tr>\n<td><span data-path-to-node=\"6,6,0,0\"><b data-path-to-node=\"6,6,0,0\" data-index-in-node=\"0\">Sistema de refrigeraci\u00f3n<\/b><\/span><\/td>\n<td><span data-path-to-node=\"6,6,1,0\">Enfriador de agua industrial<\/span><\/td>\n<td><span data-path-to-node=\"6,6,2,0\">Enfriador de agua industrial<\/span><\/td>\n<td><span data-path-to-node=\"6,6,3,0\">Enfriador Industrial de Alta Capacidad<\/span><\/td>\n<\/tr>\n<\/tbody>\n<\/table>\n<p>&nbsp;<\/p>\n<p data-path-to-node=\"10\"><b class=\"\" data-path-to-node=\"10\" data-index-in-node=\"0\">Ingenier\u00eda sin concesiones en cada modelo Elite 6090:<\/b><\/p>\n<ul data-path-to-node=\"11\">\n<li>\n<p data-path-to-node=\"11,0,0\"><b class=\"\" data-path-to-node=\"11,0,0\" data-index-in-node=\"0\">Repetibilidad Extrema:<\/b><span class=\"\"> Garantizado <\/span><b class=\"\" data-path-to-node=\"11,0,0\" data-index-in-node=\"34\">\u00b10.01mm<\/b><span class=\"\"> precisi\u00f3n en todas las configuraciones.<\/span><\/p>\n<\/li>\n<li>\n<p data-path-to-node=\"11,1,0\"><b class=\"\" data-path-to-node=\"11,1,0\" data-index-in-node=\"0\">Capacidad de Velocidad M\u00e1xima:<\/b><span class=\"\"> Velocidades de tallado y corte de hasta <\/span><b class=\"\" data-path-to-node=\"11,1,0\" data-index-in-node=\"59\">60000 mm\/min<\/b><span class=\"\"> (ajustable en tiempo real).<\/span><\/p>\n<\/li>\n<li>\n<p data-path-to-node=\"11,2,0\"><b class=\"\" data-path-to-node=\"11,2,0\" data-index-in-node=\"0\">Control de Movimiento Avanzado:<\/b><span class=\"\"> Impulsado por un premium <\/span><b class=\"\" data-path-to-node=\"11,2,0\" data-index-in-node=\"45\">Controlador de motor paso a paso digital con subdivisi\u00f3n<\/b><span class=\"\"> para rutas de herramienta impecables.<\/span><\/p>\n<\/li>\n<li>\n<p data-path-to-node=\"11,3,0\"><b class=\"\" data-path-to-node=\"11,3,0\" data-index-in-node=\"0\">Punter\u00eda de precisi\u00f3n<\/b><span class=\"\"> Integrado <\/span><b class=\"\" data-path-to-node=\"11,3,0\" data-index-in-node=\"30\">Posicionamiento de la luz roja<\/b><span class=\"\"> por ejemplo,<\/span><span class=\"\"> alineaci\u00f3n de materiales de cero residuos.<\/span><\/p>\n<\/li>\n<li>\n<p data-path-to-node=\"11,4,0\"><b class=\"\" data-path-to-node=\"11,4,0\" data-index-in-node=\"0\">Resiliente al clima<\/b><span class=\"\"> Dise\u00f1ado para operar de manera confiable en temperaturas de 0-45\u00b0C y humedad del 5-95%.<\/span><\/p>\n<\/li>\n<\/ul>\n<p><img loading=\"lazy\" decoding=\"async\" class=\"alignnone size-full wp-image-4026\" src=\"http:\/\/sdgloballaser.com\/wp-content\/uploads\/2026\/02\/005.webp\" alt=\"\" width=\"1440\" height=\"522\" srcset=\"https:\/\/sdgloballaser.com\/wp-content\/uploads\/2026\/02\/005.webp 1440w, https:\/\/sdgloballaser.com\/wp-content\/uploads\/2026\/02\/005-300x109.webp 300w, https:\/\/sdgloballaser.com\/wp-content\/uploads\/2026\/02\/005-1024x371.webp 1024w, https:\/\/sdgloballaser.com\/wp-content\/uploads\/2026\/02\/005-768x278.webp 768w, https:\/\/sdgloballaser.com\/wp-content\/uploads\/2026\/02\/005-18x7.webp 18w, https:\/\/sdgloballaser.com\/wp-content\/uploads\/2026\/02\/005-600x218.webp 600w\" sizes=\"auto, (max-width: 1440px) 100vw, 1440px\" \/><\/p>\n<p>La m\u00e1quina de grabado l\u00e1ser 6090 es ampliamente utilizada y adecuada para m\u00faltiples campos.<\/p>\n<p>En la industria publicitaria, se puede utilizar para crear logotipos, letreros, materiales promocionales, etc., y puede tallar r\u00e1pidamente patrones y texto exquisitos.<\/p>\n<p>En el campo de la carpinter\u00eda, puede tallar intrincadas artesan\u00edas de madera y realzar el valor art\u00edstico de las obras.<\/p>\n<p>Para la producci\u00f3n de artesan\u00edas, ya sea tallando jade, cristal u otros materiales, se pueden lograr dise\u00f1os complejos con facilidad.<\/p>\n<p>Adem\u00e1s, en la producci\u00f3n de modelos arquitect\u00f3nicos, puede tallar con precisi\u00f3n los detalles del edificio, ayudando a los dise\u00f1adores a mostrar mejor el efecto del dise\u00f1o.<\/p>\n<p>Tambi\u00e9n se ve com\u00fanmente en el campo de la educaci\u00f3n, se usa para demostraciones de ense\u00f1anza y operaciones pr\u00e1cticas de los estudiantes para ayudar a los estudiantes a comprender mejor las t\u00e9cnicas de tallado.<\/p>\n<p>Su versatilidad y alta precisi\u00f3n lo convierten en una opci\u00f3n ideal para diversas industrias.<\/p>\n<p><img loading=\"lazy\" decoding=\"async\" class=\"alignnone size-full wp-image-4025\" src=\"http:\/\/sdgloballaser.com\/wp-content\/uploads\/2026\/02\/004.webp\" alt=\"\" width=\"1440\" height=\"522\" srcset=\"https:\/\/sdgloballaser.com\/wp-content\/uploads\/2026\/02\/004.webp 1440w, https:\/\/sdgloballaser.com\/wp-content\/uploads\/2026\/02\/004-300x109.webp 300w, https:\/\/sdgloballaser.com\/wp-content\/uploads\/2026\/02\/004-1024x371.webp 1024w, https:\/\/sdgloballaser.com\/wp-content\/uploads\/2026\/02\/004-768x278.webp 768w, https:\/\/sdgloballaser.com\/wp-content\/uploads\/2026\/02\/004-18x7.webp 18w, https:\/\/sdgloballaser.com\/wp-content\/uploads\/2026\/02\/004-600x218.webp 600w\" sizes=\"auto, (max-width: 1440px) 100vw, 1440px\" \/> <img loading=\"lazy\" decoding=\"async\" class=\"alignnone size-full wp-image-4024\" src=\"http:\/\/sdgloballaser.com\/wp-content\/uploads\/2026\/02\/003.webp\" alt=\"\" width=\"1440\" height=\"522\" srcset=\"https:\/\/sdgloballaser.com\/wp-content\/uploads\/2026\/02\/003.webp 1440w, https:\/\/sdgloballaser.com\/wp-content\/uploads\/2026\/02\/003-300x109.webp 300w, https:\/\/sdgloballaser.com\/wp-content\/uploads\/2026\/02\/003-1024x371.webp 1024w, https:\/\/sdgloballaser.com\/wp-content\/uploads\/2026\/02\/003-768x278.webp 768w, https:\/\/sdgloballaser.com\/wp-content\/uploads\/2026\/02\/003-18x7.webp 18w, https:\/\/sdgloballaser.com\/wp-content\/uploads\/2026\/02\/003-600x218.webp 600w\" sizes=\"auto, (max-width: 1440px) 100vw, 1440px\" \/> <img loading=\"lazy\" decoding=\"async\" class=\"alignnone size-full wp-image-4023\" src=\"http:\/\/sdgloballaser.com\/wp-content\/uploads\/2026\/02\/002.webp\" alt=\"\" width=\"1440\" height=\"522\" srcset=\"https:\/\/sdgloballaser.com\/wp-content\/uploads\/2026\/02\/002.webp 1440w, https:\/\/sdgloballaser.com\/wp-content\/uploads\/2026\/02\/002-300x109.webp 300w, https:\/\/sdgloballaser.com\/wp-content\/uploads\/2026\/02\/002-1024x371.webp 1024w, https:\/\/sdgloballaser.com\/wp-content\/uploads\/2026\/02\/002-768x278.webp 768w, https:\/\/sdgloballaser.com\/wp-content\/uploads\/2026\/02\/002-18x7.webp 18w, https:\/\/sdgloballaser.com\/wp-content\/uploads\/2026\/02\/002-600x218.webp 600w\" sizes=\"auto, (max-width: 1440px) 100vw, 1440px\" \/> <img loading=\"lazy\" decoding=\"async\" class=\"alignnone size-full wp-image-4022\" src=\"http:\/\/sdgloballaser.com\/wp-content\/uploads\/2026\/02\/006.webp\" alt=\"\" width=\"1440\" height=\"1042\" srcset=\"https:\/\/sdgloballaser.com\/wp-content\/uploads\/2026\/02\/006.webp 1440w, https:\/\/sdgloballaser.com\/wp-content\/uploads\/2026\/02\/006-300x217.webp 300w, https:\/\/sdgloballaser.com\/wp-content\/uploads\/2026\/02\/006-1024x741.webp 1024w, https:\/\/sdgloballaser.com\/wp-content\/uploads\/2026\/02\/006-768x556.webp 768w, https:\/\/sdgloballaser.com\/wp-content\/uploads\/2026\/02\/006-18x12.webp 18w, https:\/\/sdgloballaser.com\/wp-content\/uploads\/2026\/02\/006-600x434.webp 600w\" sizes=\"auto, (max-width: 1440px) 100vw, 1440px\" \/><\/p>\n<p>1. Cabezal l\u00e1ser industrial: posicionamiento con luz roja, protecci\u00f3n autom\u00e1tica de soplado, cabezal l\u00e1ser cerrado a prueba de polvo, altura ajustable, alta transmitancia, grabado fino, fuerza de corte.<\/p>\n<p>2. Nueva actualizaci\u00f3n del espacio interior: dise\u00f1o de actualizaci\u00f3n interior, adecuado para procesar materiales como tinajas de vino, calabazas, artesan\u00edas, etc., se puede usar con plataforma giratoria.<\/p>\n<p>3. M\u00f3dulo de movimiento del eje X mejorado: motor paso a paso 57 + reductor, reductor de correa s\u00edncrona 3M, riel cuadrado PMI de 15 MM.<\/p>\n<p>Sistema de control digital DSP: puede funcionar sin conexi\u00f3n, corte continuo, optimizaci\u00f3n de la ruta de procesamiento, aumenta la eficiencia del trabajo.<\/p>\n<p><img loading=\"lazy\" decoding=\"async\" class=\"alignnone size-full wp-image-4036\" src=\"http:\/\/sdgloballaser.com\/wp-content\/uploads\/2026\/02\/008.webp\" alt=\"\" width=\"1440\" height=\"1158\" srcset=\"https:\/\/sdgloballaser.com\/wp-content\/uploads\/2026\/02\/008.webp 1440w, https:\/\/sdgloballaser.com\/wp-content\/uploads\/2026\/02\/008-300x241.webp 300w, https:\/\/sdgloballaser.com\/wp-content\/uploads\/2026\/02\/008-1024x823.webp 1024w, https:\/\/sdgloballaser.com\/wp-content\/uploads\/2026\/02\/008-768x618.webp 768w, https:\/\/sdgloballaser.com\/wp-content\/uploads\/2026\/02\/008-15x12.webp 15w, https:\/\/sdgloballaser.com\/wp-content\/uploads\/2026\/02\/008-600x483.webp 600w\" sizes=\"auto, (max-width: 1440px) 100vw, 1440px\" \/><\/p>","protected":false},"excerpt":{"rendered":"<p data-path-to-node=\"25,0\"><b data-path-to-node=\"25,0\" data-index-in-node=\"0\">Energ\u00eda extrema de CO2 para aplicaciones de alta resistencia<\/b> El Elite 6090 Ultra es la potencia indiscutible de nuestra l\u00ednea de formato medio. Equipado con un potente tubo l\u00e1ser de CO2 de 150 W, ofrece capacidades de corte agresivas normalmente reservadas para sistemas de cama plana mucho m\u00e1s grandes. Combinado con una precisi\u00f3n extrema de \u00b10.01 mm y un enfriamiento industrial est\u00e1ndar, el Ultra est\u00e1 dise\u00f1ado para fabricantes que exigen un rendimiento de corte profundo implacable, 24\/7 en materiales dif\u00edciles.<\/p>\n<ul data-path-to-node=\"25,1\">\n<li>\n<p data-path-to-node=\"25,1,0,0\"><b data-path-to-node=\"25,1,0,0\" data-index-in-node=\"0\">Destinatarios:<\/b> Usuarios industriales de alta resistencia, fabricantes de materiales premium y l\u00edneas de producci\u00f3n que operan las 24 horas del d\u00eda, los 7 d\u00edas de la semana.<\/p>\n<\/li>\n<li>\n<p data-path-to-node=\"25,1,1,0\"><b data-path-to-node=\"25,1,1,0\" data-index-in-node=\"0\">Ideal Industries:<\/b> Grabado profundo en madera, componentes acr\u00edlicos gruesos y estructurales, corte pesado de MDF y prototipado industrial.<\/p>\n<\/li>\n<\/ul>","protected":false},"featured_media":3552,"comment_status":"open","ping_status":"closed","template":"","meta":{"_gspb_post_css":""},"product_brand":[],"product_cat":[45],"product_tag":[],"class_list":{"0":"post-3551","1":"product","2":"type-product","3":"status-publish","4":"has-post-thumbnail","6":"product_cat-laser-engraving-machine","8":"first","9":"instock","10":"shipping-taxable","11":"purchasable","12":"product-type-simple"},"_links":{"self":[{"href":"https:\/\/sdgloballaser.com\/es\/wp-json\/wp\/v2\/product\/3551","targetHints":{"allow":["GET"]}}],"collection":[{"href":"https:\/\/sdgloballaser.com\/es\/wp-json\/wp\/v2\/product"}],"about":[{"href":"https:\/\/sdgloballaser.com\/es\/wp-json\/wp\/v2\/types\/product"}],"replies":[{"embeddable":true,"href":"https:\/\/sdgloballaser.com\/es\/wp-json\/wp\/v2\/comments?post=3551"}],"wp:featuredmedia":[{"embeddable":true,"href":"https:\/\/sdgloballaser.com\/es\/wp-json\/wp\/v2\/media\/3552"}],"wp:attachment":[{"href":"https:\/\/sdgloballaser.com\/es\/wp-json\/wp\/v2\/media?parent=3551"}],"wp:term":[{"taxonomy":"product_brand","embeddable":true,"href":"https:\/\/sdgloballaser.com\/es\/wp-json\/wp\/v2\/product_brand?post=3551"},{"taxonomy":"product_cat","embeddable":true,"href":"https:\/\/sdgloballaser.com\/es\/wp-json\/wp\/v2\/product_cat?post=3551"},{"taxonomy":"product_tag","embeddable":true,"href":"https:\/\/sdgloballaser.com\/es\/wp-json\/wp\/v2\/product_tag?post=3551"}],"curies":[{"name":"wp","href":"https:\/\/api.w.org\/{rel}","templated":true}]}}