{"id":3542,"date":"2026-02-04T05:44:14","date_gmt":"2026-02-04T05:44:14","guid":{"rendered":"https:\/\/sdgloballaser.com\/?post_type=product&#038;p=3542"},"modified":"2026-03-03T06:09:59","modified_gmt":"2026-03-03T06:09:59","slug":"elite-4060-ultra-laser-system","status":"publish","type":"product","link":"https:\/\/sdgloballaser.com\/es\/product\/elite-4060-ultra-laser-system\/","title":{"rendered":"Sistema l\u00e1ser Elite 4060 Ultra | Precisi\u00f3n industrial y m\u00e1ximo rendimiento"},"content":{"rendered":"<p><img loading=\"lazy\" decoding=\"async\" class=\"wp-image-3742 size-full\" src=\"http:\/\/sdgloballaser.com\/wp-content\/uploads\/2026\/02\/007-3.jpg\" alt=\"Sistema L\u00e1ser GlobalLaser Elite 4060 Ultra - Grabador de Precisi\u00f3n Industrial de Cero Defectos\" width=\"1440\" height=\"546\" srcset=\"https:\/\/sdgloballaser.com\/wp-content\/uploads\/2026\/02\/007-3.jpg 1440w, https:\/\/sdgloballaser.com\/wp-content\/uploads\/2026\/02\/007-3-300x114.jpg 300w, https:\/\/sdgloballaser.com\/wp-content\/uploads\/2026\/02\/007-3-1024x388.jpg 1024w, https:\/\/sdgloballaser.com\/wp-content\/uploads\/2026\/02\/007-3-768x291.jpg 768w, https:\/\/sdgloballaser.com\/wp-content\/uploads\/2026\/02\/007-3-18x7.jpg 18w, https:\/\/sdgloballaser.com\/wp-content\/uploads\/2026\/02\/007-3-600x228.jpg 600w\" sizes=\"auto, (max-width: 1440px) 100vw, 1440px\" \/><\/p>\n<table data-path-to-node=\"8\">\n<thead>\n<tr>\n<td><strong>Caracter\u00edstica \/ Modelo<\/strong><\/td>\n<td><strong>\u00c9lite 4060 Cl\u00e1sico (entrada \/ aficionado)<\/strong><\/td>\n<td><strong>\u00c9lite 4060 Pro \u2b50 (Producci\u00f3n \/ Estudio)<\/strong><\/td>\n<td><strong>\u00c9lite 4060 Ultra (Industrial \/ Uso Rudo)<\/strong><\/td>\n<\/tr>\n<\/thead>\n<tbody>\n<tr>\n<td><span data-path-to-node=\"8,1,0,0\"><b data-path-to-node=\"8,1,0,0\" data-index-in-node=\"0\">Potencia l\u00e1ser<\/b><\/span><\/td>\n<td><span data-path-to-node=\"8,1,1,0\"><b data-path-to-node=\"8,1,1,0\" data-index-in-node=\"0\">50W \/ 60W<\/b><\/span><\/td>\n<td><span data-path-to-node=\"8,1,2,0\"><b data-path-to-node=\"8,1,2,0\" data-index-in-node=\"0\">60W \/ 80W<\/b><\/span><\/td>\n<td><span data-path-to-node=\"8,1,3,0\"><b data-path-to-node=\"8,1,3,0\" data-index-in-node=\"0\">100W de Potencia Pico<\/b><\/span><\/td>\n<\/tr>\n<tr>\n<td><span data-path-to-node=\"8,2,0,0\"><b data-path-to-node=\"8,2,0,0\" data-index-in-node=\"0\">Objetivo de negocio<\/b><\/span><\/td>\n<td><span data-path-to-node=\"8,2,1,0\">Emprendimiento de bajo riesgo y grabado fino<\/span><\/td>\n<td><span data-path-to-node=\"8,2,2,0\">Retorno de inversi\u00f3n r\u00e1pido y producci\u00f3n continua<\/span><\/td>\n<td><span data-path-to-node=\"8,2,3,0\">Corte grueso sin concesiones<\/span><\/td>\n<\/tr>\n<tr>\n<td><span data-path-to-node=\"8,3,0,0\"><b data-path-to-node=\"8,3,0,0\" data-index-in-node=\"0\">Corte M\u00e1ximo (Acr\u00edlico)<\/b><\/span><\/td>\n<td><span data-path-to-node=\"8,3,1,0\">Hasta 5 mm<\/span><\/td>\n<td><span data-path-to-node=\"8,3,2,0\">Hasta 10 mm (corte limpio en 1 pasada)<\/span><\/td>\n<td><span data-path-to-node=\"8,3,3,0\"><b data-path-to-node=\"8,3,3,0\" data-index-in-node=\"0\">Hasta 15 mm+<\/b> (Para uso intensivo)<\/span><\/td>\n<\/tr>\n<tr>\n<td><span data-path-to-node=\"8,4,0,0\"><b data-path-to-node=\"8,4,0,0\" data-index-in-node=\"0\">Velocidad de producci\u00f3n<\/b><\/span><\/td>\n<td><span data-path-to-node=\"8,4,1,0\">Est\u00e1ndar<\/span><\/td>\n<td><span data-path-to-node=\"8,4,2,0\"><b data-path-to-node=\"8,4,2,0\" data-index-in-node=\"0\">+30% M\u00e1s r\u00e1pido<\/b> procesando<\/span><\/td>\n<td><span data-path-to-node=\"8,4,3,0\">Velocidad m\u00e1xima y rendimiento<\/span><\/td>\n<\/tr>\n<tr>\n<td><span data-path-to-node=\"8,5,0,0\"><b data-path-to-node=\"8,5,0,0\" data-index-in-node=\"0\">Materiales ideales<\/b><\/span><\/td>\n<td><span data-path-to-node=\"8,5,1,0\">Papel, Cuero, Madera Fina\/Acr\u00edlico<\/span><\/td>\n<td><span data-path-to-node=\"8,5,2,0\">Contrachapado, Madera Maciza, Letreros de Acr\u00edlico<\/span><\/td>\n<td><span data-path-to-node=\"8,5,3,0\">Acr\u00edlico grueso, maderas duras, MDF<\/span><\/td>\n<\/tr>\n<tr>\n<td><span data-path-to-node=\"8,6,0,0\"><b data-path-to-node=\"8,6,0,0\" data-index-in-node=\"0\">Sistema de refrigeraci\u00f3n<\/b><\/span><\/td>\n<td><span data-path-to-node=\"8,6,1,0\">Refrigeraci\u00f3n l\u00edquida est\u00e1ndar<\/span><\/td>\n<td><span data-path-to-node=\"8,6,2,0\">Circuito de refrigeraci\u00f3n l\u00edquida avanzado<\/span><\/td>\n<td><span data-path-to-node=\"8,6,3,0\">Enfriador industrial compatible<\/span><\/td>\n<\/tr>\n<tr>\n<td><span data-path-to-node=\"8,7,0,0\"><b data-path-to-node=\"8,7,0,0\" data-index-in-node=\"0\">Servicio postventa<\/b><\/span><\/td>\n<td><span data-path-to-node=\"8,7,1,0\">Asistencia en l\u00ednea est\u00e1ndar<\/span><\/td>\n<td><span data-path-to-node=\"8,7,2,0\">Soporte en l\u00ednea prioritario<\/span><\/td>\n<td><span data-path-to-node=\"8,7,3,0\"><b data-path-to-node=\"8,7,3,0\" data-index-in-node=\"0\">Soporte de Sucursal en el Extranjero Directo<\/b><\/span><\/td>\n<\/tr>\n<\/tbody>\n<\/table>\n<p data-path-to-node=\"12\"><b data-path-to-node=\"12\" data-index-in-node=\"0\">Sin importar qu\u00e9 Elite elijas, GlobalLaser nunca compromete su base fundamental:<\/b><\/p>\n<ul data-path-to-node=\"13\">\n<li>\n<p data-path-to-node=\"13,0,0\"><b data-path-to-node=\"13,0,0\" data-index-in-node=\"0\">\u00c1rea de trabajo:<\/b> eficiencia de escritorio de 400 * 600 mm.<\/p>\n<\/li>\n<li>\n<p data-path-to-node=\"13,1,0\"><b data-path-to-node=\"13,1,0\" data-index-in-node=\"0\">Precisi\u00f3n Extrema<\/b> Menos de <b data-path-to-node=\"13,1,0\" data-index-in-node=\"29\">0.05mm<\/b> precisi\u00f3n de posicionamiento en todos los modelos.<\/p>\n<\/li>\n<li>\n<p data-path-to-node=\"13,2,0\"><b data-path-to-node=\"13,2,0\" data-index-in-node=\"0\">Compatibilidad de formato<\/b> Lee sin problemas archivos PLT, BMP y de dise\u00f1o est\u00e1ndar.<\/p>\n<\/li>\n<li>\n<p data-path-to-node=\"13,3,0\"><b data-path-to-node=\"13,3,0\" data-index-in-node=\"0\">Condici\u00f3n y Origen:<\/b> 100% A estrenar, dise\u00f1ado y probado en calidad en China.<\/p>\n<\/li>\n<\/ul>\n<p>&nbsp;<\/p>\n<p><img loading=\"lazy\" decoding=\"async\" class=\"alignnone size-full wp-image-3732\" src=\"http:\/\/sdgloballaser.com\/wp-content\/uploads\/2026\/02\/005-3.jpg\" alt=\"\" width=\"1440\" height=\"522\" srcset=\"https:\/\/sdgloballaser.com\/wp-content\/uploads\/2026\/02\/005-3.jpg 1440w, https:\/\/sdgloballaser.com\/wp-content\/uploads\/2026\/02\/005-3-300x109.jpg 300w, https:\/\/sdgloballaser.com\/wp-content\/uploads\/2026\/02\/005-3-1024x371.jpg 1024w, https:\/\/sdgloballaser.com\/wp-content\/uploads\/2026\/02\/005-3-768x278.jpg 768w, https:\/\/sdgloballaser.com\/wp-content\/uploads\/2026\/02\/005-3-18x7.jpg 18w, https:\/\/sdgloballaser.com\/wp-content\/uploads\/2026\/02\/005-3-600x218.jpg 600w\" sizes=\"auto, (max-width: 1440px) 100vw, 1440px\" \/><\/p>\n<p><b data-path-to-node=\"16,0\" data-index-in-node=\"0\">Precisi\u00f3n industrial y potencia m\u00e1xima en formato de escritorio<\/b><\/p>\n<p>No dejes que su compacta \u00e1rea de trabajo de 400*600mm te enga\u00f1e: la Elite 4060 Ultra es una bestia industrial. Equipada con un formidable l\u00e1ser de di\u00f3xido de carbono de 80W\/100W, corta acr\u00edlicos densos y maderas gruesas con una autoridad inigualable. Dise\u00f1ada para la fabricaci\u00f3n sin defectos, su \u00f3ptica avanzada mantiene una nitidez extrema junto con la precisi\u00f3n est\u00e1ndar de &lt;0.05mm, incluso durante operaciones 24\/7. Lo m\u00e1s importante es que el sistema Ultra cuenta con el servicio posventa premium de GlobalLaser, que incluye soporte directo de nuestras sucursales en el extranjero, garantizando un rendimiento m\u00e1ximo ininterrumpido para los fabricantes de alta gama.<\/p>\n<p>&nbsp;<\/p>\n<p><img loading=\"lazy\" decoding=\"async\" class=\"alignnone size-full wp-image-3731\" src=\"http:\/\/sdgloballaser.com\/wp-content\/uploads\/2026\/02\/004-3.jpg\" alt=\"\" width=\"1440\" height=\"522\" srcset=\"https:\/\/sdgloballaser.com\/wp-content\/uploads\/2026\/02\/004-3.jpg 1440w, https:\/\/sdgloballaser.com\/wp-content\/uploads\/2026\/02\/004-3-300x109.jpg 300w, https:\/\/sdgloballaser.com\/wp-content\/uploads\/2026\/02\/004-3-1024x371.jpg 1024w, https:\/\/sdgloballaser.com\/wp-content\/uploads\/2026\/02\/004-3-768x278.jpg 768w, https:\/\/sdgloballaser.com\/wp-content\/uploads\/2026\/02\/004-3-18x7.jpg 18w, https:\/\/sdgloballaser.com\/wp-content\/uploads\/2026\/02\/004-3-600x218.jpg 600w\" sizes=\"auto, (max-width: 1440px) 100vw, 1440px\" \/> <img loading=\"lazy\" decoding=\"async\" class=\"alignnone size-full wp-image-3730\" src=\"http:\/\/sdgloballaser.com\/wp-content\/uploads\/2026\/02\/003-3.jpg\" alt=\"\" width=\"1440\" height=\"522\" srcset=\"https:\/\/sdgloballaser.com\/wp-content\/uploads\/2026\/02\/003-3.jpg 1440w, https:\/\/sdgloballaser.com\/wp-content\/uploads\/2026\/02\/003-3-300x109.jpg 300w, https:\/\/sdgloballaser.com\/wp-content\/uploads\/2026\/02\/003-3-1024x371.jpg 1024w, https:\/\/sdgloballaser.com\/wp-content\/uploads\/2026\/02\/003-3-768x278.jpg 768w, https:\/\/sdgloballaser.com\/wp-content\/uploads\/2026\/02\/003-3-18x7.jpg 18w, https:\/\/sdgloballaser.com\/wp-content\/uploads\/2026\/02\/003-3-600x218.jpg 600w\" sizes=\"auto, (max-width: 1440px) 100vw, 1440px\" \/><\/p>\n<p>Panel de Control<\/p>\n<p>El panel de control es la interfaz operativa principal de la m\u00e1quina. Su intuitiva pantalla digital y sus botones de funci\u00f3n le permiten ajustar f\u00e1cilmente la corriente y la potencia, lo que le brinda un control preciso sobre la m\u00e1quina. Un bot\u00f3n de parada de emergencia garantiza la seguridad de la operaci\u00f3n.<\/p>\n<p>&nbsp;<\/p>\n<p>2. Tubo l\u00e1ser<\/p>\n<p>El tubo l\u00e1ser es el coraz\u00f3n de la m\u00e1quina, responsable de generar un haz l\u00e1ser de alta energ\u00eda. Hecho de un tubo de vidrio de di\u00f3xido de carbono de alta calidad, proporciona una salida l\u00e1ser estable, garantizando una alta eficiencia y calidad tanto para el grabado como para el corte.<\/p>\n<p>&nbsp;<\/p>\n<p>Soporte de reflector<\/p>\n<p>El soporte del reflector se utiliza para sujetar y ajustar los espejos reflectores. Su estructura de ajuste de tres puntos permite una calibraci\u00f3n precisa de la trayectoria del l\u00e1ser. Su dise\u00f1o robusto y duradero garantiza una transmisi\u00f3n de haz estable y un punto de alta calidad, mejorando as\u00ed la precisi\u00f3n del procesamiento.<\/p>\n<p>&nbsp;<\/p>\n<p>4. Cabezal l\u00e1ser<\/p>\n<p>La cabeza del l\u00e1ser es el componente de ejecuci\u00f3n final del rayo l\u00e1ser. Contiene una lente de enfoque que concentra el rayo l\u00e1ser en un punto extremadamente fino para un grabado y corte precisos. Tambi\u00e9n integra un sistema de asistencia de aire para expulsar eficazmente el humo y el polvo, manteniendo la lente limpia.<\/p>\n<p>&nbsp;<\/p>\n<p>&nbsp;<\/p>\n<p><img loading=\"lazy\" decoding=\"async\" class=\"alignnone size-full wp-image-3729\" src=\"http:\/\/sdgloballaser.com\/wp-content\/uploads\/2026\/02\/002-3.jpg\" alt=\"\" width=\"1440\" height=\"522\" srcset=\"https:\/\/sdgloballaser.com\/wp-content\/uploads\/2026\/02\/002-3.jpg 1440w, https:\/\/sdgloballaser.com\/wp-content\/uploads\/2026\/02\/002-3-300x109.jpg 300w, https:\/\/sdgloballaser.com\/wp-content\/uploads\/2026\/02\/002-3-1024x371.jpg 1024w, https:\/\/sdgloballaser.com\/wp-content\/uploads\/2026\/02\/002-3-768x278.jpg 768w, https:\/\/sdgloballaser.com\/wp-content\/uploads\/2026\/02\/002-3-18x7.jpg 18w, https:\/\/sdgloballaser.com\/wp-content\/uploads\/2026\/02\/002-3-600x218.jpg 600w\" sizes=\"auto, (max-width: 1440px) 100vw, 1440px\" \/><\/p>\n<p>&nbsp;<\/p>\n<p>&nbsp;<\/p>\n<p><img loading=\"lazy\" decoding=\"async\" class=\"alignnone size-full wp-image-4041\" src=\"http:\/\/sdgloballaser.com\/wp-content\/uploads\/2026\/02\/008-2.webp\" alt=\"\" width=\"1440\" height=\"1030\" srcset=\"https:\/\/sdgloballaser.com\/wp-content\/uploads\/2026\/02\/008-2.webp 1440w, https:\/\/sdgloballaser.com\/wp-content\/uploads\/2026\/02\/008-2-300x215.webp 300w, https:\/\/sdgloballaser.com\/wp-content\/uploads\/2026\/02\/008-2-1024x732.webp 1024w, https:\/\/sdgloballaser.com\/wp-content\/uploads\/2026\/02\/008-2-768x549.webp 768w, https:\/\/sdgloballaser.com\/wp-content\/uploads\/2026\/02\/008-2-18x12.webp 18w, https:\/\/sdgloballaser.com\/wp-content\/uploads\/2026\/02\/008-2-600x429.webp 600w\" sizes=\"auto, (max-width: 1440px) 100vw, 1440px\" \/><\/p>","protected":false},"excerpt":{"rendered":"<p data-path-to-node=\"16,0\"><b data-path-to-node=\"16,0\" data-index-in-node=\"0\">Potencia industrial sin concesiones en un formato de escritorio<\/b> La GlobalLaser Elite 4060 Ultra (100W) es una potencia industrial de alta resistencia dise\u00f1ada exclusivamente para <b data-path-to-node=\"16,0\" data-index-in-node=\"158\">fabricantes de alta gama, f\u00e1bricas de trabajo intensivo y empresas de ingenier\u00eda de precisi\u00f3n<\/b> que exigen capacidad operativa 24\/7. Armada con potencia CO2 m\u00e1xima y respaldada por el apoyo de nuestra sucursal en el extranjero, atraviesa sin esfuerzo materiales densos que detienen a las m\u00e1quinas inferiores.<\/p>\n<ul data-path-to-node=\"16,1\">\n<li>\n<p data-path-to-node=\"16,1,0,0\"><b data-path-to-node=\"16,1,0,0\" data-index-in-node=\"0\">Destinatarios:<\/b> Usuarios industriales de alta demanda, instalaciones de producci\u00f3n en masa, fabricantes de materiales de primera calidad.<\/p>\n<\/li>\n<li>\n<p data-path-to-node=\"16,1,1,0\"><b data-path-to-node=\"16,1,1,0\" data-index-in-node=\"0\">Ideal Industries:<\/b> Fabricaci\u00f3n de acr\u00edlico grueso, procesamiento de madera dura densa, prototipado industrial y fabricaci\u00f3n de componentes estructurales.<\/p>\n<\/li>\n<\/ul>","protected":false},"featured_media":4002,"comment_status":"open","ping_status":"closed","template":"","meta":{"_gspb_post_css":""},"product_brand":[],"product_cat":[45],"product_tag":[],"class_list":{"0":"post-3542","1":"product","2":"type-product","3":"status-publish","4":"has-post-thumbnail","6":"product_cat-laser-engraving-machine","8":"first","9":"instock","10":"shipping-taxable","11":"purchasable","12":"product-type-simple"},"_links":{"self":[{"href":"https:\/\/sdgloballaser.com\/es\/wp-json\/wp\/v2\/product\/3542","targetHints":{"allow":["GET"]}}],"collection":[{"href":"https:\/\/sdgloballaser.com\/es\/wp-json\/wp\/v2\/product"}],"about":[{"href":"https:\/\/sdgloballaser.com\/es\/wp-json\/wp\/v2\/types\/product"}],"replies":[{"embeddable":true,"href":"https:\/\/sdgloballaser.com\/es\/wp-json\/wp\/v2\/comments?post=3542"}],"wp:featuredmedia":[{"embeddable":true,"href":"https:\/\/sdgloballaser.com\/es\/wp-json\/wp\/v2\/media\/4002"}],"wp:attachment":[{"href":"https:\/\/sdgloballaser.com\/es\/wp-json\/wp\/v2\/media?parent=3542"}],"wp:term":[{"taxonomy":"product_brand","embeddable":true,"href":"https:\/\/sdgloballaser.com\/es\/wp-json\/wp\/v2\/product_brand?post=3542"},{"taxonomy":"product_cat","embeddable":true,"href":"https:\/\/sdgloballaser.com\/es\/wp-json\/wp\/v2\/product_cat?post=3542"},{"taxonomy":"product_tag","embeddable":true,"href":"https:\/\/sdgloballaser.com\/es\/wp-json\/wp\/v2\/product_tag?post=3542"}],"curies":[{"name":"wp","href":"https:\/\/api.w.org\/{rel}","templated":true}]}}