{"id":3536,"date":"2026-02-04T05:36:30","date_gmt":"2026-02-04T05:36:30","guid":{"rendered":"https:\/\/sdgloballaser.com\/?post_type=product&#038;p=3536"},"modified":"2026-03-03T06:07:41","modified_gmt":"2026-03-03T06:07:41","slug":"1390-laser-system","status":"publish","type":"product","link":"https:\/\/sdgloballaser.com\/es\/product\/1390-laser-system\/","title":{"rendered":"Sistema l\u00e1ser Elite 1390 - Soluci\u00f3n de corte de precisi\u00f3n a alta velocidad"},"content":{"rendered":"<p><img loading=\"lazy\" decoding=\"async\" class=\"wp-image-4031 size-full\" src=\"http:\/\/sdgloballaser.com\/wp-content\/uploads\/2026\/02\/007.webp\" alt=\"Sistema L\u00e1ser Elite 1390 - Corte de Precisi\u00f3n de Alta Velocidad\" width=\"1440\" height=\"546\" srcset=\"https:\/\/sdgloballaser.com\/wp-content\/uploads\/2026\/02\/007.webp 1440w, https:\/\/sdgloballaser.com\/wp-content\/uploads\/2026\/02\/007-300x114.webp 300w, https:\/\/sdgloballaser.com\/wp-content\/uploads\/2026\/02\/007-1024x388.webp 1024w, https:\/\/sdgloballaser.com\/wp-content\/uploads\/2026\/02\/007-768x291.webp 768w, https:\/\/sdgloballaser.com\/wp-content\/uploads\/2026\/02\/007-18x7.webp 18w, https:\/\/sdgloballaser.com\/wp-content\/uploads\/2026\/02\/007-600x228.webp 600w\" sizes=\"auto, (max-width: 1440px) 100vw, 1440px\" \/><\/p>\n<p>Sobre el sistema de control:<b data-path-to-node=\"21,1,0\" data-index-in-node=\"6\">Sistema de Control Est\u00e1ndar de la Industria.<\/b> Equipado con el <b data-path-to-node=\"21,1,0\" data-index-in-node=\"58\">Controlador Ruida<\/b>, el est\u00e1ndar del mercado en cuanto a fiabilidad<\/p>\n<p><em>Por qu\u00e9 importa: Admite la reanudaci\u00f3n despu\u00e9s de apagado y es totalmente compatible con el software LightBurn (est\u00e1ndar de la industria occidental), CorelDraw y AutoCAD. Sin dolores de cabeza por software propietario.<\/em><\/p>\n<p>Sobre la mec\u00e1nica:<strong>Sistema de Movimiento de Precisi\u00f3n<\/strong><\/p>\n<p><em>Utilizamos <b data-path-to-node=\"23,1,1,0,0\" data-index-in-node=\"11\">Leadshine de Alto Par, combinado con Rieles Gu\u00eda Lineales de Alta Precisi\u00f3n;<\/b><\/em><\/p>\n<p><em><strong>Beneficio<\/strong>Asegura curvas suaves sin bordes \u201cdentados\u201d, incluso a altas velocidades de hasta 600 mm\/s.<\/em><\/p>\n<p>Escalabilidad<strong>Versatilidad Primero Dise\u00f1o<\/strong><\/p>\n<p><strong>Puertas de Paso<\/strong> Permite el manejo de longitud ilimitada de material<\/p>\n<p><em><b data-path-to-node=\"25,1,1,1,0\" data-index-in-node=\"0\">Sistema de Doble Plataforma<\/b> Incluye ambos <b data-path-to-node=\"25,1,1,1,0\" data-index-in-node=\"36\">Mesa de hoja de cuchillo<\/b> (para materiales pesados como madera\/acr\u00edlico) y <b data-path-to-node=\"25,1,1,1,0\" data-index-in-node=\"98\">Tabla de panal<\/b> (para materiales blandos como tela\/cuero).<\/em><\/p>\n<p><em><b data-path-to-node=\"25,1,1,2,0\" data-index-in-node=\"0\">Eje Z motorizado:<\/b> Hasta 500 mm de profundidad, listo para <b data-path-to-node=\"25,1,1,2,0\" data-index-in-node=\"47\">Accesorio rotativo<\/b> (grabado de cilindro).<\/em><\/p>\n<p><img loading=\"lazy\" decoding=\"async\" class=\"alignnone size-full wp-image-4026\" src=\"http:\/\/sdgloballaser.com\/wp-content\/uploads\/2026\/02\/005.webp\" alt=\"\" width=\"1440\" height=\"522\" srcset=\"https:\/\/sdgloballaser.com\/wp-content\/uploads\/2026\/02\/005.webp 1440w, https:\/\/sdgloballaser.com\/wp-content\/uploads\/2026\/02\/005-300x109.webp 300w, https:\/\/sdgloballaser.com\/wp-content\/uploads\/2026\/02\/005-1024x371.webp 1024w, https:\/\/sdgloballaser.com\/wp-content\/uploads\/2026\/02\/005-768x278.webp 768w, https:\/\/sdgloballaser.com\/wp-content\/uploads\/2026\/02\/005-18x7.webp 18w, https:\/\/sdgloballaser.com\/wp-content\/uploads\/2026\/02\/005-600x218.webp 600w\" sizes=\"auto, (max-width: 1440px) 100vw, 1440px\" \/><\/p>\n<p>&nbsp;<\/p>\n<p><img loading=\"lazy\" decoding=\"async\" class=\"alignnone size-full wp-image-4025\" src=\"http:\/\/sdgloballaser.com\/wp-content\/uploads\/2026\/02\/004.webp\" alt=\"\" width=\"1440\" height=\"522\" srcset=\"https:\/\/sdgloballaser.com\/wp-content\/uploads\/2026\/02\/004.webp 1440w, https:\/\/sdgloballaser.com\/wp-content\/uploads\/2026\/02\/004-300x109.webp 300w, https:\/\/sdgloballaser.com\/wp-content\/uploads\/2026\/02\/004-1024x371.webp 1024w, https:\/\/sdgloballaser.com\/wp-content\/uploads\/2026\/02\/004-768x278.webp 768w, https:\/\/sdgloballaser.com\/wp-content\/uploads\/2026\/02\/004-18x7.webp 18w, https:\/\/sdgloballaser.com\/wp-content\/uploads\/2026\/02\/004-600x218.webp 600w\" sizes=\"auto, (max-width: 1440px) 100vw, 1440px\" \/><\/p>\n<p>Dise\u00f1ado para procesamiento de alta resistencia<br \/>\nYa sea que produzca letreros de acr\u00edlico, artesan\u00edas de MDF o art\u00edculos de cuero, la serie 1390 ofrece bordes limpios y un rendimiento de alta velocidad.<\/p>\n<table style=\"height: 119px;\" width=\"965\">\n<thead>\n<tr>\n<th>Material<\/th>\n<th>80W<\/th>\n<th>100W<\/th>\n<th>130W<\/th>\n<th>150W<\/th>\n<\/tr>\n<\/thead>\n<tbody>\n<tr>\n<td>Acr\u00edlico<\/td>\n<td>8\u201310 mm<\/td>\n<td>10\u201315\u00a0mm<\/td>\n<td>15\u201320 mm<\/td>\n<td>20\u201325 mm<\/td>\n<\/tr>\n<tr>\n<td>Contrachapado \/ MDF<\/td>\n<td>5\u20138 mm<\/td>\n<td>8\u201310 mm<\/td>\n<td>10\u201312 mm<\/td>\n<td>12\u201315 mm<\/td>\n<\/tr>\n<tr>\n<td>Cuero<\/td>\n<td>S\u00ed<\/td>\n<td>S\u00ed<\/td>\n<td>S\u00ed<\/td>\n<td>S\u00ed<\/td>\n<\/tr>\n<\/tbody>\n<\/table>\n<p>Nota: Datos solo a modo de referencia. La profundidad de corte real depende de la densidad del material y de la velocidad.<\/p>\n<p><img loading=\"lazy\" decoding=\"async\" class=\"alignnone size-full wp-image-4024\" src=\"http:\/\/sdgloballaser.com\/wp-content\/uploads\/2026\/02\/003.webp\" alt=\"\" width=\"1440\" height=\"522\" srcset=\"https:\/\/sdgloballaser.com\/wp-content\/uploads\/2026\/02\/003.webp 1440w, https:\/\/sdgloballaser.com\/wp-content\/uploads\/2026\/02\/003-300x109.webp 300w, https:\/\/sdgloballaser.com\/wp-content\/uploads\/2026\/02\/003-1024x371.webp 1024w, https:\/\/sdgloballaser.com\/wp-content\/uploads\/2026\/02\/003-768x278.webp 768w, https:\/\/sdgloballaser.com\/wp-content\/uploads\/2026\/02\/003-18x7.webp 18w, https:\/\/sdgloballaser.com\/wp-content\/uploads\/2026\/02\/003-600x218.webp 600w\" sizes=\"auto, (max-width: 1440px) 100vw, 1440px\" \/><\/p>\n<table style=\"height: 349px;\" width=\"1436\" data-path-to-node=\"29\">\n<thead>\n<tr>\n<td><strong>Especificaci\u00f3n<\/strong><\/td>\n<td><strong>Detalles<\/strong><\/td>\n<\/tr>\n<\/thead>\n<tbody>\n<tr>\n<td><span data-path-to-node=\"29,1,0,0\"><b data-path-to-node=\"29,1,0,0\" data-index-in-node=\"0\">Modelo<\/b><\/span><\/td>\n<td><span data-path-to-node=\"29,1,1,0\">Cortadora l\u00e1ser de CO2 1390<\/span><\/td>\n<\/tr>\n<tr>\n<td><span data-path-to-node=\"29,2,0,0\"><b data-path-to-node=\"29,2,0,0\" data-index-in-node=\"0\">\u00c1rea de trabajo<\/b><\/span><\/td>\n<td><span data-path-to-node=\"29,2,1,0\">1300 mm x 900 mm (51\u2033 x 35\u2033)<\/span><\/td>\n<\/tr>\n<tr>\n<td><span data-path-to-node=\"29,3,0,0\"><b data-path-to-node=\"29,3,0,0\" data-index-in-node=\"0\">Tipo de l\u00e1ser<\/b><\/span><\/td>\n<td><span data-path-to-node=\"29,3,1,0\">Tubo de l\u00e1ser de vidrio CO2 sellado (opcional Reci\/Yongli\/EFR)<\/span><\/td>\n<\/tr>\n<tr>\n<td><span data-path-to-node=\"29,4,0,0\"><b data-path-to-node=\"29,4,0,0\" data-index-in-node=\"0\">Potencia l\u00e1ser<\/b><\/span><\/td>\n<td><span data-path-to-node=\"29,4,1,0\">80W \/ 100W \/ 130W \/ 150W<\/span><\/td>\n<\/tr>\n<tr>\n<td><span data-path-to-node=\"29,5,0,0\"><b data-path-to-node=\"29,5,0,0\" data-index-in-node=\"0\">Sistema de control<\/b><\/span><\/td>\n<td><span data-path-to-node=\"29,5,1,0\">Ruida RDWorks V8 (Compatible con LightBurn)<\/span><\/td>\n<\/tr>\n<tr>\n<td><span data-path-to-node=\"29,6,0,0\"><b data-path-to-node=\"29,6,0,0\" data-index-in-node=\"0\">Sistema de conducci\u00f3n<\/b><\/span><\/td>\n<td><span data-path-to-node=\"29,6,1,0\">Motor paso a paso h\u00edbrido de 57 y controlador<\/span><\/td>\n<\/tr>\n<tr>\n<td><span data-path-to-node=\"29,7,0,0\"><b data-path-to-node=\"29,7,0,0\" data-index-in-node=\"0\">Modo de enfriamiento<\/b><\/span><\/td>\n<td><span data-path-to-node=\"29,7,1,0\">Enfriador de agua CW-3000\/5000\/5200 (Seg\u00fan potencia)<\/span><\/td>\n<\/tr>\n<tr>\n<td><span data-path-to-node=\"29,8,0,0\"><b data-path-to-node=\"29,8,0,0\" data-index-in-node=\"0\">Velocidad m\u00e1xima<\/b><\/span><\/td>\n<td><span data-path-to-node=\"29,8,1,0\">Grabado: 600 mm\/s; Corte: 400 mm\/s<\/span><\/td>\n<\/tr>\n<tr>\n<td><span data-path-to-node=\"29,9,0,0\"><b data-path-to-node=\"29,9,0,0\" data-index-in-node=\"0\">Conectividad<\/b><\/span><\/td>\n<td><span data-path-to-node=\"29,9,1,0\">USB, Ethernet (LAN), Disco U (Offline)<\/span><\/td>\n<\/tr>\n<tr>\n<td><span data-path-to-node=\"29,10,0,0\"><b data-path-to-node=\"29,10,0,0\" data-index-in-node=\"0\">Formatos Soportados<\/b><\/span><\/td>\n<td><span data-path-to-node=\"29,10,1,0\">DXF, AI, PLT, DST, DSB, BMP, JPG, PNG<\/span><\/td>\n<\/tr>\n<tr>\n<td><span data-path-to-node=\"29,11,0,0\"><b data-path-to-node=\"29,11,0,0\" data-index-in-node=\"0\">Fuente de alimentaci\u00f3n<\/b><\/span><\/td>\n<td><span data-path-to-node=\"29,11,1,0\">CA 110V\/220V \u00b110%, 50\/60Hz<\/span><\/td>\n<\/tr>\n<\/tbody>\n<\/table>\n<p><img loading=\"lazy\" decoding=\"async\" class=\"alignnone size-full wp-image-4023\" src=\"http:\/\/sdgloballaser.com\/wp-content\/uploads\/2026\/02\/002.webp\" alt=\"\" width=\"1440\" height=\"522\" srcset=\"https:\/\/sdgloballaser.com\/wp-content\/uploads\/2026\/02\/002.webp 1440w, https:\/\/sdgloballaser.com\/wp-content\/uploads\/2026\/02\/002-300x109.webp 300w, https:\/\/sdgloballaser.com\/wp-content\/uploads\/2026\/02\/002-1024x371.webp 1024w, https:\/\/sdgloballaser.com\/wp-content\/uploads\/2026\/02\/002-768x278.webp 768w, https:\/\/sdgloballaser.com\/wp-content\/uploads\/2026\/02\/002-18x7.webp 18w, https:\/\/sdgloballaser.com\/wp-content\/uploads\/2026\/02\/002-600x218.webp 600w\" sizes=\"auto, (max-width: 1440px) 100vw, 1440px\" \/> <img loading=\"lazy\" decoding=\"async\" class=\"alignnone size-full wp-image-4022\" src=\"http:\/\/sdgloballaser.com\/wp-content\/uploads\/2026\/02\/006.webp\" alt=\"\" width=\"1440\" height=\"1042\" srcset=\"https:\/\/sdgloballaser.com\/wp-content\/uploads\/2026\/02\/006.webp 1440w, https:\/\/sdgloballaser.com\/wp-content\/uploads\/2026\/02\/006-300x217.webp 300w, https:\/\/sdgloballaser.com\/wp-content\/uploads\/2026\/02\/006-1024x741.webp 1024w, https:\/\/sdgloballaser.com\/wp-content\/uploads\/2026\/02\/006-768x556.webp 768w, https:\/\/sdgloballaser.com\/wp-content\/uploads\/2026\/02\/006-18x12.webp 18w, https:\/\/sdgloballaser.com\/wp-content\/uploads\/2026\/02\/006-600x434.webp 600w\" sizes=\"auto, (max-width: 1440px) 100vw, 1440px\" \/><\/p>\n<p>&nbsp;<\/p>","protected":false},"excerpt":{"rendered":"<p>The GlobalLaser Elite 1390 is a fully-loaded, high-speed CO2 laser system engineered for serious commercial fabrication. With a massive 1300x900mm working area, this zero-compromise machine delivers relentless precision and rapid ROI for large-scale non-metallic processing.<\/p>\n<p>Target Audience: Commercial sign makers, medium-to-large fabrication facilities, and contract manufacturers.<\/p>\n<p>Key Industries: Illuminated acrylic signage, solid wood furniture components, architectural models, and heavy textile\/leather processing.<\/p>\n<p>Core Advantage: Effortlessly handles full-sized material sheets, drastically reducing preparation time and labor costs.<\/p>","protected":false},"featured_media":4009,"comment_status":"open","ping_status":"closed","template":"","meta":{"_gspb_post_css":""},"product_brand":[],"product_cat":[45],"product_tag":[],"class_list":{"0":"post-3536","1":"product","2":"type-product","3":"status-publish","4":"has-post-thumbnail","6":"product_cat-laser-engraving-machine","8":"first","9":"instock","10":"shipping-taxable","11":"purchasable","12":"product-type-simple"},"_links":{"self":[{"href":"https:\/\/sdgloballaser.com\/es\/wp-json\/wp\/v2\/product\/3536","targetHints":{"allow":["GET"]}}],"collection":[{"href":"https:\/\/sdgloballaser.com\/es\/wp-json\/wp\/v2\/product"}],"about":[{"href":"https:\/\/sdgloballaser.com\/es\/wp-json\/wp\/v2\/types\/product"}],"replies":[{"embeddable":true,"href":"https:\/\/sdgloballaser.com\/es\/wp-json\/wp\/v2\/comments?post=3536"}],"wp:featuredmedia":[{"embeddable":true,"href":"https:\/\/sdgloballaser.com\/es\/wp-json\/wp\/v2\/media\/4009"}],"wp:attachment":[{"href":"https:\/\/sdgloballaser.com\/es\/wp-json\/wp\/v2\/media?parent=3536"}],"wp:term":[{"taxonomy":"product_brand","embeddable":true,"href":"https:\/\/sdgloballaser.com\/es\/wp-json\/wp\/v2\/product_brand?post=3536"},{"taxonomy":"product_cat","embeddable":true,"href":"https:\/\/sdgloballaser.com\/es\/wp-json\/wp\/v2\/product_cat?post=3536"},{"taxonomy":"product_tag","embeddable":true,"href":"https:\/\/sdgloballaser.com\/es\/wp-json\/wp\/v2\/product_tag?post=3536"}],"curies":[{"name":"wp","href":"https:\/\/api.w.org\/{rel}","templated":true}]}}