{"id":3,"date":"2025-05-06T02:42:04","date_gmt":"2025-05-06T02:42:04","guid":{"rendered":"https:\/\/sdgloballaser.com\/?page_id=3"},"modified":"2026-02-10T01:29:58","modified_gmt":"2026-02-10T01:29:58","slug":"privacy-policy","status":"publish","type":"page","link":"https:\/\/sdgloballaser.com\/es\/privacy-policy\/","title":{"rendered":"pol\u00edtica de privacidad"},"content":{"rendered":"<div class=\"wp-block-greenshift-blocks-row alignfull gspb_row gspb_row-id-gsbp-1f0ba81\" id=\"gspb_row-id-gsbp-1f0ba81\"><div class=\"gspb_backgroundOverlay\"><\/div><div class=\"gspb_row__content\"> \n<div class=\"wp-block-greenshift-blocks-row-column gspb_row__col--12 gspb_col-id-gsbp-bb0f304\" id=\"gspb_col-id-gsbp-bb0f304\">\n<h1 id=\"gspb_heading-id-gsbp-89552de\" class=\"gspb_heading gspb_heading-id-gsbp-89552de\" data-aos=\"zoom-out-right\" data-aos-easing=\"ease\" data-aos-duration=\"800\" data-aos-once=\"true\">pol\u00edtica de privacidad<\/h1>\n\n\n\n<div class=\"wp-block-greenshift-blocks-iconlist gspb_iconsList gspb_iconsList-id-gsbp-f8be098\" id=\"gspb_iconsList-id-gsbp-f8be098\" data-aos=\"zoom-out-right\" data-aos-easing=\"ease\" data-aos-duration=\"800\" data-aos-once=\"true\"><div class=\"gspb_iconsList__item\" data-id=\"0\"><svg class=\"\" style=\"display:inline-block;vertical-align:middle\" width=\"18\" height=\"18\" viewbox=\"0 0 1024 1024\" xmlns=\"http:\/\/www.w3.org\/2000\/svg\"><path style=\"fill:#565D66\" d=\"M512 16c274 0 496 222 496 496s-222 496-496 496-496-222-496-496 222-496 496-496zM739.8 478l-271-271c-18.8-18.8-49.2-18.8-67.8 0l-34 34c-18.8 18.8-18.8 49.2 0 67.8l203.2 203.2-203.2 203.2c-18.8 18.8-18.8 49.2 0 67.8l34 34c18.8 18.8 49.2 18.8 67.8 0l271-271c18.8-18.8 18.8-49.2 0-68z\"><\/path><\/svg><span class=\"gspb_iconsList__item__text\"><a href=\"https:\/\/sdgloballaser.com\/es\/home\/\" data-type=\"link\" data-id=\"https:\/\/chemsta.net\/\">Volver a la p\u00e1gina de inicio<\/a><\/span><\/div><\/div>\n<\/div>\n <\/div><\/div>\n\n\n\n<div class=\"wp-block-greenshift-blocks-row alignfull gspb_row gspb_row-id-gsbp-5fd8261\" id=\"gspb_row-id-gsbp-5fd8261\"><div class=\"gspb_row__content\"> \n<div class=\"wp-block-greenshift-blocks-row-column gspb_row__col--12 gspb_col-id-gsbp-c47f809\" id=\"gspb_col-id-gsbp-c47f809\">\n<p>Global Laser se compromete a proteger su privacidad y a ganarse su confianza. Global Laser no vende, intercambia ni alquila su informaci\u00f3n personal a terceros. Esta pol\u00edtica divulga las pr\u00e1cticas de privacidad del sitio web de Global Laser. Utilizamos la informaci\u00f3n que recopilamos sobre usted del sitio web de Global Laser para procesar pedidos y mantener una relaci\u00f3n con usted durante el uso de nuestros productos y servicios. Esta pol\u00edtica explica c\u00f3mo se protege su informaci\u00f3n personal. Nuestra intenci\u00f3n es brindarle el mayor control posible sobre su privacidad, su informaci\u00f3n personal y el uso que hacemos de ella en nuestro negocio.<\/p>\n\n\n\n<h4 class=\"wp-block-heading\" id=\"gspb_heading-id-gsbp-ff65a8c\">\u00bfC\u00d3MO UTILIZA GLOBAL LASER MI INFORMACI\u00d3N?<\/h4>\n\n\n\n<p>Recopilamos informaci\u00f3n personal para ayudarnos a brindar una experiencia de usuario de alta calidad y para ayudar a Panel a comprender mejor a nuestros clientes. Global Laser no vende, comercializa ni alquila su informaci\u00f3n personal a terceros. La informaci\u00f3n personal que usted elige proporcionarnos permite a Global Laser procesar y cumplir su solicitud de una prueba gratuita del Centro de Capacitaci\u00f3n de Panel. Tambi\u00e9n utilizamos esa informaci\u00f3n si decide solicitar nuestros productos y servicios para procesar y completar su pedido y notificarle el estado de su pedido.<br>1. Utilizamos la informaci\u00f3n personal que nos proporciona para brindarle informaci\u00f3n actualizada sobre los productos y servicios de SDGlobal Laser.<br>2. Podemos usar la informaci\u00f3n que recopilamos para notificarle de vez en cuando sobre cambios importantes en la funcionalidad del sitio web, nuevos servicios y productos de Global Laser, y ofertas especiales que creemos que encontrar\u00e1 valiosas.<br>3. Cuando nos proporciona informaci\u00f3n personal para participar en un concurso o promoci\u00f3n patrocinado por Global Laser o sus socios, utilizamos esta informaci\u00f3n para administrar el concurso y notificar a los ganadores. Almacenamos toda la informaci\u00f3n relacionada con dichos concursos y promociones.<br>4. Utilizaremos la informaci\u00f3n personal que nos proporcione para enviarle anuncios o promociones personalizadas. No permitimos que los anunciantes accedan a la informaci\u00f3n de las cuentas individuales. Estos anuncios suelen ser banners y correos electr\u00f3nicos promocionales.<br>5. Tambi\u00e9n investigamos la demograf\u00eda, los intereses y el comportamiento de nuestros usuarios bas\u00e1ndonos en la informaci\u00f3n que nos proporcionan en nuestra herramienta de encuestas en l\u00ednea. Recopilamos y analizamos esta informaci\u00f3n de forma agregada o an\u00f3nima.<br>6. Utilizamos las direcciones IP que recopilamos para informar informaci\u00f3n agregada o an\u00f3nima a nuestros anunciantes.<\/p>\n\n\n\n<h4 class=\"wp-block-heading\" id=\"gspb_heading-id-gsbp-de15d89\">\u00bfQUI\u00c9N RECOPILA LA INFORMACI\u00d3N?<\/h4>\n\n\n\n<p>Cuando usted proporciona informaci\u00f3n personal en un sitio de Global Laser, usted comparte esa informaci\u00f3n solo con Global Laser a menos que se le indique lo contrario espec\u00edficamente. Si una empresa distinta de Global Laser est\u00e1 recopilando o manteniendo sus datos personales de nuestro sitio web, se le informar\u00e1 antes de que se recopilen o transfieran. Siempre puede optar por no compartir la informaci\u00f3n. Cuando empresas distintas de Global Laser patrocinan promociones, los datos recopilados en el sitio de Global Laser en relaci\u00f3n con estas promociones pueden ser compartidos con el patrocinador. Una vez m\u00e1s, si este es el caso, se le notificar\u00e1 antes de que se recopilen o transfieran los datos, y usted puede decidir no participar. La mayor\u00eda de estas promociones est\u00e1n limitadas a residentes de Estados Unidos o Norteam\u00e9rica. Si abandona nuestro sitio web utilizando enlaces para ir a otros sitios web de terceros, esos terceros pueden recopilar informaci\u00f3n sobre usted. Esta pol\u00edtica de privacidad no cubre las pr\u00e1cticas de esas empresas.<\/p>\n\n\n\n<h4 class=\"wp-block-heading\" id=\"gspb_heading-id-gsbp-fc6d8e4\">\u00bfGLOBAL LASER COMPARTE MI INFORMACI\u00d3N?<\/h4>\n\n\n\n<p>Aparte de lo establecido en esta pol\u00edtica, Global Laser no divulga ninguna de su informaci\u00f3n personal a terceros sin su permiso. Lea las siguientes secciones para obtener m\u00e1s informaci\u00f3n.<\/p>\n\n\n\n<h4 class=\"wp-block-heading\" id=\"gspb_heading-id-gsbp-7d2bbee\">OTRAS SITUACIONES<\/h4>\n\n\n\n<p>El Panel tambi\u00e9n podr\u00e1 divulgar su informaci\u00f3n cuando sea necesario para identificar, contactar o emprender acciones legales contra alguien que pueda estar causando da\u00f1os o interfiriendo con nuestros derechos o derechos de propiedad, los derechos de los usuarios u otros derechos. Asimismo, el Panel divulgar\u00e1 informaci\u00f3n cuando crea razonablemente que la ley lo exige o para cumplir con un proceso legal notificado al Panel o a su sitio web. Podremos divulgar su informaci\u00f3n personal si creemos de buena fe que debemos actuar en circunstancias urgentes para proteger la seguridad personal de los usuarios del Panel, su sitio web o el p\u00fablico.<\/p>\n\n\n\n<h4 class=\"wp-block-heading\" id=\"gspb_heading-id-gsbp-13c3252\">\u00bfC\u00d3MO PROTEGE GLOBAL LASER SU TARJETA DE CR\u00c9DITO E INFORMACI\u00d3N FINANCIERA?<\/h4>\n\n\n\n<p>Nos comprometemos a proteger la privacidad de la informaci\u00f3n de su tarjeta de cr\u00e9dito y cuenta financiera. No vendemos, intercambiamos ni alquilamos su informaci\u00f3n financiera ni de tarjeta de cr\u00e9dito. No compartimos esta informaci\u00f3n con nadie sin su permiso. Podemos proporcionar datos estad\u00edsticos sobre nuestros clientes a anunciantes, socios, proveedores y otros terceros de confianza. Estos datos son agregados o an\u00f3nimos y no contienen informaci\u00f3n que permita identificarle personalmente. Por ejemplo, no divulgaremos que usted compr\u00f3 un producto espec\u00edfico, pero s\u00ed podr\u00edamos divulgar estad\u00edsticas sobre cu\u00e1ntos clientes han comprado un producto espec\u00edfico. Cuando introduce la informaci\u00f3n de su tarjeta de cr\u00e9dito en nuestro sitio web, la transmitimos en formato cifrado mediante el protocolo de cifrado SSL (Secure Socket Layer), est\u00e1ndar en el sector.<\/p>\n\n\n\n<h4 class=\"wp-block-heading\" id=\"gspb_heading-id-gsbp-f618240\">SUS DERECHOS EN RELACI\u00d3N CON SUS DATOS PERSONALES<\/h4>\n\n\n\n<p>De acuerdo con esta Pol\u00edtica de Privacidad y Cookies, y por ley si reside en la UE, usted tiene derecho a:<br><br><em>-Solicitar acceso a sus datos personales.<\/em>&nbsp;Si resides en la UE, esto te permite recibir una copia de los datos personales que tenemos sobre ti y comprobar que los estamos tratando legalmente.<br><em>-Solicitar la correcci\u00f3n de los datos personales que conservamos sobre usted.<\/em>&nbsp;Esto le permite corregir cualquier informaci\u00f3n incompleta o inexacta que tengamos sobre usted.<br><em>-Solicitar la supresi\u00f3n de sus datos personales.&nbsp;<\/em>Esto le permite solicitarnos que eliminemos sus datos personales cuando no exista una raz\u00f3n v\u00e1lida para que continuemos proces\u00e1ndolos. Si reside en la UE, tambi\u00e9n tiene derecho a solicitarnos que eliminemos sus datos personales cuando haya ejercido su derecho de oposici\u00f3n al tratamiento (v\u00e9ase m\u00e1s abajo).<br><em>-Oponerse al tratamiento de sus datos personales.<\/em>&nbsp;Este derecho existe cuando nos basamos en un inter\u00e9s leg\u00edtimo como fundamento jur\u00eddico para el tratamiento de sus datos y existe alg\u00fan aspecto de su situaci\u00f3n particular que le lleva a oponerse al tratamiento de sus datos personales por este motivo. Tambi\u00e9n tiene derecho a oponerse cuando tratamos sus datos personales con fines de marketing directo.<br><em>-Solicitar la restricci\u00f3n del tratamiento de sus Datos Personales.<\/em>&nbsp;Esto le permite solicitarnos que suspendamos el tratamiento de sus datos personales, por ejemplo, si desea que verifiquemos su exactitud o el motivo de su tratamiento.<br><em>-Solicitar la transferencia de sus Datos Personales.<\/em>&nbsp;Si resides en la UE, te proporcionaremos a ti, o a un tercero que hayas elegido, tus datos personales en un formato estructurado, de uso com\u00fan y legible por m\u00e1quina. Ten en cuenta que este derecho solo se aplica a la informaci\u00f3n automatizada para cuyo uso nos diste tu consentimiento inicialmente o cuando utilizamos la informaci\u00f3n para ejecutar un contrato contigo.<br><em>-Retirar el consentimiento.&nbsp;<\/em>Este derecho solo existe cuando nos basamos en su consentimiento para procesar sus Datos Personales (\u201cRevocaci\u00f3n del Consentimiento\u201d). Si revoca su consentimiento, es posible que no podamos brindarle acceso a ciertas funcionalidades espec\u00edficas de nuestro Sitio. Le informaremos si este es el caso al momento de revocar su consentimiento.<\/p>\n\n\n\n<h4 class=\"wp-block-heading\" id=\"gspb_heading-id-gsbp-504bcd9\"><strong>QUEJAS<\/strong><\/h4>\n\n\n\n<p>Si desea presentar una queja sobre esta Pol\u00edtica de Privacidad o sobre nuestras pr\u00e1cticas en relaci\u00f3n con sus Datos Personales, p\u00f3ngase en contacto con nosotros en:&nbsp;<strong><a href=\"mailto:info@sdgloballaser.com\" data-type=\"mailto\" data-id=\"mailto:info@sdgloballaser.com\">info@sdgloballaser.com<\/a>.<\/strong>Responderemos a su queja lo antes posible.<br>Si considera que su queja no se ha resuelto adecuadamente, tenga en cuenta que, si reside en la UE, el RGPD le otorga el derecho a ponerse en contacto con su autoridad supervisora local de protecci\u00f3n de datos.<br><br>Archivos de registro: Su navegador env\u00eda autom\u00e1ticamente informaci\u00f3n de registro cada vez que accede a una p\u00e1gina web. Al usar los Servicios, nuestros servidores registran autom\u00e1ticamente cierta informaci\u00f3n que su navegador env\u00eda al visitar cualquier sitio web. Estos registros del servidor pueden incluir informaci\u00f3n como su solicitud web, direcci\u00f3n IP, tipo de navegador, p\u00e1ginas y URL de origen\/destino, n\u00famero de clics, nombres de dominio, p\u00e1ginas de destino, p\u00e1ginas visitadas y otra informaci\u00f3n similar.<\/p>\n\n\n\n<h4 class=\"wp-block-heading\" id=\"gspb_heading-id-gsbp-253d81e\"><strong>\u00bfDURANTE CU\u00c1NTO TIEMPO ALMACENAMOS SUS DATOS PERSONALES?<\/strong><\/h4>\n\n\n\n<p>Conservaremos su informaci\u00f3n mientras su cuenta est\u00e9 activa o sea razonablemente necesaria para los fines establecidos en \u00abC\u00f3mo usamos sus datos personales y por qu\u00e9\u00bb, a menos que solicite que eliminemos sus datos personales seg\u00fan se describe en \u00abSus derechos en relaci\u00f3n con sus datos personales\u00bb. Solo conservaremos sus datos personales durante el tiempo que razonablemente necesitemos para estos fines, a menos que la ley exija un per\u00edodo de retenci\u00f3n mayor (por ejemplo, para fines regulatorios). Esto puede incluir conservar sus datos personales despu\u00e9s de que haya desactivado su cuenta durante el tiempo necesario para que podamos perseguir intereses comerciales leg\u00edtimos, realizar auditor\u00edas, cumplir con las obligaciones legales (y demostrar dicho cumplimiento), resolver disputas y hacer cumplir nuestros acuerdos.<\/p>\n\n\n\n<h4 class=\"wp-block-heading\" id=\"gspb_heading-id-gsbp-fdf5979\"><strong>\u00bfQU\u00c9 SON LAS COOKIES Y C\u00d3MO LAS UTILIZA GLOBAL LASER?<\/strong><\/h4>\n\n\n\n<p>Algunas partes de nuestro sistema de gesti\u00f3n del aprendizaje utilizan \u201ccookies\u201d para poder reconocer inmediatamente a un usuario y atribuirle diferentes permisos asociados a las funciones del sistema. Una \u201ccookie\u201d es un fragmento de datos que se env\u00eda a su navegador desde un servidor web y que \u00e9ste almacena en el disco duro de su ordenador. La configuraci\u00f3n de su navegador debe estar configurada para aceptar cookies antes de que pueda iniciar sesi\u00f3n o personalizar. La mayor\u00eda de los navegadores est\u00e1n configurados para aceptar cookies, pero normalmente puede cambiar la configuraci\u00f3n de su navegador para rechazarlas. Global Laser no utiliza cookies para recuperar informaci\u00f3n personal sobre usted de su ordenador. Esta pol\u00edtica no cubre el uso de cookies por parte de ning\u00fan anunciante en nuestro sitio web. Global Laser utiliza cookies para: Localizar su nombre e informaci\u00f3n de cuenta cuando inicia sesi\u00f3n en su Centro de Formaci\u00f3n Global Laser para que pueda acceder a la informaci\u00f3n de su cuenta. Cuando inicia sesi\u00f3n, se establece la cookie, y cuando cierra sesi\u00f3n, se modifica la cookie. Estimar el tama\u00f1o de nuestra audiencia. Cada navegador que accede a Global Laser recibe una cookie \u00fanica, que se utiliza para calcular cu\u00e1ntas personas vuelven a nuestro sitio web, comparar el n\u00famero de visitantes registrados y no registrados en nuestro sitio, y utilizar los intereses y el comportamiento de los clientes para orientar nuestros anuncios. Ayudar a los socios de Global Laser a realizar un seguimiento de las visitas y completar las transacciones comerciales. Esta informaci\u00f3n se denomina a veces \u201cclickstream\u201d o \u201crastro de clics\u201d. Realizar un seguimiento del uso que usted hace de nuestras promociones, concursos y ventas. Cuando una promoci\u00f3n de Global Laser utiliza cookies, la informaci\u00f3n escrita en la cookie realiza un seguimiento del progreso del usuario a trav\u00e9s de la promoci\u00f3n (por ejemplo, entradas, env\u00edos y estado en los sorteos de premios). Medir el tr\u00e1fico a diversas \u00e1reas del sitio web de Global Laser. Medimos las \u00e1reas de la red de sitios web que visita y sus patrones de visita en conjunto. Esta investigaci\u00f3n nos ayuda a comprender en qu\u00e9 se parecen y en qu\u00e9 se diferencian nuestros clientes. Podemos utilizar esta informaci\u00f3n para personalizar la informaci\u00f3n y el dise\u00f1o de nuestro sitio web.<\/p>\n<\/div>\n <\/div><\/div>","protected":false},"excerpt":{"rendered":"","protected":false},"author":1,"featured_media":0,"parent":0,"menu_order":0,"comment_status":"closed","ping_status":"open","template":"","meta":{"_gspb_post_css":"#gspb_row-id-gsbp-1f0ba81{justify-content:space-between;margin-top:0;margin-bottom:0;display:flex;flex-wrap:wrap;min-height:45vh}#gspb_row-id-gsbp-1f0ba81>.gspb_row__content{display:flex;justify-content:space-between;margin:0 auto;width:100%;flex-wrap:wrap;align-items:center}.gspb_row{position:relative}div[id^=gspb_col-id]{box-sizing:border-box;position:relative;padding:var(--gs-row-column-padding, 15px min(3vw, 20px))}@media (max-width:991.98px){#gspb_row-id-gsbp-1f0ba81{min-height:25vh}}@media (max-width:575.98px){#gspb_row-id-gsbp-1f0ba81{min-height:30vh}}#gspb_row-id-gsbp-1f0ba81{align-content:center}@media (max-width:575.98px){#gspb_row-id-gsbp-1f0ba81{padding-left:10px}}#gspb_row-id-gsbp-1f0ba81{background-size:cover;background-repeat:no-repeat;background-image:url(https:\/\/sdgloballaser.com\/wp-content\/uploads\/2025\/05\/30.jpg);isolation:isolate}#gspb_row-id-gsbp-1f0ba81:hover{background-size:cover}#gspb_row-id-gsbp-1f0ba81>.gspb_backgroundOverlay{position:absolute;top:0;left:0;width:100%;height:100%;z-index:-1;opacity:.93;background-image:linear-gradient(90deg,#0e3482 0,rgba(255,255,255,0) 100%)}#gspb_col-id-gsbp-bb0f304.gspb_row__col--12{width:100%}@media (max-width:575.98px){#gspb_col-id-gsbp-bb0f304.gspb_row__col--12{width:100%}}.gspb_row #gspb_col-id-gsbp-bb0f304.gspb_row__col--12{padding:0}#gspb_heading-id-gsbp-89552de{transition-duration:.8s;transition-timing-function:var(--gs-root-animation-easing, cubic-bezier(0.42, 0, 0.58, 1));opacity:var(--gs-root-animation-opacity, 0);transition-property:opacity,transform;transform:var(--gs-root-animation-transform, translate3d(calc(max(50px, 15%) * -1), 0, 0) scale(1.2));text-transform:capitalize;font-size:50px}#gspb_heading-id-gsbp-89552de.aos-animate,#gspb_heading-id-gsbp-89552de[data-gs-aos]{opacity:1;transform:translateZ(0) scale(1)}@media (max-width:575.98px){#gspb_heading-id-gsbp-89552de{font-size:35px}}#gspb_heading-id-gsbp-89552de{color:var(--wp--preset--color--palette-color-8, var(--theme-palette-color-8, #ffffff));margin-top:0;margin-bottom:0}#gspb_iconsList-id-gsbp-f8be098.gspb_iconsList .gspb_iconsList__item__text{margin-left:15px}#gspb_iconsList-id-gsbp-f8be098.gspb_iconsList .gspb_iconsList__item{display:flex;flex-direction:row;align-items:center;position:relative;transition:all .5s cubic-bezier(.42,0,.58,1)}#gspb_iconsList-id-gsbp-f8be098.gspb_iconsList .gspb_iconsList__item svg path{fill:var(--theme-link-initial-color, #2184f9)!important}body #gspb_iconsList-id-gsbp-f8be098.gspb_iconsList .gspb_iconsList__item img,body #gspb_iconsList-id-gsbp-f8be098.gspb_iconsList .gspb_iconsList__item svg{margin:0!important}#gspb_iconsList-id-gsbp-f8be098.gspb_iconsList .gspb_iconsList__item .wp-block a,#gspb_iconsList-id-gsbp-f8be098.gspb_iconsList .gspb_iconsList__item a{color:var(--wp--preset--color--palette-color-7, var(--theme-palette-color-7, #ffffff))}#gspb_iconsList-id-gsbp-f8be098.gspb_iconsList{transition-duration:.8s;transition-timing-function:var(--gs-root-animation-easing, cubic-bezier(0.42, 0, 0.58, 1));opacity:var(--gs-root-animation-opacity, 0);transition-property:opacity,transform;transform:var(--gs-root-animation-transform, translate3d(calc(max(50px, 15%) * -1), 0, 0) scale(1.2))}#gspb_iconsList-id-gsbp-f8be098.gspb_iconsList.aos-animate,#gspb_iconsList-id-gsbp-f8be098.gspb_iconsList[data-gs-aos]{opacity:1;transform:translateZ(0) scale(1);transition:all .5s cubic-bezier(.42,0,.58,1)}#gspb_iconsList-id-gsbp-f8be098.gspb_iconsList:hover{transform:translateX(-15px)}#gspb_iconsList-id-gsbp-f8be098.gspb_iconsList [data-id='0'] svg,#gspb_iconsList-id-gsbp-f8be098.gspb_iconsList [data-id='0'] svg path{fill:var(--wp--preset--color--palette-color-7, var(--theme-palette-color-7, #ffffff))!important}#gspb_iconsList-id-gsbp-f8be098.gspb_iconsList [data-id='0'] svg{margin:0!important;transform:rotateY(180deg)}#gspb_row-id-gsbp-5fd8261{justify-content:space-between;display:flex;flex-wrap:wrap;margin-top:50px;margin-bottom:100px}#gspb_row-id-gsbp-5fd8261>.gspb_row__content{display:flex;justify-content:space-between;margin:0 auto;width:100%;flex-wrap:wrap}body.gspb-bodyfront #gspb_row-id-gsbp-1f0ba81>.gspb_row__content,body.gspb-bodyfront #gspb_row-id-gsbp-5fd8261>.gspb_row__content{width:var(--theme-container-width, 1200px);max-width:var(--theme-normal-container-max-width, 1200px)}#gspb_col-id-gsbp-c47f809.gspb_row__col--12{width:100%}@media (max-width:575.98px){#gspb_col-id-gsbp-c47f809.gspb_row__col--12{width:100%}}","footnotes":""},"class_list":["post-3","page","type-page","status-publish","hentry"],"blocksy_meta":[],"_links":{"self":[{"href":"https:\/\/sdgloballaser.com\/es\/wp-json\/wp\/v2\/pages\/3","targetHints":{"allow":["GET"]}}],"collection":[{"href":"https:\/\/sdgloballaser.com\/es\/wp-json\/wp\/v2\/pages"}],"about":[{"href":"https:\/\/sdgloballaser.com\/es\/wp-json\/wp\/v2\/types\/page"}],"author":[{"embeddable":true,"href":"https:\/\/sdgloballaser.com\/es\/wp-json\/wp\/v2\/users\/1"}],"replies":[{"embeddable":true,"href":"https:\/\/sdgloballaser.com\/es\/wp-json\/wp\/v2\/comments?post=3"}],"version-history":[{"count":0,"href":"https:\/\/sdgloballaser.com\/es\/wp-json\/wp\/v2\/pages\/3\/revisions"}],"wp:attachment":[{"href":"https:\/\/sdgloballaser.com\/es\/wp-json\/wp\/v2\/media?parent=3"}],"curies":[{"name":"wp","href":"https:\/\/api.w.org\/{rel}","templated":true}]}}